{"id":31527,"date":"2021-06-18T10:19:57","date_gmt":"2021-06-18T14:19:57","guid":{"rendered":"https:\/\/www.biogasworld.com\/product\/uncategorized\/paques-biopaq-ic\/"},"modified":"2025-05-14T12:44:15","modified_gmt":"2025-05-14T16:44:15","slug":"paques-biopaq-ic","status":"publish","type":"product","link":"https:\/\/biogasworld.com\/fr\/product\/traitement-des-eaux\/traitement-biologique\/paques-biopaq-ic\/","title":{"rendered":"BIOPAQ\u00aeIC"},"content":{"rendered":"<h2><span style=\"color: #7f2860;\">BIOPAQ\u00aeIC : Traitement ana\u00e9robie des effluents industriels<\/span><\/h2>\n<p>Le BIOPAQ\u00aeIC (circulation interne) est un syst\u00e8me rentable de traitement ana\u00e9robie (sans air) des effluents industriels, qui vous permet de respecter les limites de rejet des effluents et de produire du biogaz en m\u00eame temps.<\/p>\n<p>Le r\u00e9acteur BIOPAQ\u00aeIC a \u00e9t\u00e9 d\u00e9velopp\u00e9 par Paques, en coop\u00e9ration avec des universit\u00e9s, des instituts de recherche et des clients. La recherche fondamentale et appliqu\u00e9e sur les aspects biologiques, physiques et m\u00e9caniques du syst\u00e8me a donn\u00e9 lieu \u00e0 une large gamme de CI, ce qui permet \u00e0 Paques de fournir \u00e0 chaque client un syst\u00e8me de traitement des eaux us\u00e9es sur mesure qui r\u00e9pond \u00e0 toutes les exigences du client.<\/p>\n<h3><span style=\"color: #006e93;\">A propos de BIOPAQ\u00aeIC<\/span><\/h3>\n<ul>\n<li>Technologie \u00e9prouv\u00e9e, &gt; 30 ans d&rsquo;exp\u00e9rience op\u00e9rationnelle<\/li>\n<li>&gt;1500 r\u00e9f\u00e9rences BIOPAQ\u00ae dans le monde<\/li>\n<li>Innovation continue<\/li>\n<li>Disponible pour tous types d&rsquo;industries<\/li>\n<li>Petite empreinte, \u00e9galement applicable en zone urbaine<\/li>\n<li>Production de biogaz riche en \u00e9nergie \u00a0\u00bb verte \u00ab\u00a0<\/li>\n<li>Une gamme compl\u00e8te de concepts standardis\u00e9s<\/li>\n<li>Des solutions sur mesure (int\u00e9rieur\/ext\u00e9rieur)<\/li>\n<li>Disponibilit\u00e9 dans le monde entier<\/li>\n<\/ul>\n<p><strong><span style=\"color: #006e93;\">Le processus BIOPAQ\u00aeIC expliqu\u00e9 :<\/span><\/strong><\/p>\n<p><iframe loading=\"lazy\" class=\"aligncenter\" src=\"https:\/\/www.youtube.com\/embed\/zoHb-Mb4-NI?mute=1&amp;autoplay=1\" width=\"560\" height=\"315\" frameborder=\"0\" allowfullscreen=\"allowfullscreen\"><\/iframe><\/p>\n<p><strong>Pour plus d&rsquo;informations, veuillez consulter notre site web \u00e0 l&rsquo;adresse suivante : <a href=\"https:\/\/en.paques.nl\/products\/featured\/biopaq-anaerobic-wastewater-treatment\/biopaqic\" target=\"_blank\" rel=\"noopener noreferrer\">https:\/\/en.paques.nl\/products\/featured\/biopaq-anaerobic-wastewater-treatment\/biopaqic<\/a><\/strong><\/p>\n<p><strong><span style=\"color: #006e93;\">Contactez-nous : <\/span><\/strong><br \/>\nAm\u00e9rique du Nord<br \/>\nBurlington (MA), \u00c9tats-Unis<br \/>\nt + 1 781 362 4636<br \/>\ne <a href=\"mailto:info.usa@paquesglobal.com\" target=\"_blank\" rel=\"noopener noreferrer\">info.usa@paquesglobal.com<\/a><\/p>\n<div style=\"align: left; text-align: center;\">\n<p><img loading=\"lazy\" decoding=\"async\" class=\"aligncenter wp-image-29839 size-full\" src=\"https:\/\/biogasworld.com\/wp-content\/uploads\/2017\/10\/BIOPAQ-IC.jpg\" alt=\"BIOPAQ\u00aeIC\" width=\"800\" height=\"533\" \/><\/p>\n<div class=\"caption\"><strong><span style=\"color: #006e93;\">BIOPAQ\u00aeIC &#8211; Canada &#8211; P\u00e2tes et papiers<br \/>\n94350 kg DCO\/jour<\/span><\/strong><\/div>\n<\/div>\n","protected":false},"excerpt":{"rendered":"R\u00e9duisez vos co\u00fbts de production et respectez les limites de rejet plus strictes gr\u00e2ce \u00e0 un syst\u00e8me rentable de traitement des effluents ana\u00e9robies.","protected":false},"featured_media":31417,"template":"","meta":{"_acf_changed":false,"content-type":""},"product_brand":[],"product_cat":[80,90],"product_tag":[],"class_list":{"0":"post-31527","1":"product","2":"type-product","3":"status-publish","4":"has-post-thumbnail","6":"product_cat-traitement-des-eaux","7":"product_cat-traitement-biologique","9":"first","10":"instock","11":"taxable","12":"shipping-taxable","13":"product-type-simple"},"acf":[],"_links":{"self":[{"href":"https:\/\/biogasworld.com\/fr\/wp-json\/wp\/v2\/product\/31527","targetHints":{"allow":["GET"]}}],"collection":[{"href":"https:\/\/biogasworld.com\/fr\/wp-json\/wp\/v2\/product"}],"about":[{"href":"https:\/\/biogasworld.com\/fr\/wp-json\/wp\/v2\/types\/product"}],"wp:featuredmedia":[{"embeddable":true,"href":"https:\/\/biogasworld.com\/fr\/wp-json\/wp\/v2\/media\/31417"}],"wp:attachment":[{"href":"https:\/\/biogasworld.com\/fr\/wp-json\/wp\/v2\/media?parent=31527"}],"wp:term":[{"taxonomy":"product_brand","embeddable":true,"href":"https:\/\/biogasworld.com\/fr\/wp-json\/wp\/v2\/product_brand?post=31527"},{"taxonomy":"product_cat","embeddable":true,"href":"https:\/\/biogasworld.com\/fr\/wp-json\/wp\/v2\/product_cat?post=31527"},{"taxonomy":"product_tag","embeddable":true,"href":"https:\/\/biogasworld.com\/fr\/wp-json\/wp\/v2\/product_tag?post=31527"}],"curies":[{"name":"wp","href":"https:\/\/api.w.org\/{rel}","templated":true}]}}