{"id":31529,"date":"2021-06-18T10:13:28","date_gmt":"2021-06-18T14:13:28","guid":{"rendered":"https:\/\/www.biogasworld.com\/product\/uncategorized\/paques-biopaq-afr\/"},"modified":"2025-05-14T12:44:00","modified_gmt":"2025-05-14T16:44:00","slug":"paques-biopaq-afr","status":"publish","type":"product","link":"https:\/\/biogasworld.com\/fr\/product\/traitement-des-eaux\/traitement-biologique\/paques-biopaq-afr\/","title":{"rendered":"BIOPAQ\u00aeAFR"},"content":{"rendered":"<h2><span style=\"color: #7f2860;\">BIOPAQ\u00aeAFR : Conversion des graisses ou des prot\u00e9ines en biogaz<\/span><\/h2>\n<p>Les eaux us\u00e9es contenant des graisses, des huiles ou des mati\u00e8res solides telles que des prot\u00e9ines ou de l&rsquo;amidon peuvent \u00eatre trait\u00e9es efficacement dans le BIOPAQ\u00aeAFR. Ce r\u00e9acteur de flottation ana\u00e9robie (AFR), avec un syst\u00e8me efficace de r\u00e9tention des boues, est un syst\u00e8me tout-en-un qui convertit les compos\u00e9s organiques en biogaz pr\u00e9cieux.<\/p>\n<p>Les eaux us\u00e9es de l&rsquo;industrie alimentaire sont particuli\u00e8rement adapt\u00e9es. Le bior\u00e9acteur de conception compacte traite les eaux us\u00e9es ayant une DCO de 5 \u00e0 70 g\/l avec des graisses v\u00e9g\u00e9tales ou animales avec des temps de r\u00e9tention hydrauliquement courts de 1 \u00e0 8 jours.<\/p>\n<p>Le contact intensif entre les flocons de bact\u00e9ries ouverts et les compos\u00e9s organiques, combin\u00e9 \u00e0 la r\u00e9tention de la biomasse dans l&rsquo;unit\u00e9 de flottation int\u00e9gr\u00e9e, est le facteur de succ\u00e8s de cette technologie.<\/p>\n<h3><span style=\"color: #006e93;\">Avantages de la BIOPAQ\u00aeAFR<\/span><\/h3>\n<ul>\n<li>Un maximum de biogaz est produit \u00e0 partir des mati\u00e8res solides.<\/li>\n<li>Aucun pr\u00e9traitement n&rsquo;est n\u00e9cessaire, les graisses et les prot\u00e9ines sont pour plus de 95% \u00e9limin\u00e9es dans l&rsquo;AFR.<\/li>\n<li>Combine les meilleures caract\u00e9ristiques des r\u00e9acteurs ana\u00e9robies compacts \u00e0 haut d\u00e9bit et du CSTR<\/li>\n<li>L&rsquo;AFR est un r\u00e9acteur compact : temps de r\u00e9tention hydraulique court et r\u00e9tention de biomasse longue<\/li>\n<li>Aucun produit chimique suppl\u00e9mentaire n&rsquo;est n\u00e9cessaire, et aucune boue chimique n&rsquo;est produite.<\/li>\n<li>La qualit\u00e9 de l&rsquo;effluent est \u00e9lev\u00e9e, les mati\u00e8res organiques solubles et les solides sont efficacement \u00e9limin\u00e9s.<\/li>\n<li>Il fournit une bonne solution pour le traitement robuste des graisses !<\/li>\n<\/ul>\n<p><strong><span style=\"color: #006e93;\"> Principe de fonctionnement<\/span><\/strong><br \/>\nLes bact\u00e9ries ana\u00e9robies (boues) transforment les compos\u00e9s organiques en biogaz. L&rsquo;influent est pomp\u00e9 dans le r\u00e9acteur, o\u00f9 les ascenseurs \u00e0 biogaz le m\u00e9langent intimement aux boues.<\/p>\n<p>Une unit\u00e9 de flottation int\u00e9gr\u00e9e retient les boues dans le r\u00e9acteur. Les boues sont pomp\u00e9es en continu du r\u00e9acteur vers l&rsquo;unit\u00e9 de flottation, o\u00f9 les solides et les graisses sont flott\u00e9s \u00e0 l&rsquo;aide de biogaz (ce qu&rsquo;on appelle les eaux blanches). La couche de flottation retombe dans le r\u00e9acteur pour une nouvelle digestion.<\/p>\n<p>L&rsquo;effluent purifi\u00e9 est extrait de sous la couche de flottation et ne contient pratiquement pas de solides. Le biogaz g\u00e9n\u00e9r\u00e9 quitte le r\u00e9acteur par le haut dans un tampon de gaz.<\/p>\n<p>L&rsquo;application d&rsquo;une unit\u00e9 de flottation int\u00e9gr\u00e9e entra\u00eene des concentrations \u00e9lev\u00e9es de boues et un long temps de r\u00e9tention des boues. Le temps de r\u00e9tention hydraulique, en revanche, est tr\u00e8s court. La conception du r\u00e9acteur est donc tr\u00e8s compacte.<\/p>\n<p><strong>Pour plus d&rsquo;informations, veuillez consulter notre site web \u00e0 l&rsquo;adresse suivante : <a href=\"https:\/\/en.paques.nl\/products\/featured\/biopaq-anaerobic-wastewater-treatment\/biopaqafr\" target=\"_blank\" rel=\"noopener noreferrer\">https:\/\/en.paques.nl\/products\/featured\/biopaq-anaerobic-wastewater-treatment\/biopaqafr<\/a><\/strong><\/p>\n<p><strong><span style=\"color: #006e93;\">Contactez-nous : <\/span><\/strong><br \/>\nAm\u00e9rique du Nord<br \/>\nBurlington (MA), \u00c9tats-Unis<br \/>\nt + 1 781 362 4636<br \/>\ne <a href=\"mailto:info.usa@paquesglobal.com\" target=\"_blank\" rel=\"noopener noreferrer\">info.usa@paquesglobal.com<\/a><\/p>\n<div style=\"align: left; text-align: center;\">\n<p><img loading=\"lazy\" decoding=\"async\" class=\"aligncenter wp-image-29839 size-full\" src=\"https:\/\/biogasworld.com\/wp-content\/uploads\/2021\/06\/BIOPAQ-AFR.jpg\" alt=\"BIOPAQ\u00aeAFR\" width=\"600\" height=\"413\" \/><\/p>\n<div class=\"caption\"><strong><span style=\"color: #006e93;\">BIOPAQ\u00aeAFR &#8211; Afrique du Sud &#8211; Alimentation (Volaille)<br \/>\n30000 kg DCO\/jour<br \/>\n<\/span><\/strong><\/div>\n<\/div>\n","protected":false},"excerpt":{"rendered":"Depuis plus de 40 ans, Paques aide les industries \u00e0 r\u00e9duire leurs empreintes carbone et sur l\u2019eau, et \u00e0 r\u00e9cup\u00e9rer des ressources pr\u00e9cieuses. Les syst\u00e8mes d\u2019\u00e9puration ana\u00e9robie de l\u2019eau con\u00e7us par Paques produisent de l\u2019\u00e9nergie (biogaz) \u00e0 partir des eaux us\u00e9es tout en \u00e9purant les eaux et en en facilitant la r\u00e9utilisation.","protected":false},"featured_media":31430,"template":"","meta":{"_acf_changed":false,"content-type":""},"product_brand":[],"product_cat":[80,90],"product_tag":[],"class_list":{"0":"post-31529","1":"product","2":"type-product","3":"status-publish","4":"has-post-thumbnail","6":"product_cat-traitement-des-eaux","7":"product_cat-traitement-biologique","9":"first","10":"instock","11":"taxable","12":"shipping-taxable","13":"product-type-simple"},"acf":[],"_links":{"self":[{"href":"https:\/\/biogasworld.com\/fr\/wp-json\/wp\/v2\/product\/31529","targetHints":{"allow":["GET"]}}],"collection":[{"href":"https:\/\/biogasworld.com\/fr\/wp-json\/wp\/v2\/product"}],"about":[{"href":"https:\/\/biogasworld.com\/fr\/wp-json\/wp\/v2\/types\/product"}],"wp:featuredmedia":[{"embeddable":true,"href":"https:\/\/biogasworld.com\/fr\/wp-json\/wp\/v2\/media\/31430"}],"wp:attachment":[{"href":"https:\/\/biogasworld.com\/fr\/wp-json\/wp\/v2\/media?parent=31529"}],"wp:term":[{"taxonomy":"product_brand","embeddable":true,"href":"https:\/\/biogasworld.com\/fr\/wp-json\/wp\/v2\/product_brand?post=31529"},{"taxonomy":"product_cat","embeddable":true,"href":"https:\/\/biogasworld.com\/fr\/wp-json\/wp\/v2\/product_cat?post=31529"},{"taxonomy":"product_tag","embeddable":true,"href":"https:\/\/biogasworld.com\/fr\/wp-json\/wp\/v2\/product_tag?post=31529"}],"curies":[{"name":"wp","href":"https:\/\/api.w.org\/{rel}","templated":true}]}}