{"id":31531,"date":"2021-06-18T10:10:49","date_gmt":"2021-06-18T14:10:49","guid":{"rendered":"https:\/\/www.biogasworld.com\/product\/uncategorized\/paques-biopaq-uasb\/"},"modified":"2025-05-14T12:43:54","modified_gmt":"2025-05-14T16:43:54","slug":"paques-biopaq-uasb","status":"publish","type":"product","link":"https:\/\/biogasworld.com\/fr\/product\/traitement-des-eaux\/traitement-biologique\/paques-biopaq-uasb\/","title":{"rendered":"BIOPAQ\u00ae UASB"},"content":{"rendered":"<h2><span style=\"color: #7f2860;\">BIOPAQ\u00aeUASB<\/span><\/h2>\n<p>Dans le bior\u00e9acteur BIOPAQ\u00aeUASB, les compos\u00e9s organiques sont transform\u00e9s en biogaz par des bact\u00e9ries en l&rsquo;absence d&rsquo;air. De cette fa\u00e7on, les co\u00fbts de rejet des effluents sont r\u00e9duits et, en m\u00eame temps, de l&rsquo;\u00e9nergie verte est produite.<\/p>\n<p>Le proc\u00e9d\u00e9 Upflow Anaerobic Sludge Blanket (UASB) est une m\u00e9thode fr\u00e9quemment appliqu\u00e9e dans le traitement biologique des effluents industriels. Paques applique la technologie BIOPAQ\u00aeUASB depuis plus de vingt ans et a standardis\u00e9 le r\u00e9acteur en un syst\u00e8me modulaire. Pr\u00e8s de quatre mille modules BIOPAQ\u00ae sont en service dans le monde, traitant 1 760 000 m3 d&rsquo;effluents par jour.<br \/>\nUn module a une capacit\u00e9 \u00e9quivalente \u00e0 environ 1 tonne de DCO\/jour (par exemple, 15 \u00e0 20 m3\/h). Cette approche modulaire permet de configurer n&rsquo;importe quelle disposition sp\u00e9cifique et exigence de capacit\u00e9.<\/p>\n<p>La technologie BIOPAQ\u00aeUASB est appliqu\u00e9e pour traiter une grande vari\u00e9t\u00e9 d&rsquo;effluents industriels et municipaux, allant de l&rsquo;alimentation, de la bi\u00e8re et des boissons aux p\u00e2tes et papiers, en passant par les produits chimiques et les eaux us\u00e9es municipales. Les modules sont disponibles \u00e0 travers un r\u00e9seau mondial de licenci\u00e9s.<\/p>\n<p>En outre, un programme de modernisation est disponible pour les installations UASB existantes. Paques a non seulement une grande exp\u00e9rience dans la mise \u00e0 jour des installations de Paques, mais aussi dans l&rsquo;am\u00e9lioration des produits d&rsquo;autres fournisseurs.<\/p>\n<p>&nbsp;<\/p>\n<h3><span style=\"color: #006e93;\">Avantages de BIOPAQ\u00aeUASB :<\/span><\/h3>\n<ul>\n<li>Elimination tr\u00e8s efficace de la DCO<\/li>\n<li>Production de biogaz, une source d&rsquo;\u00e9nergie durable<\/li>\n<li>Syst\u00e8me modulaire<\/li>\n<li>Petite hauteur de r\u00e9acteur<\/li>\n<li>Conception sans corrosion : garantie de dix ans<\/li>\n<li>Tout \u00e0 fait accessible pour l&rsquo;inspection et le nettoyage<\/li>\n<li>Syst\u00e8me ferm\u00e9 : aucune \u00e9mission d&rsquo;odeur<\/li>\n<\/ul>\n<p><strong><span style=\"color: #006e93;\">Principe de fonctionnement<\/span><\/strong><br \/>\nLe succ\u00e8s du bior\u00e9acteur BIOPAQ\u00aeUASB repose sur le s\u00e9parateur dit triphasique. Il permet au r\u00e9acteur de s\u00e9parer les m\u00e9langes de gaz, d&rsquo;eau et de boues dans des conditions de turbulence \u00e9lev\u00e9e. Cela permet des conceptions compactes.<\/p>\n<p>La conception brevet\u00e9e du BIOPAQ\u00aeUASB comporte plusieurs hottes \u00e0 gaz pour la s\u00e9paration du biogaz. Par cons\u00e9quent, les interfaces gaz\/eau extr\u00eamement larges r\u00e9duisent consid\u00e9rablement les turbulences, ce qui permet d&rsquo;obtenir des taux de chargement relativement \u00e9lev\u00e9s de 10 \u00e0 15 kg\/m3.jour. La s\u00e9paration dans le BIOPAQ\u00aeUASB n\u00e9cessite seulement 1,0 m\u00e8tre de hauteur, ce qui emp\u00eache les effets de flottation et, par cons\u00e9quent, les couches flottantes.<\/p>\n<p><strong>Pour plus d&rsquo;informations, veuillez consulter notre site web \u00e0 l&rsquo;adresse suivante : <a href=\"https:\/\/en.paques.nl\/products\/featured\/biopaq-anaerobic-wastewater-treatment\/biopaquasb\" target=\"_blank\" rel=\"noopener noreferrer\">https:\/\/en.paques.nl\/products\/featured\/biopaq-anaerobic-wastewater-treatment\/biopaquasb<\/a><\/strong><\/p>\n<p><strong><span style=\"color: #006e93;\">Contactez-nous : <\/span><\/strong><br \/>\nAm\u00e9rique du Nord<br \/>\nBurlington (MA), \u00c9tats-Unis<br \/>\nt + 1 781 362 4636<br \/>\ne <a href=\"mailto:info.usa@paquesglobal.com\" target=\"_blank\" rel=\"noopener noreferrer\">info.usa@paquesglobal.com<\/a><\/p>\n<div style=\"align: left; text-align: center;\">\n<p><img loading=\"lazy\" decoding=\"async\" class=\"aligncenter wp-image-29839 size-full\" src=\"https:\/\/biogasworld.com\/wp-content\/uploads\/2021\/06\/BIOPAQ-UASB.jpg\" alt=\"BIOPAQ\u00aeICX\" width=\"600\" height=\"413\" \/><\/p>\n<div class=\"caption\"><strong><span style=\"color: #006e93;\">BIOPAQ\u00aeUASB &#8211; Mexique &#8211; Brasseries et Boissons<br \/>\n7680 kg DCO\/jour<br \/>\n<\/span><\/strong><\/div>\n<\/div>\n","protected":false},"excerpt":{"rendered":"Depuis plus de 40 ans, Paques aide les industries \u00e0 r\u00e9duire leurs empreintes carbone et sur l\u2019eau, et \u00e0 r\u00e9cup\u00e9rer des ressources pr\u00e9cieuses. Les syst\u00e8mes d\u2019\u00e9puration ana\u00e9robie de l\u2019eau con\u00e7us par Paques produisent de l\u2019\u00e9nergie (biogaz) \u00e0 partir des eaux us\u00e9es tout en \u00e9purant les eaux et en en facilitant la r\u00e9utilisation.","protected":false},"featured_media":31437,"template":"","meta":{"_acf_changed":false,"content-type":""},"product_brand":[],"product_cat":[80,90],"product_tag":[],"class_list":{"0":"post-31531","1":"product","2":"type-product","3":"status-publish","4":"has-post-thumbnail","6":"product_cat-traitement-des-eaux","7":"product_cat-traitement-biologique","9":"first","10":"instock","11":"taxable","12":"shipping-taxable","13":"product-type-simple"},"acf":[],"_links":{"self":[{"href":"https:\/\/biogasworld.com\/fr\/wp-json\/wp\/v2\/product\/31531","targetHints":{"allow":["GET"]}}],"collection":[{"href":"https:\/\/biogasworld.com\/fr\/wp-json\/wp\/v2\/product"}],"about":[{"href":"https:\/\/biogasworld.com\/fr\/wp-json\/wp\/v2\/types\/product"}],"wp:featuredmedia":[{"embeddable":true,"href":"https:\/\/biogasworld.com\/fr\/wp-json\/wp\/v2\/media\/31437"}],"wp:attachment":[{"href":"https:\/\/biogasworld.com\/fr\/wp-json\/wp\/v2\/media?parent=31531"}],"wp:term":[{"taxonomy":"product_brand","embeddable":true,"href":"https:\/\/biogasworld.com\/fr\/wp-json\/wp\/v2\/product_brand?post=31531"},{"taxonomy":"product_cat","embeddable":true,"href":"https:\/\/biogasworld.com\/fr\/wp-json\/wp\/v2\/product_cat?post=31531"},{"taxonomy":"product_tag","embeddable":true,"href":"https:\/\/biogasworld.com\/fr\/wp-json\/wp\/v2\/product_tag?post=31531"}],"curies":[{"name":"wp","href":"https:\/\/api.w.org\/{rel}","templated":true}]}}