{"id":31533,"date":"2021-06-18T10:06:14","date_gmt":"2021-06-18T14:06:14","guid":{"rendered":"https:\/\/www.biogasworld.com\/product\/uncategorized\/paques-biopaq-uasbplus\/"},"modified":"2025-05-14T12:43:46","modified_gmt":"2025-05-14T16:43:46","slug":"paques-biopaq-uasbplus","status":"publish","type":"product","link":"https:\/\/biogasworld.com\/fr\/product\/traitement-des-eaux\/traitement-biologique\/paques-biopaq-uasbplus\/","title":{"rendered":"BIOPAQ\u00ae UASBplus"},"content":{"rendered":"<h2><span style=\"color: #7f2860;\">BIOPAQ\u00aeUASBplus<\/span><\/h2>\n<p>Alors que l&rsquo;accent est mis sur le recyclage de l&rsquo;eau, Paques anticipe les demandes de traitement des eaux us\u00e9es avec des niveaux de DCO plus \u00e9lev\u00e9s, une tendance d\u00e9j\u00e0 visible dans les industries de l&rsquo;alimentation et du bio\u00e9thanol. La technologie BIOPAQ\u00aeUASBplus a \u00e9t\u00e9 con\u00e7ue pour ce d\u00e9veloppement sp\u00e9cifique.<\/p>\n<p>BIOPAQ\u00aeUASBplus est une solution flexible pour le traitement ana\u00e9robie des effluents \u00e0 un faible co\u00fbt total de possession. Elle peut \u00eatre appliqu\u00e9e \u00e0 une large gamme de types d&rsquo;eaux us\u00e9es et est sp\u00e9cifiquement adapt\u00e9e au traitement des eaux us\u00e9es concentr\u00e9es dont la DCO est comprise entre 15 000 et 60 000 mg\/l.<\/p>\n<p>Dans le bior\u00e9acteur BIOPAQ\u00aeUASBplus, les compos\u00e9s organiques (DCO) sont convertis en biogaz par les bact\u00e9ries en l&rsquo;absence d&rsquo;air. De cette fa\u00e7on, les co\u00fbts de rejet des effluents sont r\u00e9duits et, en m\u00eame temps, une \u00e9nergie verte est produite.<\/p>\n<p>Ce syst\u00e8me excelle gr\u00e2ce \u00e0 la conception tr\u00e8s efficace de son s\u00e9parateur. Celui-ci assure une collecte tr\u00e8s efficace du biogaz et une r\u00e9tention optimale de la biomasse. Le s\u00e9parateur modulaire peut \u00eatre mont\u00e9 dans tout r\u00e9servoir neuf ou existant (acier soud\u00e9, acier boulonn\u00e9, b\u00e9ton ou GRP).<\/p>\n<p>&nbsp;<\/p>\n<h3><span style=\"color: #006e93;\">BIOPAQ\u00aeUASBplus est la meilleure solution de Paques pour:<\/span><\/h3>\n<ul>\n<li>Toute industrie dont les eaux us\u00e9es contiennent des concentrations \u00e9lev\u00e9es de polluants organiques solubles<\/li>\n<li>Les clients qui veulent moderniser leur installation de traitement des eaux us\u00e9es existante<\/li>\n<li>BIOPAQ\u00aeUASBplus est d\u00e9j\u00e0 appliqu\u00e9 avec succ\u00e8s dans plusieurs installations \u00e0 l&rsquo;\u00e9chelle industrielle. Une installation pilote est disponible pour des essais sur site.<\/li>\n<\/ul>\n<p>&nbsp;<\/p>\n<h3><span style=\"color: #006e93;\">Avantages de BIOPAQ\u00aeUASBplus<\/span><\/h3>\n<ul>\n<li>Production d&rsquo;effluents de qualit\u00e9 constante<\/li>\n<li>Production de biogaz<\/li>\n<li>S\u00e9parateur triphas\u00e9 modulaire qui peut \u00eatre mont\u00e9 dans n&rsquo;importe quelle cuve neuve ou existante.<\/li>\n<li>Syst\u00e8me ferm\u00e9 : aucune \u00e9mission d&rsquo;odeur<\/li>\n<\/ul>\n<p>&nbsp;<\/p>\n<h3><span style=\"color: #006e93;\">Principe de fonctionnement<\/span><\/h3>\n<ul>\n<li>Le bior\u00e9acteur BIOPAQ\u00aeUASBplus contient un s\u00e9parateur triphas\u00e9 intelligent pour s\u00e9parer le biogaz g\u00e9n\u00e9r\u00e9 et la biomasse de l&rsquo;eau purifi\u00e9e.<\/li>\n<li>Caract\u00e9ristiques du s\u00e9parateur<\/li>\n<li>Collecte exceptionnelle de biogaz<\/li>\n<li>R\u00e9tention optimale de la biomasse<\/li>\n<li>Conception modulaire pour s&rsquo;adapter \u00e0 toutes les dimensions de r\u00e9servoir<\/li>\n<li>Buses de nettoyage int\u00e9gr\u00e9es pour minimiser le risque de colmatage<\/li>\n<li>Fait en polypropyl\u00e8ne de haute qualit\u00e9<\/li>\n<\/ul>\n<p><strong>Pour plus d&rsquo;informations, veuillez consulter notre site web \u00e0 l&rsquo;adresse suivante : <a href=\"https:\/\/en.paques.nl\/products\/featured\/biopaq-anaerobic-wastewater-treatment\/biopaquasbplus\" target=\"_blank\" rel=\"noopener noreferrer\">https:\/\/en.paques.nl\/products\/featured\/biopaq-anaerobic-wastewater-treatment\/biopaquasbplus<\/a><\/strong><\/p>\n<p><strong><span style=\"color: #006e93;\">Contactez-nous : <\/span><\/strong><br \/>\nAm\u00e9rique du Nord<br \/>\nBurlington (MA), \u00c9tats-Unis<br \/>\nt + 1 781 362 4636<br \/>\ne <a href=\"mailto:info.usa@paquesglobal.com\" target=\"_blank\" rel=\"noopener noreferrer\">info.usa@paquesglobal.com<\/a><\/p>\n<div style=\"align: left; text-align: center;\">\n<p><img loading=\"lazy\" decoding=\"async\" class=\"aligncenter wp-image-29839 size-full\" src=\"https:\/\/biogasworld.com\/wp-content\/uploads\/2021\/06\/BIOPAQ-UASB-PLUS-min.jpg\" alt=\"BIOPAQ\u00aeUASBplus\" width=\"600\" height=\"413\" \/><\/p>\n<div class=\"caption\"><strong><span style=\"color: #006e93;\">BIOPAQ\u00aeUASBplus &#8211; USA &#8211; Alimentation<br \/>\n9072 kg DCO\/jour<br \/>\n<\/span><\/strong><\/div>\n<\/div>\n","protected":false},"excerpt":{"rendered":"Depuis plus de 40 ans, Paques aide les industries \u00e0 r\u00e9duire leurs empreintes carbone et sur l\u2019eau, et \u00e0 r\u00e9cup\u00e9rer des ressources pr\u00e9cieuses. Les syst\u00e8mes d\u2019\u00e9puration ana\u00e9robie de l\u2019eau con\u00e7us par Paques produisent de l\u2019\u00e9nergie (biogaz) \u00e0 partir des eaux us\u00e9es tout en \u00e9purant les eaux et en en facilitant la r\u00e9utilisation.","protected":false},"featured_media":31443,"template":"","meta":{"_acf_changed":false,"content-type":""},"product_brand":[],"product_cat":[80,90],"product_tag":[],"class_list":{"0":"post-31533","1":"product","2":"type-product","3":"status-publish","4":"has-post-thumbnail","6":"product_cat-traitement-des-eaux","7":"product_cat-traitement-biologique","9":"first","10":"instock","11":"taxable","12":"shipping-taxable","13":"product-type-simple"},"acf":[],"_links":{"self":[{"href":"https:\/\/biogasworld.com\/fr\/wp-json\/wp\/v2\/product\/31533","targetHints":{"allow":["GET"]}}],"collection":[{"href":"https:\/\/biogasworld.com\/fr\/wp-json\/wp\/v2\/product"}],"about":[{"href":"https:\/\/biogasworld.com\/fr\/wp-json\/wp\/v2\/types\/product"}],"wp:featuredmedia":[{"embeddable":true,"href":"https:\/\/biogasworld.com\/fr\/wp-json\/wp\/v2\/media\/31443"}],"wp:attachment":[{"href":"https:\/\/biogasworld.com\/fr\/wp-json\/wp\/v2\/media?parent=31533"}],"wp:term":[{"taxonomy":"product_brand","embeddable":true,"href":"https:\/\/biogasworld.com\/fr\/wp-json\/wp\/v2\/product_brand?post=31533"},{"taxonomy":"product_cat","embeddable":true,"href":"https:\/\/biogasworld.com\/fr\/wp-json\/wp\/v2\/product_cat?post=31533"},{"taxonomy":"product_tag","embeddable":true,"href":"https:\/\/biogasworld.com\/fr\/wp-json\/wp\/v2\/product_tag?post=31533"}],"curies":[{"name":"wp","href":"https:\/\/api.w.org\/{rel}","templated":true}]}}