{"id":31542,"date":"2021-06-18T10:04:41","date_gmt":"2021-06-18T14:04:41","guid":{"rendered":"https:\/\/www.biogasworld.com\/product\/uncategorized\/paques-thiopaq\/"},"modified":"2025-05-14T12:43:38","modified_gmt":"2025-05-14T16:43:38","slug":"paques-thiopaq","status":"publish","type":"product","link":"https:\/\/biogasworld.com\/fr\/product\/valorisation-du-biogaz\/pre-traitement\/paques-thiopaq\/","title":{"rendered":"THIOPAQ\u00ae- Biogas desulfurization"},"content":{"rendered":"<h2><span style=\"color: #efb22d;\">THIOPAQ\u00ae : La d\u00e9sulfuration du biogaz<\/span><\/h2>\n<p>Le biogaz est une importante source d&rsquo;\u00e9nergie renouvelable. Cependant, il contient toujours du sulfure d&rsquo;hydrog\u00e8ne (H2S). L&rsquo;\u00e9limination du H2S est n\u00e9cessaire pour la valorisation du biogaz, la r\u00e9duction des \u00e9missions et la limitation de la corrosion des \u00e9quipements tels que les moteurs \u00e0 gaz, les chaudi\u00e8res et les canalisations.<\/p>\n<p>Le THIOPAQ\u00ae a \u00e9t\u00e9 d\u00e9velopp\u00e9 par Paques en coop\u00e9ration avec des universit\u00e9s, des instituts de recherche et des clients. La recherche fondamentale et appliqu\u00e9e sur les aspects biologiques, physiques et m\u00e9caniques du syst\u00e8me a abouti \u00e0 un proc\u00e9d\u00e9 rentable et fiable.<\/p>\n<p>Gr\u00e2ce \u00e0 un d\u00e9veloppement continu, Paques est en mesure de fournir \u00e0 chaque client une solution de traitement des gaz sur mesure qui lui permet de produire du biogaz \u00e0 tr\u00e8s faible teneur en sulfure d&rsquo;hydrog\u00e8ne et d&rsquo;alimenter des micro-r\u00e9seaux locaux aliment\u00e9s au gaz, ou de transformer le gaz en biom\u00e9thane. En outre, le soufre \u00e9l\u00e9mentaire produit par le THIOPAQ\u00ae peut \u00eatre utilis\u00e9 comme engrais de haute qualit\u00e9.<\/p>\n<p>&nbsp;<\/p>\n<h3><span style=\"color: #006e93;\">A propos de THIOPAQ\u00ae<\/span><\/h3>\n<ul>\n<li>Technologie \u00e9prouv\u00e9e, &gt; 30 ans d&rsquo;exp\u00e9rience op\u00e9rationnelle<\/li>\n<li>&lt; 280 r\u00e9f\u00e9rences THIOPAQ\u00ae dans le monde<\/li>\n<li>Innovation continue.<\/li>\n<li>Fabrication et contr\u00f4le qualit\u00e9 en interne<\/li>\n<li>\u00c9limination profonde de l&rsquo;H\u2082S (jusqu&rsquo;\u00e0 &lt; 25 ppm)&lt;\/li.<\/li>\n<li>Haut temps de fonctionnement et processus fiable<\/li>\n<li>Faible co\u00fbt total de possession<\/li>\n<li>Aucune entr\u00e9e d&rsquo;air dans le biogaz<\/li>\n<li>Production d&rsquo;engrais de haute qualit\u00e9<\/li>\n<li>Aucun sous-produit dangereux<\/li>\n<\/ul>\n<p>&nbsp;<\/p>\n<h3><span style=\"color: #006e93;\">Principe de fonctionnement:<\/span><\/h3>\n<p>La solution caustique dans le laveur THIOPAQ\u00ae est r\u00e9g\u00e9n\u00e9r\u00e9e biologiquement en continu. Dans le laveur, le gaz contenant H\u2082S est mis en contact avec la solution de lavage \u00e0 contre-courant. L&rsquo;absorption de H\u2082S dans des conditions l\u00e9g\u00e8rement alcalines (pH 8-9) permet une r\u00e9action chimique avec les ions hydroxydes :<\/p>\n<p><img loading=\"lazy\" decoding=\"async\" class=\"aligncenter wp-image-29839 size-full\" src=\"https:\/\/biogasworld.com\/wp-content\/uploads\/2021\/06\/Thiopaq-1.png\" alt=\"\" width=\"250\" height=\"34\" \/><\/p>\n<p>Dans le bior\u00e9acteur, le sulfure est oxyd\u00e9 en soufre \u00e9l\u00e9mentaire par des bact\u00e9ries sulfidog\u00e8nes incolores autotrophes :<\/p>\n<p><img loading=\"lazy\" decoding=\"async\" class=\"aligncenter wp-image-29839 size-full\" src=\"https:\/\/biogasworld.com\/wp-content\/uploads\/2021\/06\/Thiopaq-2.png\" alt=\"\" width=\"250\" height=\"41\" \/><\/p>\n<p>L&rsquo;hydroxyde utilis\u00e9 dans l&rsquo;\u00e9purateur est r\u00e9g\u00e9n\u00e9r\u00e9 dans le bior\u00e9acteur. Comme la solution de lavage entrant dans le laveur par le haut est exempte de sulfures, une diff\u00e9rence de concentration \u00e9lev\u00e9e entre la phase liquide et la phase gazeuse permet d&rsquo;obtenir une efficacit\u00e9 d&rsquo;\u00e9limination du H\u2082S tr\u00e8s \u00e9lev\u00e9e : sup\u00e9rieure \u00e0 99,5 %. Le petit flux de purge (compos\u00e9 principalement de sels de sodium) et le soufre produit sont tous deux exempts de sulfure, de sorte que le rejet ne pose pas de probl\u00e8me.<\/p>\n<p>&nbsp;<\/p>\n<h3><span style=\"color: #006e93;\">Application<\/span><\/h3>\n<p>L&rsquo;\u00e9purateur THIOPAQ\u00ae peut \u00eatre appliqu\u00e9 \u00e0 une large gamme de flux de biogaz contenant du H2S et peut \u00eatre combin\u00e9 avec tous les syst\u00e8mes ana\u00e9robies biologiques, ainsi que traiter le gaz naturel et le gaz provenant d&rsquo;applications p\u00e9troli\u00e8res et gazi\u00e8res. Apr\u00e8s traitement dans l&rsquo;\u00e9purateur THIOPAQ\u00ae, le biogaz peut \u00eatre utilis\u00e9 dans un moteur \u00e0 gaz ou une chaudi\u00e8re ou peut \u00eatre transport\u00e9 et utilis\u00e9 pour alimenter un micro-r\u00e9seau local aliment\u00e9 au gaz. La valorisation en biom\u00e9thane, qui peut \u00eatre introduit dans le r\u00e9seau de distribution de gaz ou utilis\u00e9 comme carburant pour les v\u00e9hicules, est une autre possibilit\u00e9.<\/p>\n<ul>\n<li>Conceptions standard pour des d\u00e9bits de gaz de 30 \u00e0 3 000 scfm<\/li>\n<li>Conceptions standard pour une charge de soufre allant jusqu&rsquo;\u00e0 2 500 lbs\/d<\/li>\n<li>Conceptions sur mesure pour des d\u00e9bits et des charges de gaz plus \u00e9lev\u00e9s<\/li>\n<li>R\u00e9f\u00e9rences pour &gt; 10 000 Nm\u00b3\/h et des charges de soufre &gt; 5 tonnes S\/jour.<\/li>\n<\/ul>\n<p><img loading=\"lazy\" decoding=\"async\" class=\"aligncenter wp-image-29839 size-full\" src=\"https:\/\/biogasworld.com\/wp-content\/uploads\/2021\/06\/Thiopaq-3.png\" alt=\"\" width=\"487\" height=\"421\" \/><\/p>\n<p><strong><span style=\"color: #006e93;\">Le processus THIOPAQ\u00ae expliqu\u00e9 :<\/span><\/strong><\/p>\n<p><iframe loading=\"lazy\" class=\"aligncenter\" src=\"https:\/\/www.youtube.com\/embed\/c-x7vSZwSOs?mute=1&amp;autoplay=1\" width=\"560\" height=\"315\" frameborder=\"0\" allowfullscreen=\"allowfullscreen\"><\/iframe>.<\/p>\n<p><strong>Pour plus d&rsquo;informations, veuillez consulter notre site web \u00e0 l&rsquo;adresse suivante : <a href=\"https:\/\/en.paques.nl\/products\/featured\/thiopaq-biogas-desulfurization\" target=\"_blank\" rel=\"noopener noreferrer\">https:\/\/en.paques.nl\/products\/featured\/thiopaq-biogas-desulfurization<\/a><\/strong><\/p>\n<p><strong><span style=\"color: #006e93;\">Contactez-nous : <\/span><\/strong><br \/>\nAm\u00e9rique du Nord<br \/>\nBurlington (MA), \u00c9tats-Unis<br \/>\nt + 1 781 362 4636<br \/>\ne <a href=\"mailto:info.usa@paquesglobal.com\" target=\"_blank\" rel=\"noopener noreferrer\">info.usa@paquesglobal.com<\/a><\/p>\n<div style=\"align: left; text-align: center;\">\n<p><img loading=\"lazy\" decoding=\"async\" class=\"aligncenter wp-image-29839 size-full\" src=\"https:\/\/biogasworld.com\/wp-content\/uploads\/2021\/06\/THIOPAQ-channel-Island-1-min.jpg\" alt=\"THIOPAQ\u00ae\" width=\"600\" height=\"413\" \/><\/p>\n<div class=\"caption\"><strong><span style=\"color: #006e93;\">THIOPAQ\u00ae &#8211; USA &#8211; Produits laitiers<br \/>\n640 scfm<br \/>\n<\/span><\/strong><\/div>\n<p>&nbsp;<\/p>\n<\/div>\n","protected":false},"excerpt":{"rendered":"L&rsquo;\u00e9limination tr\u00e8s efficace du H2S dans le biogaz, avec un temps de fonctionnement \u00e9lev\u00e9, permet aux industries de r\u00e9pondre aux exigences strictes en mati\u00e8re de qualit\u00e9 du gaz.","protected":false},"featured_media":31456,"template":"","meta":{"_acf_changed":false,"content-type":""},"product_brand":[],"product_cat":[79,99],"product_tag":[],"class_list":{"0":"post-31542","1":"product","2":"type-product","3":"status-publish","4":"has-post-thumbnail","6":"product_cat-valorisation-du-biogaz","7":"product_cat-pre-traitement","9":"first","10":"instock","11":"taxable","12":"shipping-taxable","13":"product-type-simple"},"acf":[],"_links":{"self":[{"href":"https:\/\/biogasworld.com\/fr\/wp-json\/wp\/v2\/product\/31542","targetHints":{"allow":["GET"]}}],"collection":[{"href":"https:\/\/biogasworld.com\/fr\/wp-json\/wp\/v2\/product"}],"about":[{"href":"https:\/\/biogasworld.com\/fr\/wp-json\/wp\/v2\/types\/product"}],"wp:featuredmedia":[{"embeddable":true,"href":"https:\/\/biogasworld.com\/fr\/wp-json\/wp\/v2\/media\/31456"}],"wp:attachment":[{"href":"https:\/\/biogasworld.com\/fr\/wp-json\/wp\/v2\/media?parent=31542"}],"wp:term":[{"taxonomy":"product_brand","embeddable":true,"href":"https:\/\/biogasworld.com\/fr\/wp-json\/wp\/v2\/product_brand?post=31542"},{"taxonomy":"product_cat","embeddable":true,"href":"https:\/\/biogasworld.com\/fr\/wp-json\/wp\/v2\/product_cat?post=31542"},{"taxonomy":"product_tag","embeddable":true,"href":"https:\/\/biogasworld.com\/fr\/wp-json\/wp\/v2\/product_tag?post=31542"}],"curies":[{"name":"wp","href":"https:\/\/api.w.org\/{rel}","templated":true}]}}