{"id":31544,"date":"2021-06-18T10:02:47","date_gmt":"2021-06-18T14:02:47","guid":{"rendered":"https:\/\/www.biogasworld.com\/product\/uncategorized\/paques-anamox\/"},"modified":"2025-05-14T12:43:30","modified_gmt":"2025-05-14T16:43:30","slug":"paques-anamox","status":"publish","type":"product","link":"https:\/\/biogasworld.com\/fr\/product\/traitement-des-eaux\/traitement-biologique\/paques-anamox\/","title":{"rendered":"ANAMMOX"},"content":{"rendered":"<h2><span style=\"color: #c41e3a;\">ANAMMOX : \u00e9limination durable de l&rsquo;azote<\/span><\/h2>\n<p>Le proc\u00e9d\u00e9 ANAMMOX est un moyen tr\u00e8s rentable et durable d&rsquo;\u00e9liminer l&rsquo;ammonium des effluents et l&rsquo;ammoniac des gaz r\u00e9siduaires. Par rapport \u00e0 la nitrification\/d\u00e9nitrification conventionnelle, les \u00e9conomies sur les co\u00fbts op\u00e9rationnels peuvent atteindre jusqu&rsquo;\u00e0 60 %, tandis que les \u00e9missions de CO2 sont r\u00e9duites.<\/p>\n<p>La conversion ANAMMOX est un raccourci \u00e9l\u00e9gant dans le cycle naturel de l&rsquo;azote. Les bact\u00e9ries anammox transforment l&rsquo;ammonium (NH4+) et le nitrite (NO2-) en azote gazeux. Paques a d\u00e9velopp\u00e9 le proc\u00e9d\u00e9 \u00e0 des fins commerciales en coop\u00e9ration avec l&rsquo;universit\u00e9 de technologie de Delft et l&rsquo;universit\u00e9 de Nim\u00e8gue. Depuis le d\u00e9marrage de la premi\u00e8re usine \u00e0 grande \u00e9chelle en 2002, de nombreuses autres usines ANAMMOX ont \u00e9t\u00e9 mises en place dans le monde entier.<\/p>\n<h3><span style=\"color: #006e93;\">A propos d&rsquo;ANAMMOX<\/span><\/h3>\n<ul>\n<li>Technologie \u00e9prouv\u00e9e, &gt; 18 ans d&rsquo;exp\u00e9rience op\u00e9rationnelle<\/li>\n<li>&gt;65 r\u00e9f\u00e9rences ANAMMOX dans le monde<\/li>\n<li>Petite empreinte<\/li>\n<li>Syst\u00e8me robuste, supportant de fortes variations de charge<\/li>\n<li>Economie sur les co\u00fbts op\u00e9rationnels jusqu&rsquo;\u00e0 60%<\/li>\n<li>Economies sur la production de boues exc\u00e9dentaires<\/li>\n<li>Contr\u00f4le facile du processus dans une seule unit\u00e9 de r\u00e9acteur fonctionnant en continu<\/li>\n<li>Aucun ajout de source organique de carbono (m\u00e9thanol) n&rsquo;est n\u00e9cessaire.<\/li>\n<\/ul>\n<p><strong><span style=\"color: #006e93;\">Le proc\u00e9d\u00e9 ANAMMOX expliqu\u00e9:<\/span><\/strong><\/p>\n<p><iframe loading=\"lazy\" class=\"aligncenter\" src=\"https:\/\/www.youtube.com\/embed\/NJmOjJ87X68?mute=1&amp;autoplay=1\" width=\"560\" height=\"315\" frameborder=\"0\" allowfullscreen=\"allowfullscreen\"><\/iframe><\/p>\n<p><strong>Pour plus d&rsquo;informations, veuillez consulter notre site web \u00e0 l&rsquo;adresse suivante : <a href=\"https:\/\/en.paques.nl\/products\/featured\/ammonia-removal-anammox\" target=\"_blank\" rel=\"noopener noreferrer\">https:\/\/en.paques.nl\/products\/featured\/ammonia-removal-anammox<\/a><\/strong><\/p>\n<p><strong><span style=\"color: #006e93;\">Contactez-nous : <\/span><\/strong><br \/>\nAm\u00e9rique du Nord<br \/>\nBurlington (MA), \u00c9tats-Unis<br \/>\nt + 1 781 362 4636<br \/>\ne <a href=\"mailto:info.usa@paquesglobal.com\" target=\"_blank\" rel=\"noopener noreferrer\">info.usa@paquesglobal.com<\/a><\/p>\n<div style=\"align: left; text-align: center;\">\n<p><img loading=\"lazy\" decoding=\"async\" class=\"aligncenter wp-image-29839 size-full\" src=\"https:\/\/biogasworld.com\/wp-content\/uploads\/2021\/06\/ANAMMOX.png\" alt=\"ANAMMOX\" width=\"375\" height=\"455\" \/><\/p>\n<div class=\"caption\"><strong><span style=\"color: #006e93;\">ANAMMOX &#8211; Pays-Bas<br \/>\nEaux de rejet lat\u00e9rales et biosolides MAD<br \/>\n200 kg N\/jour<br \/>\n<\/span><\/strong><\/div>\n<\/div>\n","protected":false},"excerpt":{"rendered":"\u00c9limination rentable et durable de l&rsquo;ammonium des effluents et de l&rsquo;ammoniac des gaz d&rsquo;\u00e9chappement.","protected":false},"featured_media":31462,"template":"","meta":{"_acf_changed":false,"content-type":""},"product_brand":[],"product_cat":[80,90],"product_tag":[],"class_list":{"0":"post-31544","1":"product","2":"type-product","3":"status-publish","4":"has-post-thumbnail","6":"product_cat-traitement-des-eaux","7":"product_cat-traitement-biologique","9":"first","10":"instock","11":"taxable","12":"shipping-taxable","13":"product-type-simple"},"acf":[],"_links":{"self":[{"href":"https:\/\/biogasworld.com\/fr\/wp-json\/wp\/v2\/product\/31544","targetHints":{"allow":["GET"]}}],"collection":[{"href":"https:\/\/biogasworld.com\/fr\/wp-json\/wp\/v2\/product"}],"about":[{"href":"https:\/\/biogasworld.com\/fr\/wp-json\/wp\/v2\/types\/product"}],"wp:featuredmedia":[{"embeddable":true,"href":"https:\/\/biogasworld.com\/fr\/wp-json\/wp\/v2\/media\/31462"}],"wp:attachment":[{"href":"https:\/\/biogasworld.com\/fr\/wp-json\/wp\/v2\/media?parent=31544"}],"wp:term":[{"taxonomy":"product_brand","embeddable":true,"href":"https:\/\/biogasworld.com\/fr\/wp-json\/wp\/v2\/product_brand?post=31544"},{"taxonomy":"product_cat","embeddable":true,"href":"https:\/\/biogasworld.com\/fr\/wp-json\/wp\/v2\/product_cat?post=31544"},{"taxonomy":"product_tag","embeddable":true,"href":"https:\/\/biogasworld.com\/fr\/wp-json\/wp\/v2\/product_tag?post=31544"}],"curies":[{"name":"wp","href":"https:\/\/api.w.org\/{rel}","templated":true}]}}