{"id":34498,"date":"2019-07-03T16:05:43","date_gmt":"2019-04-03T20:05:43","guid":{"rendered":"https:\/\/www.biogasworld.com\/product\/uncategorized\/rotary-press-by-fournier\/"},"modified":"2023-02-28T17:36:15","modified_gmt":"2023-02-28T22:36:15","slug":"pressoir-rotatif-fournier","status":"publish","type":"product","link":"https:\/\/biogasworld.com\/fr\/product\/gestion-du-digestat\/deshydratation-du-digestat\/pressoir-rotatif-fournier\/","title":{"rendered":"Pressoir Rotatif Fournier"},"content":{"rendered":"<h2><span style=\"color: #000daa;\">Pressoir Rotatif Fournier<\/span><\/h2>\n<p><strong>Que ce soit le traitement des eaux us\u00e9es municipales ou industrielles, le Pressoir Rotatif Fournier repr\u00e9sente un changement complet dans la d\u00e9shydratation des boues.<\/strong><\/p>\n<p>Le principe de fonctionnement est simple. La boue est aliment\u00e9e \u00e0 basse pression dans le canal et se compacte entre deux \u00e9l\u00e9ments filtrants parall\u00e8les qui tournent lentement.<\/p>\n<p>Lorsque l\u2019eau libre passe \u00e0 travers les \u00e9l\u00e9ments filtrants, la boue continue sa rotation et s\u2019ass\u00e8che au fur et \u00e0 mesure qu\u2019elle se d\u00e9place \u00e0 l\u2019int\u00e9rieur du canal.<\/p>\n<p>La boue s\u2019accumule jusqu\u2019\u00e0 ce qu\u2019elle g\u00e9n\u00e8re suffisamment de contre-pression contre le clapet de restriction. Ce qui a pour r\u00e9sultat l\u2019extrusion d\u2019un g\u00e2teau tr\u00e8s sec.<\/p>\n<p>Une autre caract\u00e9ristique unique du Pressoir Rotatif est la possibilit\u00e9 de commander des unit\u00e9s pouvant \u00eatre agrandies \u00e0 une date ult\u00e9rieure. Cela permet aux clients de b\u00e9n\u00e9ficier d\u2019un co\u00fbt plus faible en capital au moment de l\u2019achat et la possibilit\u00e9 de se d\u00e9velopper pour des besoins futurs. N\u2019importe quelle combinaison de canaux peut \u00eatre obtenue, jusqu\u2019\u00e0 un maximum de 8 canaux par presse.<\/p>\n<p><strong>Avantages d&rsquo;op\u00e9ration<\/strong><\/p>\n<ul>\n<li>Proc\u00e9d\u00e9 en continu<\/li>\n<li>\u00c9quipement totalement ferm\u00e9 \u00e9liminant les odeurs et les contaminants atmosph\u00e9riques<\/li>\n<li>Tr\u00e8s simple \u00e0 utiliser<\/li>\n<li>Op\u00e9ration sans surveillance<\/li>\n<li>Peut \u00eatre enti\u00e8rement automatis\u00e9 et t\u00e9l\u00e9command\u00e9<\/li>\n<\/ul>\n<p><center><iframe loading=\"lazy\" src=\"https:\/\/www.youtube.com\/embed\/mXYdOHTAdpU?mute=1&amp;autoplay=1\" width=\"560\" height=\"315\" frameborder=\"0\" allowfullscreen=\"allowfullscreen\"><\/iframe><\/center>&nbsp;<\/p>\n<hr \/>\n<p>&nbsp;<\/p>\n<p><a href=\"https:\/\/biogasworld.com\/wp-content\/uploads\/2015\/07\/spec.png\"><img loading=\"lazy\" decoding=\"async\" class=\"aligncenter size-full wp-image-2164\" src=\"https:\/\/biogasworld.com\/wp-content\/uploads\/2015\/07\/spec.png\" alt=\"spec\" width=\"846\" height=\"1147\" srcset=\"https:\/\/biogasworld.com\/wp-content\/uploads\/2015\/07\/spec.png 846w, https:\/\/biogasworld.com\/wp-content\/uploads\/2015\/07\/spec-250x339.png 250w, https:\/\/biogasworld.com\/wp-content\/uploads\/2015\/07\/spec-184x250.png 184w, https:\/\/biogasworld.com\/wp-content\/uploads\/2015\/07\/spec-755x1024.png 755w\" sizes=\"auto, (max-width: 846px) 100vw, 846px\" \/><\/a><\/p>\n","protected":false},"excerpt":{"rendered":"La technologie du Pressoir Rotatif Fournier domine le march\u00e9 de la d\u00e9shydratation des boues, tant municipales qu\u2019industrielles \u00e0 travers le monde. Ce r\u00e9sultat est d\u00fb \u00e0 plusieurs ann\u00e9es de recherche et de d\u00e9veloppement ainsi que le souci d\u2019une constante am\u00e9lioration du produit.\r\n\r\nEn raison de sa fiabilit\u00e9 et sa simplicit\u00e9, le Pressoir Rotatif Fournier exige tr\u00e8s peu de supervision. C\u2019est la seule technologie de d\u00e9shydratation qui soit s\u00fbre pour le fonctionnement automatique, autonome et actionn\u00e9e \u00e0 distance.\r\n\r\nLes avantages d\u00e9coulant de l\u2019utilisation du Pressoir Rotatif ont \u00e9t\u00e9 bien document\u00e9s et se traduisent par des co\u00fbts d\u2019exploitation plus faibles pour le client gr\u00e2ce \u00e0 une tr\u00e8s faible consommation d\u2019\u00e9nergie, une haute siccit\u00e9 du g\u00e2teau, un fonctionnement simple, un faible co\u00fbt d\u2019entretien et une consommation r\u00e9duite de polym\u00e8re.","protected":false},"featured_media":2158,"template":"","meta":{"_acf_changed":false,"content-type":""},"product_brand":[],"product_cat":[515,496,86,87,185,188],"product_tag":[],"class_list":{"0":"post-34498","1":"product","2":"type-product","3":"status-publish","4":"has-post-thumbnail","6":"product_cat-deshydratation-du-digestat","7":"product_cat-digestate-thickening-and-dewatering","8":"product_cat-separation-solideliquide","9":"product_cat-presse","10":"product_cat-solidliquid-separator","11":"product_cat-press","13":"first","14":"instock","15":"taxable","16":"shipping-taxable","17":"product-type-simple"},"acf":[],"_links":{"self":[{"href":"https:\/\/biogasworld.com\/fr\/wp-json\/wp\/v2\/product\/34498","targetHints":{"allow":["GET"]}}],"collection":[{"href":"https:\/\/biogasworld.com\/fr\/wp-json\/wp\/v2\/product"}],"about":[{"href":"https:\/\/biogasworld.com\/fr\/wp-json\/wp\/v2\/types\/product"}],"wp:featuredmedia":[{"embeddable":true,"href":"https:\/\/biogasworld.com\/fr\/wp-json\/wp\/v2\/media\/2158"}],"wp:attachment":[{"href":"https:\/\/biogasworld.com\/fr\/wp-json\/wp\/v2\/media?parent=34498"}],"wp:term":[{"taxonomy":"product_brand","embeddable":true,"href":"https:\/\/biogasworld.com\/fr\/wp-json\/wp\/v2\/product_brand?post=34498"},{"taxonomy":"product_cat","embeddable":true,"href":"https:\/\/biogasworld.com\/fr\/wp-json\/wp\/v2\/product_cat?post=34498"},{"taxonomy":"product_tag","embeddable":true,"href":"https:\/\/biogasworld.com\/fr\/wp-json\/wp\/v2\/product_tag?post=34498"}],"curies":[{"name":"wp","href":"https:\/\/api.w.org\/{rel}","templated":true}]}}