{"id":35518,"date":"2021-12-06T09:38:48","date_gmt":"2021-12-06T14:38:48","guid":{"rendered":"https:\/\/www.biogasworld.com\/product\/uncategorized\/multistage-centrifugal-blowers-continental-industrie\/"},"modified":"2023-02-28T16:05:51","modified_gmt":"2023-02-28T21:05:51","slug":"surpresseurs-et-aspirateurs-centrifuges-multi-etages","status":"publish","type":"product","link":"https:\/\/biogasworld.com\/fr\/product\/biogas-management\/biogas-blowers\/surpresseurs-et-aspirateurs-centrifuges-multi-etages\/","title":{"rendered":"Surpresseurs et Aspirateurs Centrifuges Multi-\u00e9tag\u00e9s"},"content":{"rendered":"<h3><span style=\"color: #000daa;\">Surpresseurs et Aspirateurs Centrifuges Multi-\u00e9tag\u00e9s<\/span><\/h3>\n<p><strong>Plus de 40 ans d\u2019exp\u00e9rience en recherche, d\u00e9veloppement et fabrication de machines centrifuges avec plusieurs milliers de machines install\u00e9es.<\/strong><\/p>\n<p>Comme r\u00e9sultat de notre constante pr\u00e9occupation pour am\u00e9liorer nos performances et en consacrant une grande partie de nos ressources \u00e0 la recherche, nous avons adapt\u00e9 et modernis\u00e9 notre site afin de r\u00e9pondre \u00e0 une grande vari\u00e9t\u00e9 de demandes. Nos machines fonctionnent aujourd\u2019hui par syst\u00e8me de contr\u00f4le digital informatis\u00e9.<\/p>\n<p>Gr\u00e2ce \u00e0 cette modernisation, nous avons un meilleur contr\u00f4le de la production, et nous pouvons ainsi garantir \u00e0 nos clients une plus grande souplesse et des d\u00e9lais de livraison plus courts. De plus, les accessoires et les pi\u00e8ces de rechange peuvent \u00eatre envoy\u00e9s en 24 heures.<\/p>\n<p><strong><span style=\"color: #00d37d;\">Construction<\/span><\/strong><\/p>\n<ul>\n<li><strong>Corps:<\/strong> En fonction du mod\u00e8le, les flasques d\u2019aspiration et de refoulement ainsi que les sections interm\u00e9diaires, sont faites en fonte ou en aluminium coul\u00e9. Afin de respecter les conditions de pression, il est possible de varier le nombre d\u2019\u00e9tages avec un maximum de 10 pour les machines petites et de 7 pour les plus grandes. Les flasques et les sections interm\u00e9diaires sont embo\u00eet\u00e9es l\u2019une \u00e0 l\u2019autre et sont unies par des barres en acier. Les connections d\u2019entr\u00e9e et de sortie sont en g\u00e9n\u00e9rale mont\u00e9es verticalement, mais sur demande il est possible de les orienter diff\u00e9remment. L\u2019\u00e9tanch\u00e9it\u00e9 des composants est assur\u00e9e par l\u2019utilisation d\u2019un composant de scellage ou, dans certains cas par des joints toriques.<\/li>\n<li><strong>Assemblage Rotor<\/strong>: Les rotors sont coul\u00e9s dans un alliage d\u2019aluminium trait\u00e9, et dans certaines application sont fabriqu\u00e9s par rivetage. Tous les rotors sont statiquement \u00e9quilibr\u00e9s. L\u2019assemblage complet du rotor complet est \u00e9quilibr\u00e9 dynamiquement afin d\u2019assurer une amplitude de vibration minimum de 30 MIC pendant son fonctionnement. Il existe plusieurs types de turbines, par exemple radiales ou courbes, qui nous permettent de r\u00e9pondre parfaitement \u00e0 une grande vari\u00e9t\u00e9 de besoins.<\/li>\n<li><strong>Les Paliers<\/strong>: Les roulements sont mont\u00e9s sur des paliers en fonte. Ces paliers sont rigidement fix\u00e9s aux flasques de sortie et d\u2019entr\u00e9e, permettant ainsi un acc\u00e8s facile pour les op\u00e9rations habituelles de maintenance. Les roulements constituent le seul point de contact entre le stator et le rotor. L\u2019\u00e9tanch\u00e9it\u00e9 des paliers est assur\u00e9e par des tresses en graphite, ou sur les machines plus grandes par des bagues en carbone, qui sont unies par un ressort en acier inoxydable. Les fuites sont ainsi r\u00e9duites au minimum par ce type de scellage. Lorsque l\u2019on travaille aves des gaz dangereux, l\u2019\u00e9tanch\u00e9it\u00e9 est assur\u00e9e par un double scellage m\u00e9canique. Les paliers sont lubrifi\u00e9s par de la graisse pour les machines de plus de 5000 m3\/h ou par godet huileur pour les machines grandes.<\/li>\n<\/ul>\n<p><strong><span style=\"color: #00d37d;\">Performance<\/span><\/strong><br \/>\nLes surpresseurs et les aspirateurs de Continental Industrie sont des machines rotatives utilis\u00e9es pour augmenter la pression du gaz, de l\u2019air ambiant ou d\u2019un m\u00e9lange gazeux, par le biais de la force centrifuge transmise par un moteur \u00e9lectrique. Les performances sont directement li\u00e9es aux caract\u00e9ristiques suivantes: d\u00e9bit, pression diff\u00e9rentielle et consommation d\u2019\u00e9nergie. Un des principaux avantages est constitu\u00e9 par l\u2019inexistence de friction entre le rotor et le corps, ainsi l\u2019arbre pr\u00e9sente uniquement deux points de contact ; les paliers. Pour cette raison, la long\u00e9vit\u00e9 pr\u00e9vue de notre machine peut atteindre les 40 ans. Les performances de la machine peuvent \u00eatre alt\u00e9r\u00e9es par des facteurs externes, comme l\u2019accumulation de d\u00e9pots \u00e0 l\u2019entr\u00e9e du filtre, probl\u00e8me qu\u2019il est possible de r\u00e9soudre en suivant les instructions de maintenance ad\u00e9quates. Les performances varient aussi en fonction de la masse volumique du gaz trait\u00e9, en raison par exemple des variations de temp\u00e9rature ou de la pression d\u2019admission de la machine.<\/p>\n<p><strong><span style=\"color: #00d37d;\">Maintenance<\/span><\/strong><br \/>\nLe design des \u00e9quipements de Continental Industrie pr\u00e9sente l&rsquo;avantage de leur faible besoin de maintenance, gr\u00e2ce \u00e0 une maintenance pr\u00e9visionnelle il est possible d&rsquo;assurer un fonctionnement parfait. Vous pouvez aussi \u00e9valuer l&rsquo;\u00e9tat des composants et programmer leur remplacement.<\/p>\n<p>Ainsi, en sus des op\u00e9rations habituelles de lubrification men\u00e9es \u00e0 des laps de temps pr\u00e9alablement fix\u00e9s, il convient de disposer d&rsquo;un registre de chaque machine, o\u00f9 observer l&rsquo;\u00e9volution des param\u00e8tres qui refl\u00e8tent l&rsquo;\u00e9tat des pi\u00e8ces les plus habituellement sujettes \u00e0 une usure.<\/p>\n<p>Plus particuli\u00e8rement, il est conseill\u00e9 de mesurer r\u00e9guli\u00e8rement la vibration et la temp\u00e9rature du bo\u00eetier des paliers ; une \u00e9tude des donn\u00e9es ainsi obtenues apporte des informations pr\u00e9cieuses afin d&rsquo;\u00e9valuer le besoin de leur remplacement et programmer l&rsquo;intervention.<\/p>\n<p><strong>Pour obtenir plus d&rsquo;informations, rendez-vous sur <a href=\"https:\/\/www.continental-industrie.com\/fr\/produits\/compresseur-centrifuge-a-plusieurs-etages\">notre site Web<\/a>.<\/strong><\/p>\n","protected":false},"excerpt":{"rendered":"Les \u00e9quipements fournis par Continental Industrie sont un symbole de performance et de fiabilit\u00e9 pour tout ce qui concerne les applications li\u00e9es au gaz ou \u00e0 l\u2019air. Avec plus de 40 ans d\u2019exp\u00e9rience en recherche, d\u00e9veloppement et fabrication de surpresseurs et d\u2019aspirateurs centrifuges et plus de trente mille machines install\u00e9es. Les \u00e9quipements centrifuges de Continental Industrie sont un symbole de fiabilit\u00e9 et de confiance pour des travaux extr\u00eamement durs et continus, et ce, 24 heures sur 24 et sept jours sur sept.","protected":false},"featured_media":35517,"template":"","meta":{"_acf_changed":false,"content-type":""},"product_brand":[],"product_cat":[208,411,79,412],"product_tag":[],"class_list":{"0":"post-35518","1":"product","2":"type-product","3":"status-publish","4":"has-post-thumbnail","6":"product_cat-biogas-management","7":"product_cat-biogas-blowers","8":"product_cat-valorisation-du-biogaz","9":"product_cat-soufflantes-pour-biogaz","11":"first","12":"instock","13":"taxable","14":"shipping-taxable","15":"product-type-simple"},"acf":[],"_links":{"self":[{"href":"https:\/\/biogasworld.com\/fr\/wp-json\/wp\/v2\/product\/35518","targetHints":{"allow":["GET"]}}],"collection":[{"href":"https:\/\/biogasworld.com\/fr\/wp-json\/wp\/v2\/product"}],"about":[{"href":"https:\/\/biogasworld.com\/fr\/wp-json\/wp\/v2\/types\/product"}],"wp:featuredmedia":[{"embeddable":true,"href":"https:\/\/biogasworld.com\/fr\/wp-json\/wp\/v2\/media\/35517"}],"wp:attachment":[{"href":"https:\/\/biogasworld.com\/fr\/wp-json\/wp\/v2\/media?parent=35518"}],"wp:term":[{"taxonomy":"product_brand","embeddable":true,"href":"https:\/\/biogasworld.com\/fr\/wp-json\/wp\/v2\/product_brand?post=35518"},{"taxonomy":"product_cat","embeddable":true,"href":"https:\/\/biogasworld.com\/fr\/wp-json\/wp\/v2\/product_cat?post=35518"},{"taxonomy":"product_tag","embeddable":true,"href":"https:\/\/biogasworld.com\/fr\/wp-json\/wp\/v2\/product_tag?post=35518"}],"curies":[{"name":"wp","href":"https:\/\/api.w.org\/{rel}","templated":true}]}}