{"id":35694,"date":"2021-12-14T12:33:28","date_gmt":"2021-12-14T19:33:28","guid":{"rendered":"https:\/\/www.biogasworld.com\/product\/uncategorized\/rotary-lobe-blowers-tyr-wt-0730-cp\/"},"modified":"2024-10-02T12:55:02","modified_gmt":"2024-10-02T16:55:02","slug":"soufflantes-trilobes-tyr-wt-0730-cp","status":"publish","type":"product","link":"https:\/\/biogasworld.com\/fr\/product\/biogas-management\/biogas-blowers\/soufflantes-trilobes-tyr-wt-0730-cp\/","title":{"rendered":"Soufflantes trilobes &#8211; TYR WT 0730 CP"},"content":{"rendered":"<h2><span style=\"color: #000daa;\">Soufflantes trilobes &#8211; TYR WT 0730 CP<\/span><\/h2>\n<p><center><a href=\"https:\/\/www.buschvacuum.com\/ca\/fr\/products\/tyr-wt-0100-0730-cv-cp.html \">\u2192 Cliquez ici pour en savoir plus \u2190<\/a><\/center><br \/>\n<strong>Les g\u00e9n\u00e9rateurs de vide et de surpression silencieux et robustes<\/strong><\/p>\n<p>Les soufflantes tri-lobes TYR sont nos\u00a0<strong>g\u00e9n\u00e9rateurs de vide et de surpression<\/strong>\u00a0modernes et \u00e0 haute performance. Avec la gamme TYR, nous avons \u00e9tabli de nouvelles normes en mati\u00e8re d&rsquo;efficacit\u00e9 et de niveau sonore.<\/p>\n<p>Elles sont disponibles en version vide ou surpression. Une conversion est possible \u00e0 tout moment.<\/p>\n<p>Les soufflantes tri-lobes TYR assurent des\u00a0<strong>\u200fpressions diff\u00e9rentielles constantes<\/strong>. Elles sont par cons\u00e9quent le choix id\u00e9al pour les applications, telles que le traitement des eaux us\u00e9es, le transport pneumatique ou la pisciculture.<\/p>\n<p>Les diff\u00e9rentes dimensions de soufflantes TYR permettent une\u00a0<strong>configuration optimale<\/strong>\u00a0adapt\u00e9e \u00e0 chaque processus.<\/p>\n<p>Voici les avantages de la s\u00e9rie TYR WT<\/p>\n<ul>\n<li>Structure robuste<\/li>\n<li>\u00c9tages de la soufflante \u00e0 flux optimis\u00e9<\/li>\n<li>Niveau sonore r\u00e9duit<\/li>\n<li>Entra\u00eenement par courroie trap\u00e9zoidale<\/li>\n<li>Diverses options de conception<\/li>\n<\/ul>\n<p>En savoir plus sur tous les produits TYR: <a href=\"https:\/\/www.buschvacuum.com\/ca\/fr\/products\/blowers-compressors\/rotary-lobe\/tyr\/ \">https:\/\/www.buschvacuum.com\/ca\/fr\/products\/blowers-compressors\/rotary-lobe\/tyr\/ <\/a>.<\/p>\n","protected":false},"excerpt":{"rendered":"Les soufflantes tri-lobes TYR sont nos g\u00e9n\u00e9rateurs de vide et de surpression modernes et \u00e0 haute performance. Avec la gamme TYR, nous avons \u00e9tabli de nouvelles normes en mati\u00e8re d&rsquo;efficacit\u00e9 et de niveau sonore.\r\n\r\nElles sont disponibles en version vide ou surpression. Une conversion est possible \u00e0 tout moment.\r\n\r\nLes soufflantes tri-lobes TYR assurent des \u200fpressions diff\u00e9rentielles constantes. Elles sont par cons\u00e9quent le choix id\u00e9al pour les applications, telles que le traitement des eaux us\u00e9es, le transport pneumatique ou la pisciculture.\r\n\r\nLes diff\u00e9rentes dimensions de soufflantes TYR permettent une configuration optimale adapt\u00e9e \u00e0 chaque processus.","protected":false},"featured_media":35679,"template":"","meta":{"_acf_changed":false,"content-type":""},"product_brand":[],"product_cat":[208,411,79,412],"product_tag":[],"class_list":{"0":"post-35694","1":"product","2":"type-product","3":"status-publish","4":"has-post-thumbnail","6":"product_cat-biogas-management","7":"product_cat-biogas-blowers","8":"product_cat-valorisation-du-biogaz","9":"product_cat-soufflantes-pour-biogaz","11":"first","12":"instock","13":"taxable","14":"shipping-taxable","15":"product-type-simple"},"acf":[],"_links":{"self":[{"href":"https:\/\/biogasworld.com\/fr\/wp-json\/wp\/v2\/product\/35694","targetHints":{"allow":["GET"]}}],"collection":[{"href":"https:\/\/biogasworld.com\/fr\/wp-json\/wp\/v2\/product"}],"about":[{"href":"https:\/\/biogasworld.com\/fr\/wp-json\/wp\/v2\/types\/product"}],"wp:featuredmedia":[{"embeddable":true,"href":"https:\/\/biogasworld.com\/fr\/wp-json\/wp\/v2\/media\/35679"}],"wp:attachment":[{"href":"https:\/\/biogasworld.com\/fr\/wp-json\/wp\/v2\/media?parent=35694"}],"wp:term":[{"taxonomy":"product_brand","embeddable":true,"href":"https:\/\/biogasworld.com\/fr\/wp-json\/wp\/v2\/product_brand?post=35694"},{"taxonomy":"product_cat","embeddable":true,"href":"https:\/\/biogasworld.com\/fr\/wp-json\/wp\/v2\/product_cat?post=35694"},{"taxonomy":"product_tag","embeddable":true,"href":"https:\/\/biogasworld.com\/fr\/wp-json\/wp\/v2\/product_tag?post=35694"}],"curies":[{"name":"wp","href":"https:\/\/api.w.org\/{rel}","templated":true}]}}