{"id":35756,"date":"2021-12-14T11:38:00","date_gmt":"2021-12-14T16:38:00","guid":{"rendered":"https:\/\/www.biogasworld.com\/product\/uncategorized\/vacuum-systems\/"},"modified":"2024-10-02T12:57:26","modified_gmt":"2024-10-02T16:57:26","slug":"systemes-de-vide","status":"publish","type":"product","link":"https:\/\/biogasworld.com\/fr\/product\/valorisation-du-biogaz\/systemes-de-vide\/","title":{"rendered":"Syst\u00e8mes de vide"},"content":{"rendered":"<h2><span style=\"color: #000daa;\">Syst\u00e8mes de vide industriels sur mesure<\/span><\/h2>\n<p><center><img decoding=\"async\" src=\"https:\/\/i.ibb.co\/Nx622sV\/Image3.png\" alt=\"Image3\" border=\"0\" \/><\/center>&nbsp;<\/p>\n<p><center><a href=\"https:\/\/www.buschvacuum.com\/ca\/fr\/service\/\">\u2192 Cliquez ici pour en savoir plus \u2190<\/a><\/center><br \/>\n<strong>\u00c9VITER LES TEMPS D&rsquo;ARR\u00caT ET MAXIMISER VOTRE PRODUCTION<\/strong><\/p>\n<p>Quels avantages pouvez-vous tirer de l&rsquo;utilisation du <span style=\"color: #ff5800;\">Service BUSCH<\/span>?<\/p>\n<ul>\n<li>Optimiser vos co\u00fbts d&rsquo;exploitation<\/li>\n<li>Am\u00e9liorer les performances de vos pompes \u00e0 vide<\/li>\n<li>B\u00e9n\u00e9ficiez de la qualit\u00e9 des pi\u00e8ces de rechange Busch d&rsquo;origine<\/li>\n<li>B\u00e9n\u00e9ficiez de notre support technique 24h\/24 et 7j\/7<\/li>\n<\/ul>\n<p>Votre pompe \u00e0 vide <span style=\"color: #ff5800;\">BUSCH<\/span> est au c\u0153ur de votre \u00e9quipement d&#8217;emballage ou de proc\u00e9d\u00e9s, et \u00e0 ce titre, elle m\u00e9rite d&rsquo;\u00eatre bien entretenue. En confiant vos pompes \u00e0 vide \u00e0 nos techniciens de service form\u00e9s en usine, vous vous assurez qu&rsquo;elles conservent leurs performances optimales tout au long de leur cycle de vie. Cela vous donne la tranquillit\u00e9 d&rsquo;esprit que VOUS m\u00e9ritez.<\/p>\n<p><strong>LES AVANTAGES DES SYST\u00c8MES DE VIDE BUSCH.<\/strong><br \/>\nNous disposons de plus de 50\u00a0ans d&rsquo;exp\u00e9rience dans la conception et la fabrication de syst\u00e8mes personnalis\u00e9s pour tous les secteurs de l&rsquo;industrie. Tous les syst\u00e8mes sont con\u00e7us dans des centres de construction Busch d\u00e9di\u00e9s, situ\u00e9s dans le monde entier.<\/p>\n<p>\u00c0 ce jour, Busch Canada a con\u00e7u plus de 3 000 syst\u00e8mes centraux pour un large \u00e9ventail d\u2019applications et d&rsquo;industries. Notre \u00e9quipe hautement qualifi\u00e9e et comp\u00e9tente g\u00e8re des projets de toutes tailles, des plus petits aux plus grands.\u00a0 Tous nos syst\u00e8mes sont fabriqu\u00e9s au Canada sont produits dans une usine certifi\u00e9e ISO 9001. Nos syst\u00e8mes r\u00e9pondent \u00e0 toutes les exigences r\u00e9glementaires canadiennes applicables telles que l\u2019ASME, la NEMA ou la CSA.<\/p>\n<p><strong>LE SAVIEZ-VOUS ?<\/strong><\/p>\n<ul>\n<li>Que BUSCH dispose d&rsquo;un vaste r\u00e9seau mondial de service apr\u00e8s-vente pour soutenir votre entreprise?<\/li>\n<li>Que, dans le cadre de notre PROGRAMME TOUTES-MARQUES , nous assurons \u00e9galement le service de d\u2019AUTRES FABRICANTS de pompes \u00e0 vide* ? et<\/li>\n<li>Que nous pouvons \u00eatre une source de formation par le biais de sessions Lunch &amp; Learn ou via une formule de webinaires?<\/li>\n<\/ul>\n<p>*Certaines conditions s\u2019appliquent.<\/p>\n","protected":false},"excerpt":{"rendered":"Nous disposons de plus de 50\u00a0ans d&rsquo;exp\u00e9rience dans la conception et la fabrication de syst\u00e8mes personnalis\u00e9s pour tous les secteurs de l&rsquo;industrie. Tous les syst\u00e8mes sont con\u00e7us dans des centres de construction Busch d\u00e9di\u00e9s, situ\u00e9s dans le monde entier.\r\n\r\n\u00c0 ce jour, Busch Canada a con\u00e7u plus de 3 000 syst\u00e8mes centraux pour un large \u00e9ventail d\u2019applications et d&rsquo;industries. Notre \u00e9quipe hautement qualifi\u00e9e et comp\u00e9tente g\u00e8re des projets de toutes tailles, des plus petits aux plus grands.\u00a0 Tous nos syst\u00e8mes sont fabriqu\u00e9s au Canada sont produits dans une usine certifi\u00e9e ISO 9001. Nos syst\u00e8mes r\u00e9pondent \u00e0 toutes les exigences r\u00e9glementaires canadiennes applicables telles que l\u2019ASME, la NEMA ou la CSA.","protected":false},"featured_media":35682,"template":"","meta":{"_acf_changed":false,"content-type":""},"product_brand":[],"product_cat":[208,79],"product_tag":[],"class_list":{"0":"post-35756","1":"product","2":"type-product","3":"status-publish","4":"has-post-thumbnail","6":"product_cat-biogas-management","7":"product_cat-valorisation-du-biogaz","9":"first","10":"instock","11":"taxable","12":"shipping-taxable","13":"product-type-simple"},"acf":[],"_links":{"self":[{"href":"https:\/\/biogasworld.com\/fr\/wp-json\/wp\/v2\/product\/35756","targetHints":{"allow":["GET"]}}],"collection":[{"href":"https:\/\/biogasworld.com\/fr\/wp-json\/wp\/v2\/product"}],"about":[{"href":"https:\/\/biogasworld.com\/fr\/wp-json\/wp\/v2\/types\/product"}],"wp:featuredmedia":[{"embeddable":true,"href":"https:\/\/biogasworld.com\/fr\/wp-json\/wp\/v2\/media\/35682"}],"wp:attachment":[{"href":"https:\/\/biogasworld.com\/fr\/wp-json\/wp\/v2\/media?parent=35756"}],"wp:term":[{"taxonomy":"product_brand","embeddable":true,"href":"https:\/\/biogasworld.com\/fr\/wp-json\/wp\/v2\/product_brand?post=35756"},{"taxonomy":"product_cat","embeddable":true,"href":"https:\/\/biogasworld.com\/fr\/wp-json\/wp\/v2\/product_cat?post=35756"},{"taxonomy":"product_tag","embeddable":true,"href":"https:\/\/biogasworld.com\/fr\/wp-json\/wp\/v2\/product_tag?post=35756"}],"curies":[{"name":"wp","href":"https:\/\/api.w.org\/{rel}","templated":true}]}}