{"id":36747,"date":"2022-05-02T09:48:54","date_gmt":"2022-05-02T13:48:54","guid":{"rendered":"https:\/\/www.biogasworld.com\/product\/uncategorized\/panaflow-z2g-ultrasonic-flow-meters\/"},"modified":"2023-02-28T15:08:59","modified_gmt":"2023-02-28T20:08:59","slug":"debitmetres-a-ultrasons-panaflow-z2g","status":"publish","type":"product","link":"https:\/\/biogasworld.com\/fr\/product\/anaerobic-digestion\/instrumentation-and-control\/debitmetres-a-ultrasons-panaflow-z2g\/","title":{"rendered":"D\u00e9bitm\u00e8tres \u00e0 ultrasons PanaFlow Z2G"},"content":{"rendered":"<h2><span style=\"color: #000daa;\">D\u00e9bitm\u00e8tres \u00e0 ultrasons PanaFlow Z2G<\/span><\/h2>\n<p><strong>D\u00e9bitm\u00e8tre de gaz \u00e0 ultrasons pour zone dangereuse avec d\u00e9termination facultative de la teneur en m\u00e9thane dans le biogaz<\/strong><\/p>\n<p>Le biogaz qui sort du digesteur est g\u00e9n\u00e9ralement \u00e0 basse pression. Il est satur\u00e9 d&rsquo;eau (6 % \u00e0 40 \u00b0C) et contient du CO2 (20 % \u00e0 40 %). Une telle application n\u00e9cessite des transducteurs puissants pour pouvoir mesurer ce m\u00e9lange gazeux \u00e0 tr\u00e8s basse pression.<\/p>\n<p>Le biom\u00e9thane est l&rsquo;autre mesure typique ici, plus facile \u00e0 manipuler. Panametrics poss\u00e8de un solide h\u00e9ritage en mati\u00e8re de mesure de d\u00e9bit de gaz difficile, acquis gr\u00e2ce \u00e0 son exp\u00e9rience des gaz de torche.<\/p>\n<p><strong>Caract\u00e9ristiques:<\/strong><\/p>\n<ul>\n<li>Cellule d&rsquo;\u00e9coulement de conception industrielle pour minimiser les perturbations d&rsquo;\u00e9coulement aux emplacements optimaux de la corde.<\/li>\n<li>Nouveaux transducteurs hautes performances T19 avec isolation acoustique am\u00e9lior\u00e9e pour un rapport signal\/bruit (SNR) am\u00e9lior\u00e9<\/li>\n<li>Diagnostics avanc\u00e9s pour non seulement mesurer le d\u00e9bit, mais aussi comprendre les performances du compteur et valider les conditions et la stabilit\u00e9 du processus<\/li>\n<li>1 % de la pr\u00e9cision de mesure typique (deux chemins), 1,5 % de pr\u00e9cision (un chemin)<\/li>\n<li>Algorithme d\u00e9di\u00e9 au biogaz pour mesurer la concentration de CH4 avec une pr\u00e9cision de 2 %. Cette mesure n\u00e9cessite l&rsquo;entr\u00e9e d&rsquo;une sonde de temp\u00e9rature externe.<\/li>\n<li>Analogique, Impulsion, Fr\u00e9quence, HART et Foundation Fieldbus pour les communications<\/li>\n<li>Disponible pour les tailles standard de 2&Prime; \u00e0 16&Prime; (50 mm \u00e0 400 mm) (autres tailles disponibles sur demande<\/li>\n<li>MOC en acier au carbone, acier inoxydable, acier inoxydable duplex (autres mat\u00e9riaux disponibles sur demande)<\/li>\n<li>Taux de bride de 150# \u00e0 600# ou PN10 \u00e0 PN63 (autres tailles de brides disponibles sur demande<\/li>\n<li>Partage l&rsquo;h\u00e9ritage de Panametrics en mati\u00e8re de conception technique et d&rsquo;assistance internationale sur le terrain Baker Hughes<\/li>\n<\/ul>\n<p>Pour plus d&rsquo;informations, veuillez visiter <a href=\"https:\/\/www.bakerhughes.com\/panametrics\/flow-meters\" target=\"_blank\" rel=\"noopener noreferrer\">notre site Web<\/a>.<\/p>\n","protected":false},"excerpt":{"rendered":"Le biogaz qui sort du digesteur est g\u00e9n\u00e9ralement \u00e0 basse pression. Il est satur\u00e9 d&rsquo;eau (6 % \u00e0 40 \u00b0C) et contient du CO2 (20 % \u00e0 40 %). Une telle application n\u00e9cessite des transducteurs puissants pour pouvoir mesurer ce m\u00e9lange gazeux \u00e0 tr\u00e8s basse pression.\r\n\r\nLe biom\u00e9thane est l&rsquo;autre mesure typique ici, plus facile \u00e0 manipuler. Panametrics poss\u00e8de un solide h\u00e9ritage en mati\u00e8re de mesure de d\u00e9bit de gaz difficile, acquis gr\u00e2ce \u00e0 son exp\u00e9rience des gaz de torche.","protected":false},"featured_media":36597,"template":"","meta":{"_acf_changed":false,"content-type":""},"product_brand":[],"product_cat":[145,77,119,146],"product_tag":[],"class_list":{"0":"post-36747","1":"product","2":"type-product","3":"status-publish","4":"has-post-thumbnail","6":"product_cat-anaerobic-digestion","7":"product_cat-biomethanisation","8":"product_cat-instruments-et-controle","9":"product_cat-instrumentation-and-control","11":"first","12":"instock","13":"taxable","14":"shipping-taxable","15":"product-type-simple"},"acf":[],"_links":{"self":[{"href":"https:\/\/biogasworld.com\/fr\/wp-json\/wp\/v2\/product\/36747","targetHints":{"allow":["GET"]}}],"collection":[{"href":"https:\/\/biogasworld.com\/fr\/wp-json\/wp\/v2\/product"}],"about":[{"href":"https:\/\/biogasworld.com\/fr\/wp-json\/wp\/v2\/types\/product"}],"wp:featuredmedia":[{"embeddable":true,"href":"https:\/\/biogasworld.com\/fr\/wp-json\/wp\/v2\/media\/36597"}],"wp:attachment":[{"href":"https:\/\/biogasworld.com\/fr\/wp-json\/wp\/v2\/media?parent=36747"}],"wp:term":[{"taxonomy":"product_brand","embeddable":true,"href":"https:\/\/biogasworld.com\/fr\/wp-json\/wp\/v2\/product_brand?post=36747"},{"taxonomy":"product_cat","embeddable":true,"href":"https:\/\/biogasworld.com\/fr\/wp-json\/wp\/v2\/product_cat?post=36747"},{"taxonomy":"product_tag","embeddable":true,"href":"https:\/\/biogasworld.com\/fr\/wp-json\/wp\/v2\/product_tag?post=36747"}],"curies":[{"name":"wp","href":"https:\/\/api.w.org\/{rel}","templated":true}]}}