{"id":36757,"date":"2022-03-14T10:47:39","date_gmt":"2022-03-14T14:47:39","guid":{"rendered":"https:\/\/www.biogasworld.com\/product\/uncategorized\/helium-compression-solutions\/"},"modified":"2023-05-04T14:07:22","modified_gmt":"2023-05-04T18:07:22","slug":"solutions-de-compression-a-lhelium","status":"publish","type":"product","link":"https:\/\/biogasworld.com\/fr\/product\/transport-au-gaz-naturel\/solutions-de-compression-a-lhelium\/","title":{"rendered":"Solutions de compression \u00e0 l&rsquo;h\u00e9lium"},"content":{"rendered":"<h2><span style=\"color: #000daa;\">Solutions de compression d&rsquo;h\u00e9lium<\/span><\/h2>\n<p>L&rsquo;h\u00e9lium est utilis\u00e9 dans plusieurs applications de fabrication et de soins de sant\u00e9. Son avantage ? Le fait peu connu qu&rsquo;il est encore plus l\u00e9ger que l&rsquo;air ! Cependant, l&rsquo;utilisation continue et \u00e9tendue de l&rsquo;h\u00e9lium pour ces applications a inqui\u00e9t\u00e9 certains experts quant \u00e0 l&rsquo;approvisionnement \u00e0 long terme. Une chose est claire, si vous travaillez avec de l&rsquo;h\u00e9lium, vous ne pouvez vous permettre aucune perte car vous le compressez en une forme utilisable. La bonne nouvelle? Les compresseurs CU d&rsquo;Atlas Copco sont dot\u00e9s de carters \u00e9tanches \u00e0 la pression, 100 % de l&rsquo;h\u00e9lium reste dans le compresseur et rien n&rsquo;est perdu dans l&rsquo;atmosph\u00e8re. De plus, pour obtenir la pression d&rsquo;entr\u00e9e sp\u00e9cifique \u00e0 votre proc\u00e9d\u00e9, vous pouvez choisir parmi notre gamme de conceptions standardis\u00e9es ou sur mesure. L&rsquo;h\u00e9lium est indispensable pour de multiples applications :<\/p>\n<p><strong>M\u00e9dical<\/strong><\/p>\n<ul>\n<li>Traitement respiratoire dans les h\u00f4pitaux<\/li>\n<li>Aimants IRM pour le refroidissement<\/li>\n<\/ul>\n<p><strong>Technologie<\/strong><\/p>\n<ul>\n<li>C\u00e2bles \u00e0 fibre optique pour l&rsquo;Internet haut d\u00e9bit et la t\u00e9l\u00e9vision par c\u00e2ble<\/li>\n<li>Semi-conducteurs dans les t\u00e9l\u00e9phones portables et les ordinateurs<\/li>\n<li>Disques durs : remplis d&rsquo;h\u00e9lium et non d&rsquo;air (plus l\u00e9gers et de meilleure qualit\u00e9)<\/li>\n<li>Fus\u00e9es : pas comme carburant, mais pour nettoyer les r\u00e9servoirs de carburant de l&rsquo;hydrog\u00e8ne et de l&rsquo;oxyg\u00e8ne<\/li>\n<\/ul>\n<p><strong>V\u00e9hicules \u00e0 moteur<\/strong><\/p>\n<ul>\n<li>Semi-conducteurs pour l&rsquo;\u00e9lectronique<\/li>\n<li>Airbags : principalement remplis d&rsquo;h\u00e9lium et non d&rsquo;air<\/li>\n<\/ul>\n","protected":false},"excerpt":{"rendered":"Les compresseurs CU d&rsquo;Atlas Copco sont dot\u00e9s de carters \u00e9tanches \u00e0 la pression, 100 % de l&rsquo;h\u00e9lium reste \u00e0 l&rsquo;int\u00e9rieur du compresseur et rien ne se perd dans l&rsquo;atmosph\u00e8re. En outre, pour obtenir la pression d&rsquo;entr\u00e9e sp\u00e9cifique \u00e0 votre processus, vous pouvez choisir parmi notre gamme de mod\u00e8les standardis\u00e9s ou sur mesure.","protected":false},"featured_media":36219,"template":"","meta":{"_acf_changed":false,"content-type":""},"product_brand":[],"product_cat":[191,78],"product_tag":[],"class_list":{"0":"post-36757","1":"product","2":"type-product","3":"status-publish","4":"has-post-thumbnail","6":"product_cat-rng-biomethane-utilisation","7":"product_cat-transport-au-gaz-naturel","9":"first","10":"instock","11":"taxable","12":"shipping-taxable","13":"product-type-simple"},"acf":[],"_links":{"self":[{"href":"https:\/\/biogasworld.com\/fr\/wp-json\/wp\/v2\/product\/36757","targetHints":{"allow":["GET"]}}],"collection":[{"href":"https:\/\/biogasworld.com\/fr\/wp-json\/wp\/v2\/product"}],"about":[{"href":"https:\/\/biogasworld.com\/fr\/wp-json\/wp\/v2\/types\/product"}],"wp:featuredmedia":[{"embeddable":true,"href":"https:\/\/biogasworld.com\/fr\/wp-json\/wp\/v2\/media\/36219"}],"wp:attachment":[{"href":"https:\/\/biogasworld.com\/fr\/wp-json\/wp\/v2\/media?parent=36757"}],"wp:term":[{"taxonomy":"product_brand","embeddable":true,"href":"https:\/\/biogasworld.com\/fr\/wp-json\/wp\/v2\/product_brand?post=36757"},{"taxonomy":"product_cat","embeddable":true,"href":"https:\/\/biogasworld.com\/fr\/wp-json\/wp\/v2\/product_cat?post=36757"},{"taxonomy":"product_tag","embeddable":true,"href":"https:\/\/biogasworld.com\/fr\/wp-json\/wp\/v2\/product_tag?post=36757"}],"curies":[{"name":"wp","href":"https:\/\/api.w.org\/{rel}","templated":true}]}}