{"id":38560,"date":"2022-10-18T09:16:54","date_gmt":"2022-10-18T13:16:54","guid":{"rendered":"https:\/\/www.biogasworld.com\/product\/uncategorized\/electrical-self-consumption\/"},"modified":"2022-10-19T14:15:30","modified_gmt":"2022-10-19T18:15:30","slug":"auto-consommation-electrique","status":"publish","type":"product","link":"https:\/\/biogasworld.com\/fr\/product\/valorisation-du-biogaz\/auto-consommation-electrique\/","title":{"rendered":"Auto-Consommation \u00c9lectrique"},"content":{"rendered":"<h2><span style=\"color: #000daa;\">AUTO-CONSOMMATION ELECTRIQUE<\/span><\/h2>\n<p><strong>L\u2019auto-consommation par module de cog\u00e9n\u00e9ration<\/strong> a \u00e9t\u00e9 sp\u00e9cialement d\u00e9velopp\u00e9 pour une <strong>application biogaz<\/strong> (installations de m\u00e9thanisation\u2026), afin de permettre aux sites biogaz d\u2019\u00eatre <strong>en auto-consommation \u00e9lectrique et auto-suffisance thermique totale ou partielle<\/strong>.<\/p>\n<p>Le proc\u00e9d\u00e9 vise \u00e0 venir alimenter <strong>un moteur de cog\u00e9n\u00e9ration \u00e0 haut rendement<\/strong> en biogaz s\u00e9ch\u00e9 et trait\u00e9 (H2S et COV \u2013 Siloxanes) pour apporter<strong> une solution alternative au contexte actuel du march\u00e9 de l\u2019\u00e9nergie<\/strong>.<\/p>\n<p>Cette solution Plug and Play vient s\u2019int\u00e9grer avec l\u2019ensemble des technologies d\u00e9j\u00e0 sur site. Notre \u00e9quipe assure le montage, l\u2019installation, l\u2019implantation et la mise en service ainsi que la maintenance compl\u00e8te de la cog\u00e9n\u00e9ration.<\/p>\n<p><strong><span style=\"color: #00D37D;\">AVANTAGES<\/strong><\/span><\/p>\n<ul>\n<li>R\u00e9duction de l&rsquo;intensit\u00e9 carbone du biom\u00e9thane: les installations consomment de l\u2019\u00e9lectricit\u00e9, souvent produite \u00e0 partir d\u2019\u00e9nergie fossile ou nucl\u00e9aire. Cette solution permet de produire le biom\u00e9thane sans l\u2019utilisation d\u2019\u00e9nergies non renouvelables.<\/li>\n<li>R\u00e9silience \u00e9nerg\u00e9tique et autonomie: cette solution d\u2019auto-consommation \u00e9lectrique permet d\u2019alimenter l&rsquo;enti\u00e8ret\u00e9 ou une partie du site en exploitation<\/li>\n<li>Une expertise \u00e9prouv\u00e9e et un service client renomm\u00e9: 2G Energy et PRODEVAL, deux entit\u00e9s internationales aux structures solides, fiables gr\u00e2ce \u00e0 leur technologie de pointe.<\/li>\n<\/ul>\n<p><span style=\"color: #00D37D;\"><em><strong>L&rsquo;unit\u00e9 d&rsquo;auto-consommation inclut pour l&rsquo;ensemble de la gamme:<\/strong><\/em><\/span><br \/>\n1 conteneur avec peinture de qualit\u00e9 RAL 6005 C3, qui comprend: <\/p>\n<ul>\n<li>L&rsquo;isolation des murs<\/li>\n<li>D\u00e9tection s\u00e9curitaire des gaz (proc\u00e9d\u00e9 local)<\/li>\n<li>Ventilation<\/li>\n<\/ul>\n<p>1 Unit\u00e9 de cog\u00e9n\u00e9ration au biogaz, qui comprend: <\/p>\n<ul>\n<li>Contr\u00f4le int\u00e9gr\u00e9 du refroidissement de secours <\/li>\n<li>Syst\u00e8me de pr\u00e9chauffage et de refroidissement de l&rsquo;eau <\/li>\n<li>Batterie de d\u00e9marrage au plomb\/acide <\/li>\n<li>R\u00e9gulateur de pression admissible < 400mbar <\/li>\n<li>Vanne de fermeture rapide du gaz <\/li>\n<li>Refroidisseur de secours 65 db(A) \u00e0 10 m <\/li>\n<li>Refroidisseur de m\u00e9lange sous la forme d&rsquo;un refroidisseur de table 65 dB(A) \u00e0 10 m (valable pour une puissance \u2265 160 kW). <\/li>\n<li>Silencieux d&rsquo;\u00e9chappement 65 dB(A) \u00e0 10 m <\/li>\n<li>\u00c9changeur de chaleur des gaz d&rsquo;\u00e9chappement 180 \u00b0C (356 \u00b0F) <\/li>\n<li>Pompe \u00e0 huile avec rail de distribution <\/li>\n<li>Catalyseur d&rsquo;oxydation <\/li>\n<li>Ouverture de mesure des gaz d&rsquo;\u00e9chappement Norme NFX 44052<\/li>\n<li>Armoire \u00e9lectrique pour la synchronisation et l&rsquo;injection de courant <\/li>\n<li>G\u00e9n\u00e9rateur et interrupteur de puissance<\/li>\n<li>Interfaces d&rsquo;injection de donn\u00e9es et de r\u00e9seau<\/li>\n<li>Module int\u00e9gr\u00e9 POWER PLANT <\/li>\n<li>Contr\u00f4leur avec syst\u00e8me de passage \u00e0 z\u00e9ro monomoteur <\/li>\n<\/ul>\n<p>1 Armoire de commande avec une IHM (interface homme-machine), <\/p>\n<ul>\n<li>Marquage de s\u00e9curit\u00e9 sur l&rsquo;ensemble de l&rsquo;installation.<\/li>\n<\/ul>\n<p><strong><span style=\"color: #00D37D;\">Options de l&rsquo;unit\u00e9 d&rsquo;auto-consommation:<\/strong><\/span><\/p>\n<ul>\n<li>Variante de r\u00e9cup\u00e9ration de chaleur <\/li>\n<li>Niveau sonore du ventilateur <\/li>\n<li>Niveau sonore sur le refroidisseur de m\u00e9lange <\/li>\n<li>Niveau sonore sur le refroidisseur de secours <\/li>\n<li>Silencieux de gaz d&rsquo;\u00e9chappement<\/li>\n<li>Mise en place d&rsquo;indicateurs de mesure et de suivi<\/li>\n<li>R\u00e9servoirs de stockage d&rsquo;huile <\/li>\n<\/ul>\n<p><center><\/p>\n<h4>Contactez Prodeval pour obtenir plus d\u2019informations et recevoir les fiches de produits!<\/h4>\n<p><\/center><\/p>\n","protected":false},"excerpt":{"rendered":"Les \u00e9quipes Prodeval sont pr\u00e9sentes en Europe et en Am\u00e9rique du Nord, au Canada et aux \u00c9tats-Unis.\r\n\r\nSi\u00e8ge social\r\n7 rue Anne-Marie Staub\r\nQuartier du 45\u00e8me parall\u00e8le Rovaltain\r\n26300 Ch\u00e2teauneuf-sur-Is\u00e8re\r\nFRANCE\r\n\r\nPRODEVAL Corp.\r\n1437 Payne Road\r\nSchaumburg, IL\r\nUSA\r\n+ 1 224-353-6327\r\n\r\nPRODEVAL Inc.\r\n3055 boul. St-Martin ouest\r\n5\u00e8me \u00c9tage\r\nLaval, QC, H7T 0J3\r\nCANADA\r\n+14509024848","protected":false},"featured_media":38536,"template":"","meta":{"_acf_changed":false,"content-type":""},"product_brand":[],"product_cat":[208,79],"product_tag":[],"class_list":{"0":"post-38560","1":"product","2":"type-product","3":"status-publish","4":"has-post-thumbnail","6":"product_cat-biogas-management","7":"product_cat-valorisation-du-biogaz","9":"first","10":"instock","11":"taxable","12":"shipping-taxable","13":"product-type-simple"},"acf":[],"_links":{"self":[{"href":"https:\/\/biogasworld.com\/fr\/wp-json\/wp\/v2\/product\/38560","targetHints":{"allow":["GET"]}}],"collection":[{"href":"https:\/\/biogasworld.com\/fr\/wp-json\/wp\/v2\/product"}],"about":[{"href":"https:\/\/biogasworld.com\/fr\/wp-json\/wp\/v2\/types\/product"}],"wp:featuredmedia":[{"embeddable":true,"href":"https:\/\/biogasworld.com\/fr\/wp-json\/wp\/v2\/media\/38536"}],"wp:attachment":[{"href":"https:\/\/biogasworld.com\/fr\/wp-json\/wp\/v2\/media?parent=38560"}],"wp:term":[{"taxonomy":"product_brand","embeddable":true,"href":"https:\/\/biogasworld.com\/fr\/wp-json\/wp\/v2\/product_brand?post=38560"},{"taxonomy":"product_cat","embeddable":true,"href":"https:\/\/biogasworld.com\/fr\/wp-json\/wp\/v2\/product_cat?post=38560"},{"taxonomy":"product_tag","embeddable":true,"href":"https:\/\/biogasworld.com\/fr\/wp-json\/wp\/v2\/product_tag?post=38560"}],"curies":[{"name":"wp","href":"https:\/\/api.w.org\/{rel}","templated":true}]}}