{"id":38852,"date":"2022-11-11T11:12:29","date_gmt":"2022-11-11T16:12:29","guid":{"rendered":"https:\/\/www.biogasworld.com\/product\/uncategorized\/biorengaz-biofilter\/"},"modified":"2022-11-11T11:14:01","modified_gmt":"2022-11-11T16:14:01","slug":"biofiltre-biorengaz","status":"publish","type":"product","link":"https:\/\/biogasworld.com\/fr\/product\/valorisation-du-biogaz\/biofiltre-biorengaz\/","title":{"rendered":"Biofiltre BioRenGaz"},"content":{"rendered":"","protected":false},"excerpt":{"rendered":"BioRenGaz propose une technologie brevet\u00e9e de m\u00e9thanisation, innovante, \u00e9cologique et modulaire. Elle offre l\u2019opportunit\u00e9 d\u2019optimiser le mod\u00e8le \u00e9conomique et environnemental de la valorisation \u00e9nerg\u00e9tique et agronomique des biod\u00e9chets. \r\n\r\nCette solution favorise la transition et l\u2019autonomie \u00e9nerg\u00e9tique des territoires. Elle participe au d\u00e9veloppement de l\u2019agriculture et de la mobilit\u00e9 durables, des \u00e9nergies renouvelables et de la bio\u00e9conomie circulaire. Elle impacte aussi le d\u00e9veloppement \u00e9conomique local par la cr\u00e9ation d\u2019emplois directs et indirects.","protected":false},"featured_media":38851,"template":"","meta":{"_acf_changed":false,"content-type":""},"product_brand":[],"product_cat":[208,79],"product_tag":[],"class_list":{"0":"post-38852","1":"product","2":"type-product","3":"status-publish","4":"has-post-thumbnail","6":"product_cat-biogas-management","7":"product_cat-valorisation-du-biogaz","9":"first","10":"instock","11":"taxable","12":"shipping-taxable","13":"product-type-simple"},"acf":[],"_links":{"self":[{"href":"https:\/\/biogasworld.com\/fr\/wp-json\/wp\/v2\/product\/38852","targetHints":{"allow":["GET"]}}],"collection":[{"href":"https:\/\/biogasworld.com\/fr\/wp-json\/wp\/v2\/product"}],"about":[{"href":"https:\/\/biogasworld.com\/fr\/wp-json\/wp\/v2\/types\/product"}],"wp:featuredmedia":[{"embeddable":true,"href":"https:\/\/biogasworld.com\/fr\/wp-json\/wp\/v2\/media\/38851"}],"wp:attachment":[{"href":"https:\/\/biogasworld.com\/fr\/wp-json\/wp\/v2\/media?parent=38852"}],"wp:term":[{"taxonomy":"product_brand","embeddable":true,"href":"https:\/\/biogasworld.com\/fr\/wp-json\/wp\/v2\/product_brand?post=38852"},{"taxonomy":"product_cat","embeddable":true,"href":"https:\/\/biogasworld.com\/fr\/wp-json\/wp\/v2\/product_cat?post=38852"},{"taxonomy":"product_tag","embeddable":true,"href":"https:\/\/biogasworld.com\/fr\/wp-json\/wp\/v2\/product_tag?post=38852"}],"curies":[{"name":"wp","href":"https:\/\/api.w.org\/{rel}","templated":true}]}}