{"id":38867,"date":"2022-11-11T13:31:04","date_gmt":"2022-11-11T18:31:04","guid":{"rendered":"https:\/\/www.biogasworld.com\/product\/uncategorized\/enia\/"},"modified":"2022-11-11T13:31:40","modified_gmt":"2022-11-11T18:31:40","slug":"enia","status":"publish","type":"product","link":"https:\/\/biogasworld.com\/fr\/product\/reception-et-conditionnement\/enia\/","title":{"rendered":"Enia"},"content":{"rendered":"","protected":false},"excerpt":{"rendered":"Enia est une application d\u00e9di\u00e9e \u00e0 l\u2019achat vente de mati\u00e8res organiques, notamment biod\u00e9chets. Dans ce process gagnant gagnant, les agriculteurs locaux sont invit\u00e9s \u00e0 vendre directement leurs mati\u00e8res \u00e0 des producteurs de biogaz \u00e0 qui s\u2019ouvre la possibilit\u00e9 de d\u00e9passer leurs objectifs de production.","protected":false},"featured_media":38863,"template":"","meta":{"_acf_changed":false,"content-type":""},"product_brand":[],"product_cat":[116,158],"product_tag":[],"class_list":{"0":"post-38867","1":"product","2":"type-product","3":"status-publish","4":"has-post-thumbnail","6":"product_cat-reception-et-conditionnement","7":"product_cat-reception","9":"first","10":"instock","11":"taxable","12":"shipping-taxable","13":"product-type-simple"},"acf":[],"_links":{"self":[{"href":"https:\/\/biogasworld.com\/fr\/wp-json\/wp\/v2\/product\/38867","targetHints":{"allow":["GET"]}}],"collection":[{"href":"https:\/\/biogasworld.com\/fr\/wp-json\/wp\/v2\/product"}],"about":[{"href":"https:\/\/biogasworld.com\/fr\/wp-json\/wp\/v2\/types\/product"}],"wp:featuredmedia":[{"embeddable":true,"href":"https:\/\/biogasworld.com\/fr\/wp-json\/wp\/v2\/media\/38863"}],"wp:attachment":[{"href":"https:\/\/biogasworld.com\/fr\/wp-json\/wp\/v2\/media?parent=38867"}],"wp:term":[{"taxonomy":"product_brand","embeddable":true,"href":"https:\/\/biogasworld.com\/fr\/wp-json\/wp\/v2\/product_brand?post=38867"},{"taxonomy":"product_cat","embeddable":true,"href":"https:\/\/biogasworld.com\/fr\/wp-json\/wp\/v2\/product_cat?post=38867"},{"taxonomy":"product_tag","embeddable":true,"href":"https:\/\/biogasworld.com\/fr\/wp-json\/wp\/v2\/product_tag?post=38867"}],"curies":[{"name":"wp","href":"https:\/\/api.w.org\/{rel}","templated":true}]}}