{"id":38903,"date":"2022-11-16T11:58:33","date_gmt":"2022-11-16T16:58:33","guid":{"rendered":"https:\/\/www.biogasworld.com\/product\/uncategorized\/s-monitor\/"},"modified":"2022-11-16T11:59:21","modified_gmt":"2022-11-16T16:59:21","slug":"s-monitor","status":"publish","type":"product","link":"https:\/\/biogasworld.com\/fr\/product\/reception-et-conditionnement\/s-monitor\/","title":{"rendered":"S-Monitor"},"content":{"rendered":"","protected":false},"excerpt":{"rendered":"S-Monitor est une solution compl\u00e8te de gestion de collecte. Ses capteurs connect\u00e9s analysent des donn\u00e9es li\u00e9es \u00e0 la collecte des biod\u00e9chets, en temps r\u00e9el. Dispos\u00e9s sur tous types de conteneurs, ils d\u00e9livrent une \u00e9valuation r\u00e9aliste des performances de collecte et fournissent toutes les cl\u00e9s pour les optimiser y compris un outil de planification et guidage des tourn\u00e9es.","protected":false},"featured_media":38902,"template":"","meta":{"_acf_changed":false,"content-type":""},"product_brand":[],"product_cat":[116,158],"product_tag":[],"class_list":{"0":"post-38903","1":"product","2":"type-product","3":"status-publish","4":"has-post-thumbnail","6":"product_cat-reception-et-conditionnement","7":"product_cat-reception","9":"first","10":"instock","11":"taxable","12":"shipping-taxable","13":"product-type-simple"},"acf":[],"_links":{"self":[{"href":"https:\/\/biogasworld.com\/fr\/wp-json\/wp\/v2\/product\/38903","targetHints":{"allow":["GET"]}}],"collection":[{"href":"https:\/\/biogasworld.com\/fr\/wp-json\/wp\/v2\/product"}],"about":[{"href":"https:\/\/biogasworld.com\/fr\/wp-json\/wp\/v2\/types\/product"}],"wp:featuredmedia":[{"embeddable":true,"href":"https:\/\/biogasworld.com\/fr\/wp-json\/wp\/v2\/media\/38902"}],"wp:attachment":[{"href":"https:\/\/biogasworld.com\/fr\/wp-json\/wp\/v2\/media?parent=38903"}],"wp:term":[{"taxonomy":"product_brand","embeddable":true,"href":"https:\/\/biogasworld.com\/fr\/wp-json\/wp\/v2\/product_brand?post=38903"},{"taxonomy":"product_cat","embeddable":true,"href":"https:\/\/biogasworld.com\/fr\/wp-json\/wp\/v2\/product_cat?post=38903"},{"taxonomy":"product_tag","embeddable":true,"href":"https:\/\/biogasworld.com\/fr\/wp-json\/wp\/v2\/product_tag?post=38903"}],"curies":[{"name":"wp","href":"https:\/\/api.w.org\/{rel}","templated":true}]}}