{"id":39098,"date":"2022-12-08T13:44:52","date_gmt":"2022-12-08T18:44:52","guid":{"rendered":"https:\/\/www.biogasworld.com\/product\/uncategorized\/double-membrane-biogas-biomethane-covers\/"},"modified":"2025-12-10T13:02:27","modified_gmt":"2025-12-10T18:02:27","slug":"systemes-de-couverture-en-pvc-pour-reservoirs-de-stockage","status":"publish","type":"product","link":"https:\/\/biogasworld.com\/fr\/product\/valorisation-du-biogaz\/reservoir-de-biogaz\/systemes-de-couverture-en-pvc-pour-reservoirs-de-stockage\/","title":{"rendered":"Syst\u00e8mes de couverture en PVC pour r\u00e9servoirs de stockage"},"content":{"rendered":"<h2><span style=\"color: #000daa;\"><strong>Couvertures \u00e0 double membrane pour le biogaz et le biom\u00e9thane<\/strong><\/span><\/h2>\n<p>Couvertures double membrane pour installations de biogaz ou de biom\u00e9thane : durables, adapt\u00e9es aux gros volumes et tr\u00e8s performantes, elles permettent de stocker plus de gaz dans vos installations.<\/p>\n<p><strong>Produits conformes \u00e0 la loi<\/strong><br \/>\nLa couverture \u00e0 double membrane d&rsquo;AlfaTeloni offre une solution de tr\u00e8s haute qualit\u00e9 pour la r\u00e9duction des gaz nocifs, conform\u00e9ment aux exigences de la loi sur le contr\u00f4le des \u00e9missions.<\/p>\n<p><strong>Les avantages<\/strong><br \/>\nGr\u00e2ce \u00e0 cette solution, vous aurez toujours le contr\u00f4le sur la quantit\u00e9 de gaz que vous souhaitez extraire. La structure externe est dimensionn\u00e9e pour r\u00e9sister aux \u00e9ventuelles surcharges dues au vent et \u00e0 la neige, tandis que la structure interne s&rsquo;adapte pour suivre les variations de pression dans le digesteur. Alfa Teloni vous propose une solution de qualit\u00e9 rapidement.<\/p>\n<p><strong>Pour plus d&rsquo;informations, veuillez visiter notre site Web \u00e0\u00a0: <a href=\"https:\/\/alfateloni.it\/en\/biogas-biometano\/\" target=\"_blank\" rel=\"noopener noreferrer\">https:\/\/alfateloni .it\/en\/biogas-biometano\/<\/a>.<\/strong><\/p>\n","protected":false},"excerpt":{"rendered":"Syst\u00e8mes de couverture en PVC pour r\u00e9servoirs de stockage\u00a0: protection maximale pour les formes cylindriques, rectangulaires et elliptiques.\r\n\r\nNos couvertures assurent une protection maximale contre les agents atmosph\u00e9riques, sont con\u00e7ues pour \u00eatre inodore et aident \u00e0 r\u00e9duire les \u00e9missions d\u2019ammoniac, de m\u00e9thane et de dioxyde de carbone. Les structures sont caract\u00e9ris\u00e9es par un design intelligent, compos\u00e9 d\u2019un poteau central robuste et de supports en acier inoxydable 316. Les sangles radiales en polyester, sp\u00e9cialement trait\u00e9es pour r\u00e9sister \u00e0 la boue, jouent un r\u00f4le crucial dans la pr\u00e9vention de l\u2019accumulation d\u2019eau de pluie \u00e0 l\u2019int\u00e9rieur du r\u00e9servoir, r\u00e9duisant ainsi le besoin d\u2019\u00e9limination.","protected":false},"featured_media":43841,"template":"","meta":{"_acf_changed":false,"content-type":""},"product_brand":[],"product_cat":[77,525,79,127],"product_tag":[],"class_list":{"0":"post-39098","1":"product","2":"type-product","3":"status-publish","4":"has-post-thumbnail","6":"product_cat-biomethanisation","7":"product_cat-toits-de-digesteur","8":"product_cat-valorisation-du-biogaz","9":"product_cat-reservoir-de-biogaz","11":"first","12":"instock","13":"taxable","14":"shipping-taxable","15":"product-type-simple"},"acf":[],"_links":{"self":[{"href":"https:\/\/biogasworld.com\/fr\/wp-json\/wp\/v2\/product\/39098","targetHints":{"allow":["GET"]}}],"collection":[{"href":"https:\/\/biogasworld.com\/fr\/wp-json\/wp\/v2\/product"}],"about":[{"href":"https:\/\/biogasworld.com\/fr\/wp-json\/wp\/v2\/types\/product"}],"wp:featuredmedia":[{"embeddable":true,"href":"https:\/\/biogasworld.com\/fr\/wp-json\/wp\/v2\/media\/43841"}],"wp:attachment":[{"href":"https:\/\/biogasworld.com\/fr\/wp-json\/wp\/v2\/media?parent=39098"}],"wp:term":[{"taxonomy":"product_brand","embeddable":true,"href":"https:\/\/biogasworld.com\/fr\/wp-json\/wp\/v2\/product_brand?post=39098"},{"taxonomy":"product_cat","embeddable":true,"href":"https:\/\/biogasworld.com\/fr\/wp-json\/wp\/v2\/product_cat?post=39098"},{"taxonomy":"product_tag","embeddable":true,"href":"https:\/\/biogasworld.com\/fr\/wp-json\/wp\/v2\/product_tag?post=39098"}],"curies":[{"name":"wp","href":"https:\/\/api.w.org\/{rel}","templated":true}]}}