{"id":39565,"date":"2023-02-23T10:24:38","date_gmt":"2023-02-23T15:25:51","guid":{"rendered":"https:\/\/www.biogasworld.com\/?post_type=product&#038;p=39565\/"},"modified":"2023-02-23T10:25:51","modified_gmt":"2023-02-23T15:25:51","slug":"nanoparticules-fer","status":"publish","type":"product","link":"https:\/\/biogasworld.com\/fr\/product\/biomethanisation\/nanoparticules-fer\/","title":{"rendered":"Nanoparticules pour la production de biogas"},"content":{"rendered":"","protected":false},"excerpt":{"rendered":"Les nanoparticules de fer de Calpech augmentent l\u2019efficacit\u00e9 des digesteurs ana\u00e9robies utilis\u00e9s dans la production de biogaz.\r\n\r\nLes nanoparticules, faites de d\u00e9chets d\u2019huile d\u2019olive, \u00e9liminent le sulfure d\u2019hydrog\u00e8ne, un gaz qui peut corroder les moteurs \u00e0 combustion. Cela entra\u00eene une augmentation des rendements de biogaz, ce qui peut augmenter les revenus des producteurs de biogaz.\r\n\r\nLes nanoparticules de Calpech sont nettement moins ch\u00e8res que d\u2019autres options sur le march\u00e9, ce qui en fait une solution rentable et durable pour am\u00e9liorer la production de biogaz.\r\n\r\nDans l\u2019ensemble, le produit de Calpech peut aider \u00e0 r\u00e9duire les impacts environnementaux et \u00e0 accro\u00eetre la rentabilit\u00e9 des producteurs de biogaz.","protected":false},"featured_media":39574,"template":"","meta":{"_acf_changed":false,"content-type":""},"product_brand":[],"product_cat":[145,77],"product_tag":[],"class_list":{"0":"post-39565","1":"product","2":"type-product","3":"status-publish","4":"has-post-thumbnail","6":"product_cat-anaerobic-digestion","7":"product_cat-biomethanisation","9":"first","10":"instock","11":"taxable","12":"shipping-taxable","13":"product-type-simple"},"acf":[],"_links":{"self":[{"href":"https:\/\/biogasworld.com\/fr\/wp-json\/wp\/v2\/product\/39565","targetHints":{"allow":["GET"]}}],"collection":[{"href":"https:\/\/biogasworld.com\/fr\/wp-json\/wp\/v2\/product"}],"about":[{"href":"https:\/\/biogasworld.com\/fr\/wp-json\/wp\/v2\/types\/product"}],"wp:featuredmedia":[{"embeddable":true,"href":"https:\/\/biogasworld.com\/fr\/wp-json\/wp\/v2\/media\/39574"}],"wp:attachment":[{"href":"https:\/\/biogasworld.com\/fr\/wp-json\/wp\/v2\/media?parent=39565"}],"wp:term":[{"taxonomy":"product_brand","embeddable":true,"href":"https:\/\/biogasworld.com\/fr\/wp-json\/wp\/v2\/product_brand?post=39565"},{"taxonomy":"product_cat","embeddable":true,"href":"https:\/\/biogasworld.com\/fr\/wp-json\/wp\/v2\/product_cat?post=39565"},{"taxonomy":"product_tag","embeddable":true,"href":"https:\/\/biogasworld.com\/fr\/wp-json\/wp\/v2\/product_tag?post=39565"}],"curies":[{"name":"wp","href":"https:\/\/api.w.org\/{rel}","templated":true}]}}