{"id":39627,"date":"2023-02-27T14:12:00","date_gmt":"2023-02-27T19:12:00","guid":{"rendered":"https:\/\/www.biogasworld.com\/?post_type=product&#038;p=39627\/"},"modified":"2023-02-27T14:16:55","modified_gmt":"2023-02-27T19:16:55","slug":"presse-vis-prs","status":"publish","type":"product","link":"https:\/\/biogasworld.com\/fr\/product\/traitement-des-eaux\/separation-solideliquide\/presse-vis-prs\/","title":{"rendered":"Presse \u00e0 vis PRS"},"content":{"rendered":"","protected":false},"excerpt":{"rendered":"Tietjen Verfahrenstechnik GmbH introduit la presse \u00e0 vis PRS pour ass\u00e9cher le mat\u00e9riel d\u2019emballage apr\u00e8s le d\u00e9ballage des d\u00e9chets organiques. Cette vis de d\u00e9shydratation est livr\u00e9e avec un design robuste, ce qui en fait l\u2019une des plus faciles d\u2019entretien et r\u00e9sistantes au bouchage sur le march\u00e9.","protected":false},"featured_media":39615,"template":"","meta":{"_acf_changed":false,"content-type":""},"product_brand":[],"product_cat":[86],"product_tag":[],"class_list":{"0":"post-39627","1":"product","2":"type-product","3":"status-publish","4":"has-post-thumbnail","6":"product_cat-separation-solideliquide","8":"first","9":"instock","10":"taxable","11":"shipping-taxable","12":"product-type-simple"},"acf":[],"_links":{"self":[{"href":"https:\/\/biogasworld.com\/fr\/wp-json\/wp\/v2\/product\/39627","targetHints":{"allow":["GET"]}}],"collection":[{"href":"https:\/\/biogasworld.com\/fr\/wp-json\/wp\/v2\/product"}],"about":[{"href":"https:\/\/biogasworld.com\/fr\/wp-json\/wp\/v2\/types\/product"}],"wp:featuredmedia":[{"embeddable":true,"href":"https:\/\/biogasworld.com\/fr\/wp-json\/wp\/v2\/media\/39615"}],"wp:attachment":[{"href":"https:\/\/biogasworld.com\/fr\/wp-json\/wp\/v2\/media?parent=39627"}],"wp:term":[{"taxonomy":"product_brand","embeddable":true,"href":"https:\/\/biogasworld.com\/fr\/wp-json\/wp\/v2\/product_brand?post=39627"},{"taxonomy":"product_cat","embeddable":true,"href":"https:\/\/biogasworld.com\/fr\/wp-json\/wp\/v2\/product_cat?post=39627"},{"taxonomy":"product_tag","embeddable":true,"href":"https:\/\/biogasworld.com\/fr\/wp-json\/wp\/v2\/product_tag?post=39627"}],"curies":[{"name":"wp","href":"https:\/\/api.w.org\/{rel}","templated":true}]}}