{"id":39718,"date":"2023-03-03T11:54:59","date_gmt":"2023-03-03T16:54:59","guid":{"rendered":"https:\/\/www.biogasworld.com\/fr\/product\/uncategorized\/membrane-double-triple-pour-gazometre-sol\/"},"modified":"2025-09-02T13:29:20","modified_gmt":"2025-09-02T17:29:20","slug":"gazometre-double-triple-membrane-sol","status":"publish","type":"product","link":"https:\/\/biogasworld.com\/fr\/product\/valorisation-du-biogaz\/reservoir-de-biogaz\/gazometre-double-triple-membrane-sol\/","title":{"rendered":"Gazom\u00e8tre \u00e0 double et triple membrane au sol"},"content":{"rendered":"<h2><span style=\"color: #000daa;\">Gazom\u00e8tre \u00e0 double et triple membrane au sol<\/span><\/h2>\n<p>Avez-vous besoin d\u2019une membrane imperm\u00e9able haute performance pour votre gazom\u00e8tre? Si oui, Ecomembrane propose 3Master et 2Master. Les deux produits sont con\u00e7us pour offrir une protection durable contre les dommages caus\u00e9s par l\u2019eau dans divers contextes.<\/p>\n<p><a href=\"https:\/\/www.ecomembrane.com\/en\/prodotto\/3master\/\" target=\"_blank\" rel=\"noopener noreferrer\"><strong>3Master<\/strong><\/a> est une membrane polyvalente convenant aux couvertures, aux fondations et aux murs de sout\u00e8nement. Il est fabriqu\u00e9 \u00e0 partir d\u2019un m\u00e9lange sp\u00e9cial de mat\u00e9riaux synth\u00e9tiques qui offrent une excellente r\u00e9sistance \u00e0 l\u2019eau, aux rayons UV et \u00e0 d\u2019autres facteurs environnementaux. Il est facile \u00e0 installer et n\u00e9cessite un entretien minimal, ce qui en fait une solution rentable pour les projets r\u00e9sidentiels et commerciaux.<\/p>\n<p><a href=\"https:\/\/www.ecomembrane.com\/en\/prodotto\/2master\/\" target=\"_blank\" rel=\"noopener noreferrer\"><strong>2Master<\/strong><\/a>, d\u2019autre part, est une membrane d\u2019imperm\u00e9abilisation souple et durable con\u00e7ue sp\u00e9cifiquement pour \u00eatre utilis\u00e9e dans des applications en dessous du niveau du sol comme les sous-sols, les tunnels et les m\u00e9tros. Il est fabriqu\u00e9 \u00e0 partir d\u2019un bitume modifi\u00e9 par polym\u00e8re de haute qualit\u00e9, qui fournit une excellente adh\u00e9sion aux surfaces de b\u00e9ton et aide \u00e0 emp\u00eacher la p\u00e9n\u00e9tration de l\u2019eau. Il est tr\u00e8s r\u00e9sistant aux perforations et aux d\u00e9chirures, ce qui le rend id\u00e9al pour les zones qui peuvent \u00eatre soumises \u00e0 une forte circulation ou d\u2019autres formes d\u2019usure. Comme 3Master, 2Master est facile \u00e0 installer et n\u00e9cessite un entretien minimal, ce qui en fait un choix populaire pour les projets de construction et de r\u00e9novation.<\/p>\n<p>&nbsp;<\/p>\n<p>&nbsp;<\/p>\n<p><img loading=\"lazy\" decoding=\"async\" class=\"aligncenter wp-image-39719 size-full\" src=\"https:\/\/biogasworld.com\/wp-content\/uploads\/2023\/03\/2Master.png\" alt=\"\" width=\"1024\" height=\"563\" srcset=\"https:\/\/biogasworld.com\/wp-content\/uploads\/2023\/03\/2Master.png 1024w, https:\/\/biogasworld.com\/wp-content\/uploads\/2023\/03\/2Master-250x137.png 250w\" sizes=\"auto, (max-width: 1024px) 100vw, 1024px\" \/><\/p>\n<p>&nbsp;<\/p>\n<h3><span style=\"color: #00d37d;\"><strong>Pourquoi choisir 2Master &amp; 3Master pour votre projet?<\/strong><\/span><\/h3>\n<ol>\n<li><strong>Protection contre les dommages caus\u00e9s par l\u2019eau\u00a0:<\/strong> Les projets de biogaz comprennent le stockage et le traitement des d\u00e9chets organiques, qui peuvent produire de grandes quantit\u00e9s d\u2019eau et d\u2019autres liquides. Les membranes d\u2019\u00e9tanch\u00e9it\u00e9 comme 3Master et 2Master aident \u00e0 prot\u00e9ger votre projet contre les dommages caus\u00e9s par l\u2019eau, en assurant l\u2019int\u00e9grit\u00e9 de la structure et en r\u00e9duisant le risque de fuites et d\u2019autres probl\u00e8mes.<\/li>\n<li><strong>Durabilit\u00e9\u00a0:<\/strong> 3Master et 2Master sont con\u00e7us pour \u00eatre durables, m\u00eame dans des environnements difficiles. Cela signifie qu\u2019ils fournissent une protection fiable contre les dommages caus\u00e9s par l\u2019eau pendant de nombreuses ann\u00e9es, r\u00e9duisant ainsi le besoin de r\u00e9parations ou de remplacements co\u00fbteux.<\/li>\n<li><strong>Facilit\u00e9 d\u2019installation\u00a0:<\/strong> Les deux produits sont faciles \u00e0 installer et n\u00e9cessitent un entretien minimal, ce qui vous fait \u00e9conomiser du temps et de l&rsquo;argent pendant la construction et l\u2019exploitation de votre projet de biogaz.<\/li>\n<li><strong>Polyvalence\u00a0:<\/strong> En fonction des besoins sp\u00e9cifiques de votre projet, vous aurez peut-\u00eatre besoin d\u2019une membrane d\u2019\u00e9tanch\u00e9it\u00e9 pouvant \u00eatre utilis\u00e9e dans diff\u00e9rentes applications. 3Master convient aux toitures, aux fondations et aux murs de sout\u00e8nement, tandis que 2Master est sp\u00e9cialement con\u00e7u pour les applications sous-jacentes telles que les sous-sols et les tunnels.<\/li>\n<\/ol>\n<p>&nbsp;<\/p>\n<h3><span style=\"color: #00d37d;\"><strong>Capacit\u00e9s<\/strong><\/span><\/h3>\n<ul>\n<li>Niveau de s\u00e9curit\u00e9 \u00e9lev\u00e9<\/li>\n<li>Faible consommation d\u2019\u00e9nergie<\/li>\n<li>Longue vie<\/li>\n<li>D\u00e9bit de stockage et de gaz \u00e9lev\u00e9<\/li>\n<li>Variabilit\u00e9 de forme<\/li>\n<li>Faible co\u00fbt<\/li>\n<li>Vannes de r\u00e9gulation de la pression d\u2019air<\/li>\n<li>Vannes de commande<\/li>\n<li>Capteur de niveau<\/li>\n<li>Ventilateurs d\u2019air centrifigual &#8211; Gazom\u00e8tre<\/li>\n<li>Syst\u00e8me d\u2019ancrage &#8211; Gazom\u00e8tre<\/li>\n<\/ul>\n<p>&nbsp;<\/p>\n<p>Pour plus d&rsquo;informations, visitez <a href=\"https:\/\/www.ecomembrane.com\/en\/\" target=\"_blank\" rel=\"noopener noreferrer\">notre site web<\/a> ou t\u00e9l\u00e9chargez <a href=\"https:\/\/biogasworld.com\/wp-content\/uploads\/2023\/03\/3Master.pdf\" target=\"_blank\" rel=\"noopener noreferrer\">notre brochure technique<\/a>.<\/p>\n","protected":false},"excerpt":{"rendered":"3Master et 2Master sont tous deux con\u00e7us pour offrir une protection durable contre les dommages caus\u00e9s par l\u2019eau dans une vari\u00e9t\u00e9 de projets.","protected":false},"featured_media":39722,"template":"","meta":{"_acf_changed":false,"content-type":""},"product_brand":[],"product_cat":[77,525,79,127],"product_tag":[],"class_list":{"0":"post-39718","1":"product","2":"type-product","3":"status-publish","4":"has-post-thumbnail","6":"product_cat-biomethanisation","7":"product_cat-toits-de-digesteur","8":"product_cat-valorisation-du-biogaz","9":"product_cat-reservoir-de-biogaz","11":"first","12":"instock","13":"taxable","14":"shipping-taxable","15":"product-type-simple"},"acf":[],"_links":{"self":[{"href":"https:\/\/biogasworld.com\/fr\/wp-json\/wp\/v2\/product\/39718","targetHints":{"allow":["GET"]}}],"collection":[{"href":"https:\/\/biogasworld.com\/fr\/wp-json\/wp\/v2\/product"}],"about":[{"href":"https:\/\/biogasworld.com\/fr\/wp-json\/wp\/v2\/types\/product"}],"wp:featuredmedia":[{"embeddable":true,"href":"https:\/\/biogasworld.com\/fr\/wp-json\/wp\/v2\/media\/39722"}],"wp:attachment":[{"href":"https:\/\/biogasworld.com\/fr\/wp-json\/wp\/v2\/media?parent=39718"}],"wp:term":[{"taxonomy":"product_brand","embeddable":true,"href":"https:\/\/biogasworld.com\/fr\/wp-json\/wp\/v2\/product_brand?post=39718"},{"taxonomy":"product_cat","embeddable":true,"href":"https:\/\/biogasworld.com\/fr\/wp-json\/wp\/v2\/product_cat?post=39718"},{"taxonomy":"product_tag","embeddable":true,"href":"https:\/\/biogasworld.com\/fr\/wp-json\/wp\/v2\/product_tag?post=39718"}],"curies":[{"name":"wp","href":"https:\/\/api.w.org\/{rel}","templated":true}]}}