{"id":39786,"date":"2023-03-06T15:48:08","date_gmt":"2023-03-06T20:48:08","guid":{"rendered":"https:\/\/www.biogasworld.com\/fr\/product\/uncategorized\/cupola-m1-cone\/"},"modified":"2025-09-19T11:09:47","modified_gmt":"2025-09-19T15:09:47","slug":"m1cover","status":"publish","type":"product","link":"https:\/\/biogasworld.com\/fr\/product\/valorisation-du-biogaz\/reservoir-de-biogaz\/m1cover\/","title":{"rendered":"M1COVER"},"content":{"rendered":"<h2><span style=\"color: #000daa;\">M1COVER, la parfaite couverture de contr\u00f4le des odeurs pour vos cuves de digestion!<\/span><\/h2>\n<p>Les couvertures M1COVER sont adapt\u00e9es pour couvrir les pr\u00e9-r\u00e9servoirs et les r\u00e9servoirs post-digestion.<\/p>\n<p>Elles peuvent \u00eatre con\u00e7ues pour couvrir le r\u00e9servoir pour le confinement des odeurs et la protection contre les pr\u00e9cipitations ou m\u00eame pour \u00eatre \u00e9tanches au gaz et servir de stockage du gaz.<\/p>\n<p>&nbsp;<\/p>\n<p><img loading=\"lazy\" decoding=\"async\" class=\"aligncenter wp-image-39769 size-full\" src=\"https:\/\/biogasworld.com\/wp-content\/uploads\/2023\/03\/intro-1-1024x557.jpg\" alt=\"\" width=\"1024\" height=\"557\" srcset=\"https:\/\/biogasworld.com\/wp-content\/uploads\/2023\/03\/intro-1-1024x557.jpg 1024w, https:\/\/biogasworld.com\/wp-content\/uploads\/2023\/03\/intro-1-1024x557-250x136.jpg 250w\" sizes=\"auto, (max-width: 1024px) 100vw, 1024px\" \/><\/p>\n<p>&nbsp;<\/p>\n<h3><span style=\"color: #00d37d;\"><strong>Pourquoi choisir M1COVER pour votre projet?<\/strong><\/span><\/h3>\n<ul>\n<li><strong>Haute durabilit\u00e9\u00a0:<\/strong> La membrane haute r\u00e9sistance utilis\u00e9e dans le d\u00f4me a \u00e9t\u00e9 con\u00e7ue pour r\u00e9sister \u00e0 des conditions environnementales difficiles, assurant une longue dur\u00e9e de vie du produit.<\/li>\n<li><strong>Facile \u00e0 installer\u00a0:<\/strong> Le d\u00f4me peut \u00eatre install\u00e9 rapidement et facilement, ce qui r\u00e9duit le temps et la main-d\u2019\u0153uvre n\u00e9cessaires au projet.<\/li>\n<li><strong>Rentabilit\u00e9\u00a0:<\/strong> Le d\u00f4me \u00e9comembrane M1 Cone est \u00e0 un prix comp\u00e9titif par rapport aux autres couvercles de r\u00e9servoir sur le march\u00e9, ce qui en fait un choix rentable pour un projet de biogaz.<\/li>\n<li><strong>Collecte efficace du gaz\u00a0:<\/strong> La conception \u00e9tanche du d\u00f4me garantit que le biogaz produit dans le r\u00e9servoir peut \u00eatre collect\u00e9 efficacement, maximisant la production d\u2019\u00e9nergie du projet.<\/li>\n<\/ul>\n<p>&nbsp;<\/p>\n<h3><span style=\"color: #00d37d;\"><strong>Capacit\u00e9s<\/strong><\/span><\/h3>\n<ul>\n<li>Peut \u00eatre install\u00e9 en quelques semaines<\/li>\n<li>Permet de couvrir n\u2019importe quel r\u00e9servoir rond<\/li>\n<li>Un co\u00fbt d\u2019investissement nettement inf\u00e9rieur<\/li>\n<li>Peut \u00eatre \u00e9quip\u00e9 d\u2019un syst\u00e8me de drainage<\/li>\n<li>Capture la plupart des odeurs de gaz<\/li>\n<li>R\u00e9sister au vent et \u00e0 la neige<\/li>\n<\/ul>\n<p>&nbsp;<\/p>\n<p>Pour plus d&rsquo;informations, visitez <a href=\"https:\/\/www.ecomembrane.com\/en\/\" target=\"_blank\" rel=\"noopener noreferrer\">notre site web<\/a> ou t\u00e9l\u00e9chargez <a href=\"https:\/\/biogasworld.com\/wp-content\/uploads\/2023\/03\/ECO_M1-CONE.pdf\" target=\"_blank\" rel=\"noopener noreferrer\">notre brochure technique<\/a>.<\/p>\n","protected":false},"excerpt":{"rendered":"Les couvertures M1COVER sont adapt\u00e9es pour couvrir les pr\u00e9-r\u00e9servoirs et les r\u00e9servoirs post-digestion.","protected":false},"featured_media":39788,"template":"","meta":{"_acf_changed":false,"content-type":""},"product_brand":[],"product_cat":[77,525,79,127],"product_tag":[],"class_list":{"0":"post-39786","1":"product","2":"type-product","3":"status-publish","4":"has-post-thumbnail","6":"product_cat-biomethanisation","7":"product_cat-toits-de-digesteur","8":"product_cat-valorisation-du-biogaz","9":"product_cat-reservoir-de-biogaz","11":"first","12":"instock","13":"taxable","14":"shipping-taxable","15":"product-type-simple"},"acf":[],"_links":{"self":[{"href":"https:\/\/biogasworld.com\/fr\/wp-json\/wp\/v2\/product\/39786","targetHints":{"allow":["GET"]}}],"collection":[{"href":"https:\/\/biogasworld.com\/fr\/wp-json\/wp\/v2\/product"}],"about":[{"href":"https:\/\/biogasworld.com\/fr\/wp-json\/wp\/v2\/types\/product"}],"wp:featuredmedia":[{"embeddable":true,"href":"https:\/\/biogasworld.com\/fr\/wp-json\/wp\/v2\/media\/39788"}],"wp:attachment":[{"href":"https:\/\/biogasworld.com\/fr\/wp-json\/wp\/v2\/media?parent=39786"}],"wp:term":[{"taxonomy":"product_brand","embeddable":true,"href":"https:\/\/biogasworld.com\/fr\/wp-json\/wp\/v2\/product_brand?post=39786"},{"taxonomy":"product_cat","embeddable":true,"href":"https:\/\/biogasworld.com\/fr\/wp-json\/wp\/v2\/product_cat?post=39786"},{"taxonomy":"product_tag","embeddable":true,"href":"https:\/\/biogasworld.com\/fr\/wp-json\/wp\/v2\/product_tag?post=39786"}],"curies":[{"name":"wp","href":"https:\/\/api.w.org\/{rel}","templated":true}]}}