{"id":39814,"date":"2023-03-07T11:51:25","date_gmt":"2023-03-07T16:51:25","guid":{"rendered":"https:\/\/www.biogasworld.com\/fr\/product\/uncategorized\/compresseurs-surpresseurs-biogaz\/"},"modified":"2023-03-16T15:12:43","modified_gmt":"2023-03-16T19:12:43","slug":"compresseurs-surpresseurs-biogaz","status":"publish","type":"product","link":"https:\/\/biogasworld.com\/fr\/product\/wastewater-treatment\/compressor\/compresseurs-surpresseurs-biogaz\/","title":{"rendered":"Compresseurs et surpresseurs de biogaz"},"content":{"rendered":"<h2><span style=\"color: #000daa;\">Compresseurs et surpresseurs de biogaz<\/span><\/h2>\n<p>Le biogaz extrait des mat\u00e9riaux biod\u00e9gradables peut \u00eatre comprim\u00e9 et utilis\u00e9 comme source de combustible durable.<\/p>\n<p>Applied Compression offre la plus grande s\u00e9lection de compresseurs et de surpresseurs \u00e0 basse, moyenne et haute pression en Am\u00e9rique du Nord pour les applications de gaz de digesteur corrosif de <strong>1 HP \u00e0 1000 HP<\/strong>.<\/p>\n<p>Nous offrons une <strong>expertise nord-am\u00e9ricaine en mati\u00e8re de fabrication et de conception<\/strong>, combin\u00e9e \u00e0 l\u2019exp\u00e9rience de fabricants de compresseurs de renomm\u00e9e internationale, dont LeRoi, Mapro, Blackmer, National Turbine, Mycom et Fornovogas.<\/p>\n<p>Ces ensembles sont con\u00e7us et fabriqu\u00e9s ici en Am\u00e9rique du Nord pour assurer la <strong>conformit\u00e9 aux exigences des codes locaux<\/strong>, y compris UL, CSA, ASME et OSHA.<\/p>\n<p>Nos modules de compresseur offrent un <strong>design simple et \u00e9pur\u00e9<\/strong> qui permet un acc\u00e8s facile pour la maintenance et sont disponibles avec un panneau de commande PLC mont\u00e9 localement adapt\u00e9 aux zones \u00e9lectriques de Classe 1 Div 2.<\/p>\n<p>Il existe \u00e9galement des syst\u00e8mes de commande \u00e0 vitesse variable qui correspondent uniform\u00e9ment \u00e0 la capacit\u00e9 du compresseur aux taux de production de gaz. En p\u00e9riode de faible demande, le VFD r\u00e9duit le d\u00e9bit de gaz en r\u00e9duisant la vitesse d\u2019entra\u00eenement. Cette r\u00e9duction de la vitesse d\u2019entra\u00eenement permet <strong>d\u2019\u00e9conomiser de la puissance<\/strong> et de <strong>r\u00e9duire les co\u00fbts<\/strong>. d\u2019exploitation.<\/p>\n<p>Notre atelier poss\u00e8de une certification de soudage de Classe A, un programme d\u2019assurance de la qualit\u00e9 CSA Z299.3 et une conformit\u00e9 \u00e0 ISNetworld.<\/p>\n<p>&nbsp;<\/p>\n<p><img loading=\"lazy\" decoding=\"async\" class=\"aligncenter wp-image-39816 size-full\" src=\"https:\/\/biogasworld.com\/wp-content\/uploads\/2023\/03\/Biogas-Compressor-and-Blower-Packages.jpg\" alt=\"\" width=\"356\" height=\"238\" srcset=\"https:\/\/biogasworld.com\/wp-content\/uploads\/2023\/03\/Biogas-Compressor-and-Blower-Packages.jpg 356w, https:\/\/biogasworld.com\/wp-content\/uploads\/2023\/03\/Biogas-Compressor-and-Blower-Packages-250x167.jpg 250w\" sizes=\"auto, (max-width: 356px) 100vw, 356px\" \/><\/p>\n<p>&nbsp;<\/p>\n<h3><span style=\"color: #00d37d;\"><strong>Pourquoi devriez-vous choisir nos compresseurs et surpresseurs pour votre projet?<\/strong><\/span><\/h3>\n<ul>\n<li>Le digesteur et le biogaz provenant de mat\u00e9riaux biod\u00e9gradables peuvent \u00eatre comprim\u00e9s et utilis\u00e9s comme <strong>source de combustible durable<\/strong>.<\/li>\n<li>Applied Compression offre une <strong>gamme compl\u00e8te de compresseurs basse et haute pression<\/strong> pour ces applications de gaz de digesteur corrosif, y compris le traitement des eaux us\u00e9es, le traitement des d\u00e9chets alimentaires et les digesteurs ana\u00e9robies de ferme.<\/li>\n<li>Nos compresseurs de digesteur et de biogaz sont <strong>con\u00e7us sp\u00e9cifiquement<\/strong> pour les m\u00e9langes de gaz contenant du dioxyde de carbone acide et du sulfure d\u2019hydrog\u00e8ne, dont la tuyauterie est fabriqu\u00e9e \u00e0 base d&rsquo;acier inoxydable, de refroidisseurs et de r\u00e9cipients sous pression.<\/li>\n<li>Nous offrons une <strong>expertise nord-am\u00e9ricaine en mati\u00e8re de fabrication et de conception<\/strong>, combin\u00e9e \u00e0 <strong>l\u2019exp\u00e9rience de fabricants de compresseurs de renomm\u00e9e internationale<\/strong>, dont LeRoi, Mapro, Knox-Western et Fornovo Gas.<\/li>\n<li>Ces syst\u00e8mes sont con\u00e7us et fabriqu\u00e9s ici m\u00eame en Am\u00e9rique du Nord pour assurer la <strong>conformit\u00e9 aux exigences des codes locaux<\/strong>, y compris UL, CSA, ASME et OSHA.<\/li>\n<li>Notre atelier poss\u00e8de une certification de soudage de Classe A, un programme d\u2019assurance de la qualit\u00e9 CSAZ299.3 et la conformit\u00e9 de s\u00e9curit\u00e9 ISNet.<\/li>\n<\/ul>\n<p>&nbsp;<\/p>\n<h3><span style=\"color: #00d37d;\"><strong>Utilisations<\/strong><\/span><\/h3>\n<ul>\n<li>Gaz d\u2019enfouissement<\/li>\n<li>Biogaz agricole<\/li>\n<li>Usines de traitement des eaux us\u00e9es<\/li>\n<li>Traitement des d\u00e9chets alimentaires<\/li>\n<li>GNR (gaz naturel renouvelable)<\/li>\n<\/ul>\n<p>&nbsp;<\/p>\n<p>Pour plus d&rsquo;informations, visitez <a href=\"https:\/\/www.appliedcompression.com\" target=\"_blank\" rel=\"noopener noreferrer\">notre site web<\/a> ou t\u00e9l\u00e9chargez <a href=\"https:\/\/biogasworld.com\/wp-content\/uploads\/2023\/03\/ACS-Company-Profile-Brochure-1.pdf\" target=\"_blank\" rel=\"noopener noreferrer\">notre brochure technique<\/a>.<\/p>\n","protected":false},"excerpt":{"rendered":"Compresseurs de biogaz de haute qualit\u00e9 qui sont efficaces, fiables et personnalisables pour r\u00e9pondre \u00e0 vos besoins uniques.","protected":false},"featured_media":39819,"template":"","meta":{"_acf_changed":false,"content-type":""},"product_brand":[],"product_cat":[120,154,522,94,181,523],"product_tag":[],"class_list":{"0":"post-39814","1":"product","2":"type-product","3":"status-publish","4":"has-post-thumbnail","6":"product_cat-pilotage-de-procede","7":"product_cat-process-pilot","8":"product_cat-biogas-compressors","9":"product_cat-compresseurs","10":"product_cat-compressor","11":"product_cat-compresseurs-biogaz","13":"first","14":"instock","15":"taxable","16":"shipping-taxable","17":"product-type-simple"},"acf":[],"_links":{"self":[{"href":"https:\/\/biogasworld.com\/fr\/wp-json\/wp\/v2\/product\/39814","targetHints":{"allow":["GET"]}}],"collection":[{"href":"https:\/\/biogasworld.com\/fr\/wp-json\/wp\/v2\/product"}],"about":[{"href":"https:\/\/biogasworld.com\/fr\/wp-json\/wp\/v2\/types\/product"}],"wp:featuredmedia":[{"embeddable":true,"href":"https:\/\/biogasworld.com\/fr\/wp-json\/wp\/v2\/media\/39819"}],"wp:attachment":[{"href":"https:\/\/biogasworld.com\/fr\/wp-json\/wp\/v2\/media?parent=39814"}],"wp:term":[{"taxonomy":"product_brand","embeddable":true,"href":"https:\/\/biogasworld.com\/fr\/wp-json\/wp\/v2\/product_brand?post=39814"},{"taxonomy":"product_cat","embeddable":true,"href":"https:\/\/biogasworld.com\/fr\/wp-json\/wp\/v2\/product_cat?post=39814"},{"taxonomy":"product_tag","embeddable":true,"href":"https:\/\/biogasworld.com\/fr\/wp-json\/wp\/v2\/product_tag?post=39814"}],"curies":[{"name":"wp","href":"https:\/\/api.w.org\/{rel}","templated":true}]}}