{"id":39825,"date":"2023-03-07T14:15:59","date_gmt":"2023-03-07T19:15:59","guid":{"rendered":"https:\/\/www.biogasworld.com\/fr\/product\/uncategorized\/compresseurs-gaz-synthese-hydrogene\/"},"modified":"2023-03-16T15:57:00","modified_gmt":"2023-03-16T19:57:00","slug":"compresseurs-gaz-synthese-hydrogene","status":"publish","type":"product","link":"https:\/\/biogasworld.com\/fr\/product\/wastewater-treatment\/compressor\/compresseurs-gaz-synthese-hydrogene\/","title":{"rendered":"Compresseurs de gaz de synth\u00e8se et d\u2019hydrog\u00e8ne"},"content":{"rendered":"<h2><span style=\"color: #000daa;\">Compresseurs de gaz de synth\u00e8se et d\u2019hydrog\u00e8ne<\/span><\/h2>\n<p>Le gaz de synth\u00e8se est un m\u00e9lange d\u2019hydrog\u00e8ne, de CO2, de CO et de CH4, principalement avec environ 50\u00a0% de la densit\u00e9 \u00e9nerg\u00e9tique des gaz naturels. Il est utilis\u00e9 comme source de combustible ou nettoy\u00e9 dans ses composants de base pour utilisation.<\/p>\n<p>La compression des gaz de synth\u00e8se et de l\u2019hydrog\u00e8ne n\u00e9cessite un syst\u00e8me de compression sans fuite. ACS a des solutions sp\u00e9cialement con\u00e7ues pour ces applications utilisant les <strong>technologies de compresseurs rotatifs \u00e0 palettes, soufflantes, vis rotatives, et compresseurs \u00e0 membrane<\/strong>. Nous concevons et fabriquons des solutions de compression qui <strong>conviennent parfaitement<\/strong> \u00e0 la r\u00e9cup\u00e9ration du gaz de synth\u00e8se des phases de pyrolyse et de gaz\u00e9ification de la d\u00e9composition de la biomasse. Ainsi que pour les syst\u00e8mes de ravitaillement en hydrog\u00e8ne qui n\u00e9cessitent une compression <strong>sans huile et des pressions jusqu\u2019\u00e0 750 BARG<\/strong>.<\/p>\n<p>Nos ensembles sont con\u00e7us pour g\u00e9rer le potentiel de corrosion, de fragilisation de l\u2019hydrog\u00e8ne et r\u00e9pondre aux exigences \u00e9lectriques li\u00e9es \u00e0 la compression des gaz de synth\u00e8se et de l\u2019hydrog\u00e8ne. Avec le choix de la compression sans huile, ACS peut \u00e9galement fournir des <strong>solutions de compression sans contaminants<\/strong>. Tous nos forfaits peuvent \u00eatre fournis en tant que syst\u00e8mes \u00e0 base ouverte ou avec des b\u00e2timents complets de style walk-in con\u00e7us pour des temp\u00e9ratures ambiantes jusqu\u2019\u00e0 -50C.<\/p>\n<p><img loading=\"lazy\" decoding=\"async\" class=\"aligncenter wp-image-39830 size-full\" src=\"https:\/\/biogasworld.com\/wp-content\/uploads\/2023\/03\/Headers-for-press-releases-1200x650-2.png\" alt=\"\" width=\"1200\" height=\"650\" srcset=\"https:\/\/biogasworld.com\/wp-content\/uploads\/2023\/03\/Headers-for-press-releases-1200x650-2.png 1200w, https:\/\/biogasworld.com\/wp-content\/uploads\/2023\/03\/Headers-for-press-releases-1200x650-2-250x135.png 250w\" sizes=\"auto, (max-width: 1200px) 100vw, 1200px\" \/><\/p>\n<h3><span style=\"color: #00d37d;\"><strong>Nos diff\u00e9rents mod\u00e8les et ensembles<\/strong><\/span><\/h3>\n<ul>\n<li><strong>Ensemble de suppresseurs de gaz de synth\u00e8se difficiles basse pression :<\/strong> Nous avons d\u00e9velopp\u00e9 une gamme compl\u00e8te d&rsquo;ensembles de surpresseurs de gaz de synth\u00e8se pour des pressions jusqu\u2019\u00e0 environ 15 PSIG (1 BARG). Nous offrons des options de soufflantes \u00e0 canal lat\u00e9ral, centrifuge et \u00e0 lobe rotatif. Nous pouvons vous aider \u00e0 choisir le bon surpresseur, les bonnes options et les bons accessoires pour votre application.<\/li>\n<li><strong>Ensemble de compresseurs de gaz de synth\u00e8se \u00e0 pression interm\u00e9diaire :<\/strong> Ces compresseurs conviennent parfaitement pour des pressions allant jusqu\u2019\u00e0 35 PSIG pour les unit\u00e9s refroidies par air et 50 PSIG pour les compresseurs refroidis par eau. Les compresseurs rotatifs \u00e0 palettes Mapro sont con\u00e7us pour fournir des ann\u00e9es de service continu dans les applications de gaz de synth\u00e8se corrosifs. L\u2019usure est limit\u00e9e aux palettes, roulements et joints d\u2019arbre, ce qui r\u00e9duit les co\u00fbts de maintenance et r\u00e9duit le nombre de pi\u00e8ces mobiles. Chaque compresseur fourni comprend un ensemble complet de manuels d\u2019utilisation et de fiches techniques. Chaque groupe compresseur est compl\u00e8tement assembl\u00e9 et test\u00e9 sous charge pour s\u2019assurer qu\u2019il quitte notre usine en parfait \u00e9tat de fonctionnement.<\/li>\n<li><strong>Ensemble de compresseurs de gaz de synth\u00e8se \u00e0 pression moyenne :<\/strong> Nos groupes de compresseurs \u00e0 pression moyenne sont con\u00e7us sp\u00e9cifiquement pour les exigences mat\u00e9rielles et \u00e9lectriques li\u00e9es aux applications difficiles. Cette conception modulaire nous permet de trouver la solution optimale pour chaque cas sp\u00e9cifique, d\u2019un point de vue technique et \u00e9conomique. Ces ensembles sont disponibles avec un panneau de commande pr\u00e9c\u00e2bl\u00e9 et mont\u00e9 localement ou avec les dispositifs d\u2019extr\u00e9mit\u00e9 c\u00e2bl\u00e9s \u00e0 une bo\u00eete de jonction pour le contr\u00f4le par un PLC de l\u2019usine principale. Il existe \u00e9galement des syst\u00e8mes d\u2019entra\u00eenement \u00e0 vitesse variable qui font correspondre les volumes de compression de gaz aux taux de production de gaz. En p\u00e9riode de faible demande, le VFD r\u00e9duit le d\u00e9bit de gaz en r\u00e9duisant la vitesse d\u2019entra\u00eenement. Cette r\u00e9duction de vitesse permet d\u2019\u00e9conomiser de la puissance et r\u00e9duit les co\u00fbts d\u2019exploitation. Notre objectif est de fournir des compresseurs de qualit\u00e9 sup\u00e9rieure et de haute fiabilit\u00e9 qui se traduisent par des co\u00fbts d\u2019exploitation r\u00e9duits et des profits accrus pour votre entreprise.<\/li>\n<li><strong>Ensemble de compresseurs haute pression de gaz de synth\u00e8se :<\/strong> Nous offrons \u00e9galement une gamme compl\u00e8te de groupes de compresseurs alternatifs haute pression pr\u00e9con\u00e7us pour les applications n\u00e9cessitant des pressions allant jusqu\u2019\u00e0 5000 PSIG. Nos ensembles alternatifs varient en taille de 5 \u00e0 750 HP (3,7 \u00e0 560 kW) et offrent une conception \u00e9pur\u00e9 qui permet un acc\u00e8s facile pour un entretien normal. Ces ensembles de compresseurs sont disponibles sous forme d\u2019unit\u00e9s simples mont\u00e9es sur base, log\u00e9 dans un bo\u00eetier r\u00e9sistant aux intemp\u00e9ries ou dans un b\u00e2timent de style walk-in pour les endroits \u00e0 climat froid.<\/li>\n<\/ul>\n<p>&nbsp;<\/p>\n<h3><span style=\"color: #00d37d;\"><strong>Capacit\u00e9s<\/strong><\/span><\/h3>\n<ul>\n<li>Nous offrons la plus vaste gamme de compresseurs et de soufflantes de gaz synth\u00e9tique en Am\u00e9rique du Nord.<\/li>\n<li>Les co\u00fbts d\u2019atelier sont bien inf\u00e9rieurs \u00e0 ceux de la construction sur en chantier.<\/li>\n<li>Bon nombre des ensembles que nous offrons ont \u00e9t\u00e9 con\u00e7us pour des livraisons rapides.<\/li>\n<li>Notre conception modulaire flexible nous permet de planifier et de fabriquer rapidement et \u00e9conomiquement un ensemble de compresseurs pour r\u00e9pondre aux sp\u00e9cifications individuelles des clients et aux applications sp\u00e9cifiques de l\u2019industrie.<\/li>\n<li>Chaque ensemble de compresseurs fabriqu\u00e9 par nous est livr\u00e9 avec un ensemble de pi\u00e8ces de rechange et des manuels d\u2019utilisation afin que vous puissiez comprendre clairement les exigences de fonctionnement et d\u2019entretien de l\u2019\u00e9quipement.<\/li>\n<li>\u00c0 la fin de la formation, vous recevrez une documentation d\u00e9taill\u00e9e sur le contr\u00f4le de la qualit\u00e9, y compris des rapports d\u2019essai des mat\u00e9riaux (TEM), des rapports d\u2019essai hydraulique, des certificats de radiographie, des qualifications en soudage, une cartographie des soudures, des formulaires ASME U1A, etc., pour assurer le fonctionnement s\u00e9curitaire de l\u2019\u00e9quipement pour les ann\u00e9es \u00e0 venir.<\/li>\n<li>Que vous ayez besoin d\u2019un ensemble \u00e0 exp\u00e9dier au Canada, en Am\u00e9rique du Nord ou \u00e0 l\u2019\u00e9tranger, nous pouvons vous aider \u00e0 prendre des dispositions finales pour l\u2019exp\u00e9dition \u00e0 votre emplacement.<\/li>\n<\/ul>\n<p>&nbsp;<\/p>\n<p>Pour plus d&rsquo;informations, visitez <a href=\"https:\/\/www.appliedcompression.com\" target=\"_blank\" rel=\"noopener noreferrer\">notre site web<\/a> ou t\u00e9l\u00e9chargez <a href=\"https:\/\/biogasworld.com\/wp-content\/uploads\/2023\/03\/ACS-Company-Profile-Brochure-1.pdf\" target=\"_blank\" rel=\"noopener noreferrer\">notre brochure technique<\/a>.<\/p>\n","protected":false},"excerpt":{"rendered":"Applied Compression Systems fournit des compresseurs de gaz de synth\u00e8se durables et personnalisables pour une performance optimale du processus de gaz\u00e9ification.","protected":false},"featured_media":39827,"template":"","meta":{"_acf_changed":false,"content-type":""},"product_brand":[],"product_cat":[120,154,522,94,181,523],"product_tag":[],"class_list":{"0":"post-39825","1":"product","2":"type-product","3":"status-publish","4":"has-post-thumbnail","6":"product_cat-pilotage-de-procede","7":"product_cat-process-pilot","8":"product_cat-biogas-compressors","9":"product_cat-compresseurs","10":"product_cat-compressor","11":"product_cat-compresseurs-biogaz","13":"first","14":"instock","15":"taxable","16":"shipping-taxable","17":"product-type-simple"},"acf":[],"_links":{"self":[{"href":"https:\/\/biogasworld.com\/fr\/wp-json\/wp\/v2\/product\/39825","targetHints":{"allow":["GET"]}}],"collection":[{"href":"https:\/\/biogasworld.com\/fr\/wp-json\/wp\/v2\/product"}],"about":[{"href":"https:\/\/biogasworld.com\/fr\/wp-json\/wp\/v2\/types\/product"}],"wp:featuredmedia":[{"embeddable":true,"href":"https:\/\/biogasworld.com\/fr\/wp-json\/wp\/v2\/media\/39827"}],"wp:attachment":[{"href":"https:\/\/biogasworld.com\/fr\/wp-json\/wp\/v2\/media?parent=39825"}],"wp:term":[{"taxonomy":"product_brand","embeddable":true,"href":"https:\/\/biogasworld.com\/fr\/wp-json\/wp\/v2\/product_brand?post=39825"},{"taxonomy":"product_cat","embeddable":true,"href":"https:\/\/biogasworld.com\/fr\/wp-json\/wp\/v2\/product_cat?post=39825"},{"taxonomy":"product_tag","embeddable":true,"href":"https:\/\/biogasworld.com\/fr\/wp-json\/wp\/v2\/product_tag?post=39825"}],"curies":[{"name":"wp","href":"https:\/\/api.w.org\/{rel}","templated":true}]}}