{"id":40026,"date":"2023-03-28T18:02:09","date_gmt":"2023-03-28T22:02:09","guid":{"rendered":"https:\/\/www.biogasworld.com\/product\/uncategorized\/incineration-analytical-services\/"},"modified":"2023-04-03T16:33:03","modified_gmt":"2023-04-03T20:33:03","slug":"services-incineration-analyse","status":"publish","type":"product","link":"https:\/\/biogasworld.com\/fr\/product\/services-de-laboratoire\/services-incineration-analyse\/","title":{"rendered":"Services d\u2019incin\u00e9ration et d\u2019analyse"},"content":{"rendered":"<h2><span style=\"color: #000daa;\">Services d\u2019incin\u00e9ration et d\u2019analyse<\/span><\/h2>\n<p>MRR fournit des services d\u2019incin\u00e9ration portables complets pour les usines de GNR, avec une capacit\u00e9 de jusqu\u2019\u00e0 1 mmscfh pour soutenir le d\u00e9marrage des usines ou \u00e9liminer les produits hors sp\u00e9cifications. En outre, ils offrent une gamme de services analytiques, y compris la chromatographie, les cellules \u00e9lectrochimiques et les tubes colorim\u00e9triques pour mesurer et ajuster avec pr\u00e9cision les niveaux d\u2019odorisation.<\/p>\n<p>&nbsp;<\/p>\n<p><img loading=\"lazy\" decoding=\"async\" class=\"aligncenter wp-image-40012 size-full\" src=\"https:\/\/biogasworld.com\/wp-content\/uploads\/2023\/03\/incineration_Analytical_services_02.jpg\" alt=\"\" width=\"304\" height=\"307\" srcset=\"https:\/\/biogasworld.com\/wp-content\/uploads\/2023\/03\/incineration_Analytical_services_02.jpg 304w, https:\/\/biogasworld.com\/wp-content\/uploads\/2023\/03\/incineration_Analytical_services_02-100x100.jpg 100w, https:\/\/biogasworld.com\/wp-content\/uploads\/2023\/03\/incineration_Analytical_services_02-250x252.jpg 250w, https:\/\/biogasworld.com\/wp-content\/uploads\/2023\/03\/incineration_Analytical_services_02-248x250.jpg 248w, https:\/\/biogasworld.com\/wp-content\/uploads\/2023\/03\/incineration_Analytical_services_02-80x80.jpg 80w\" sizes=\"auto, (max-width: 304px) 100vw, 304px\" \/><\/p>\n<p style=\"text-align: center;\"><em>Services d&rsquo;incin\u00e9ration<\/em><\/p>\n<p>&nbsp;<\/p>\n<p><img loading=\"lazy\" decoding=\"async\" class=\"aligncenter wp-image-40010 size-full\" src=\"https:\/\/biogasworld.com\/wp-content\/uploads\/2023\/03\/incineration_Analytical_services_03.jpg\" alt=\"\" width=\"626\" height=\"269\" srcset=\"https:\/\/biogasworld.com\/wp-content\/uploads\/2023\/03\/incineration_Analytical_services_03.jpg 626w, https:\/\/biogasworld.com\/wp-content\/uploads\/2023\/03\/incineration_Analytical_services_03-250x107.jpg 250w\" sizes=\"auto, (max-width: 626px) 100vw, 626px\" \/><\/p>\n<p style=\"text-align: center;\"><em>Services d&rsquo;analyse<\/em><\/p>\n<p>&nbsp;<\/p>\n<h3><span style=\"color: #00d37d;\"><strong>Pourquoi choisir nos services d\u2019incin\u00e9ration et d\u2019analyse pour votre projet?<\/strong><\/span><\/h3>\n<ul>\n<li>Les services d\u2019incin\u00e9ration portables aident le d\u00e9marrage de votre usine de GNR en g\u00e9n\u00e9rant des d\u00e9bits ou en incin\u00e9rant des produits hors sp\u00e9cifications, ce qui peut \u00e9conomiser temps et argent.<\/li>\n<li>Les services d\u2019analyse de MRR aident \u00e0 mesurer et \u00e0 ajuster les taux d\u2019odorisation, en assurant la conformit\u00e9 aux r\u00e8glements. Ex\u00e9cutez vos projets en toute tranquillit\u00e9 d\u2019esprit!<\/li>\n<li>L\u2019utilisation des services de MRR garantissent que les projets de GNR fonctionnent de mani\u00e8re s\u00fbre et efficace, r\u00e9duisant le risque d\u2019incidents et de temps d\u2019arr\u00eat.<\/li>\n<li>L\u2019expertise de MRR dans l\u2019industrie peut vous fournir des informations et des conseils pr\u00e9cieux pour les projets de GNR, aidant \u00e0 optimiser les processus et am\u00e9liorer le rendement global.<\/li>\n<li>En externalisant ces services \u00e0 MRR, les \u00e9quipes de projet de GNR peuvent se concentrer sur leurs activit\u00e9s et responsabilit\u00e9s de base sans avoir \u00e0 g\u00e9rer les services d\u2019incin\u00e9ration et d\u2019analyse.<\/li>\n<\/ul>\n<p>&nbsp;<\/p>\n<p>Pour plus d&rsquo;informations, visitez <a href=\"https:\/\/www.odorizationbymrr.com\" target=\"_blank\" rel=\"noopener noreferrer\">notre site web<\/a>.<\/p>\n","protected":false},"excerpt":{"rendered":"Les services d\u2019incin\u00e9ration et d\u2019analyse portables de MRR fournissent des solutions fiables pour les start-ups GNR et le maintien de taux d\u2019odorisation optimaux.","protected":false},"featured_media":40015,"template":"","meta":{"_acf_changed":false,"content-type":""},"product_brand":[],"product_cat":[409],"product_tag":[],"class_list":{"0":"post-40026","1":"product","2":"type-product","3":"status-publish","4":"has-post-thumbnail","6":"product_cat-services-de-laboratoire","8":"first","9":"instock","10":"taxable","11":"shipping-taxable","12":"product-type-simple"},"acf":[],"_links":{"self":[{"href":"https:\/\/biogasworld.com\/fr\/wp-json\/wp\/v2\/product\/40026","targetHints":{"allow":["GET"]}}],"collection":[{"href":"https:\/\/biogasworld.com\/fr\/wp-json\/wp\/v2\/product"}],"about":[{"href":"https:\/\/biogasworld.com\/fr\/wp-json\/wp\/v2\/types\/product"}],"wp:featuredmedia":[{"embeddable":true,"href":"https:\/\/biogasworld.com\/fr\/wp-json\/wp\/v2\/media\/40015"}],"wp:attachment":[{"href":"https:\/\/biogasworld.com\/fr\/wp-json\/wp\/v2\/media?parent=40026"}],"wp:term":[{"taxonomy":"product_brand","embeddable":true,"href":"https:\/\/biogasworld.com\/fr\/wp-json\/wp\/v2\/product_brand?post=40026"},{"taxonomy":"product_cat","embeddable":true,"href":"https:\/\/biogasworld.com\/fr\/wp-json\/wp\/v2\/product_cat?post=40026"},{"taxonomy":"product_tag","embeddable":true,"href":"https:\/\/biogasworld.com\/fr\/wp-json\/wp\/v2\/product_tag?post=40026"}],"curies":[{"name":"wp","href":"https:\/\/api.w.org\/{rel}","templated":true}]}}