{"id":40028,"date":"2023-03-28T17:08:02","date_gmt":"2023-03-28T21:08:02","guid":{"rendered":"https:\/\/www.biogasworld.com\/product\/uncategorized\/mrr22-bypass-odorizer\/"},"modified":"2023-04-03T15:16:18","modified_gmt":"2023-04-03T19:16:18","slug":"mrr22","status":"publish","type":"product","link":"https:\/\/biogasworld.com\/fr\/product\/biomethanisation\/traitement-des-odeurs\/mrr22\/","title":{"rendered":"MRR22"},"content":{"rendered":"<h2><span style=\"color: #000daa;\">MRR22<\/span><\/h2>\n<p>L\u2019odorisateur de type \u00ab bypass \u00bb MRR22 est une solution id\u00e9ale pour ceux qui cherchent \u00e0 l\u2019utiliser sur GNR, GNC, GNL et gaz de distribution. Sa conception compacte et flexible le rend facile \u00e0 installer \u00e0 diff\u00e9rents emplacements. Avec une pression d\u2019utilisation maximale admissible (MAOP) allant jusqu\u2019\u00e0 1000 psig et des taux d\u2019odorisation allant de 8 mg\/m3 \u00e0 16 mg\/m3, il fournit une odorisation constante et fiable.<\/p>\n<p>L\u2019odorisateur \u201cbypass\u201c MRR22 a \u00e9t\u00e9 con\u00e7u pour des d\u00e9bits allant de 0 \u2013 1000 mscfh (28,3 km3\/h) \u00e0 0,5 lbs\/mmscf (8 mg\/m3), 30 mscfh (850m3\/h) pour un remplissage annuel, ce qui en fait une option polyvalente pour diverses applications, assurant un fonctionnement \u00e0 long terme, sans tracas.<\/p>\n<p>L\u2019une des caract\u00e9ristiques les plus remarquables de l\u2019odorisateur MRR22 est son volume de remplissage de 19 gallons, qui offre une grande capacit\u00e9 de stockage. Il est \u00e9galement livr\u00e9 avec un bassin de r\u00e9tention en acier inoxydable et un couvercle en aluminium, ce qui le rend durable et r\u00e9sistant aux intemp\u00e9ries.<\/p>\n<p>L\u2019odorisateur MRR22 est enti\u00e8rement personnalisable et peut \u00eatre \u00e9quip\u00e9 d\u2019une jauge de niveau radar ou m\u00e9canique, d\u2019une soupape de d\u00e9charge de pression et de vannes sph\u00e9riques de s\u00e9rie 60, Swagelok. Disponible en diff\u00e9rentes tailles allant de 1 gallon \u00e0 250 gallons de capacit\u00e9, c\u2019est une solution polyvalente et personnalisable pour l\u2019odorisation de divers types de gaz.<\/p>\n<p>Dans l\u2019ensemble, l\u2019odorisateur MRR22 est un excellent choix pour ceux qui recherchent une solution d\u2019odorisation fiable et flexible pour leurs applications gazeuses. Ses caract\u00e9ristiques personnalisables, sa construction durable et sa capacit\u00e9 de remplissage \u00e0 long terme en font un odorisateur de choix dans notre industrie.<\/p>\n<p>&nbsp;<\/p>\n<p><img loading=\"lazy\" decoding=\"async\" class=\"aligncenter wp-image-39979 size-full\" src=\"https:\/\/biogasworld.com\/wp-content\/uploads\/2023\/03\/Image1.jpg\" alt=\"\" width=\"543\" height=\"724\" srcset=\"https:\/\/biogasworld.com\/wp-content\/uploads\/2023\/03\/Image1.jpg 543w, https:\/\/biogasworld.com\/wp-content\/uploads\/2023\/03\/Image1-250x333.jpg 250w, https:\/\/biogasworld.com\/wp-content\/uploads\/2023\/03\/Image1-188x250.jpg 188w\" sizes=\"auto, (max-width: 543px) 100vw, 543px\" \/><\/p>\n<p>&nbsp;<\/p>\n<h3><span style=\"color: #00d37d;\"><strong>Pourquoi choisir MRR22 pour vos projets?<\/strong><\/span><\/h3>\n<ul>\n<li><strong>Odorisation fiable et constante :<\/strong> L\u2019odorisateur MRR22 fournit un taux d\u2019odorisation constant et fiable de 8 mg\/m3 \u00e0 16 mg\/m3, garantissant que le gaz GNR est facilement d\u00e9tectable en cas de fuite ou d\u2019autres probl\u00e8mes de s\u00e9curit\u00e9. Cela est essentiel pour assurer la s\u00e9curit\u00e9 de l\u2019environnement et des personnes qui utilisent le gaz.<\/li>\n<li><strong>Application polyvalente :<\/strong> L\u2019odorisateur MRR22 est une solution flexible pour divers projets de GNR, car il peut \u00eatre utilis\u00e9 pour le GNR, le GNC, et le gaz de distribution. Son d\u00e9bit de conception allant de 0 \u00e0 1000 mscfh (28,3 km3\/h) \u00e0 0,5 lb\/mmscf (8mg\/m3) le rend adapt\u00e9 \u00e0 diverses applications GNR.<\/li>\n<li><strong>Caract\u00e9ristiques personnalisables :<\/strong> L\u2019odorisateur MRR22 est enti\u00e8rement personnalisable, permettant aux utilisateurs de choisir entre une jauge de niveau radar ou m\u00e9canique, soupape de d\u00e9charge de pression de taille incendie, et les vannes sph\u00e9riques de s\u00e9rie 60, Swagelok. Les utilisateurs peuvent \u00e9galement choisir parmi diff\u00e9rentes tailles allant de 1 gallon \u00e0 250 gallons de capacit\u00e9 pour r\u00e9pondre \u00e0 leurs besoins sp\u00e9cifiques.<\/li>\n<li><strong>Capacit\u00e9 de remplissage \u00e0 long terme :<\/strong> L\u2019odorisateur MRR22 offre la capacit\u00e9 de n\u2019\u00eatre rempli qu\u2019annuellement pour des d\u00e9bits de 30 mscfh (850 m3\/h), ce qui en fait une solution rentable pour une utilisation \u00e0 long terme dans les projets RNG.<\/li>\n<li><strong>Durable et r\u00e9sistant :<\/strong> L\u2019odorisateur MRR22 est con\u00e7u pour durer, avec son bassin de r\u00e9tention en acier inoxydable et une couverture en aluminium, assurant qu\u2019il peut r\u00e9sister aux conditions m\u00e9t\u00e9orologiques difficiles et \u00e0 d\u2019autres facteurs environnementaux.<\/li>\n<\/ul>\n<p>&nbsp;<\/p>\n<p>Pour plus d&rsquo;informations, visitez <a href=\"https:\/\/www.odorizationbymrr.com\" target=\"_blank\" rel=\"noopener noreferrer\">notre site web<\/a>.<\/p>\n","protected":false},"excerpt":{"rendered":"L\u2019odoriseur de d\u00e9rivation MRR22 est une solution compacte, flexible et personnalisable pour l\u2019odorisation du GNR, du GNC, du GNL et du gaz de distribution. Avec un taux d\u2019odorisation fiable, une capacit\u00e9 de remplissage \u00e0 long terme et une construction durable, c\u2019est un investissement id\u00e9al pour assurer la s\u00e9curit\u00e9 et la fiabilit\u00e9 de votre projet de GNR.","protected":false},"featured_media":39982,"template":"","meta":{"_acf_changed":false,"content-type":""},"product_brand":[],"product_cat":[121],"product_tag":[],"class_list":{"0":"post-40028","1":"product","2":"type-product","3":"status-publish","4":"has-post-thumbnail","6":"product_cat-traitement-des-odeurs","8":"first","9":"instock","10":"taxable","11":"shipping-taxable","12":"product-type-simple"},"acf":[],"_links":{"self":[{"href":"https:\/\/biogasworld.com\/fr\/wp-json\/wp\/v2\/product\/40028","targetHints":{"allow":["GET"]}}],"collection":[{"href":"https:\/\/biogasworld.com\/fr\/wp-json\/wp\/v2\/product"}],"about":[{"href":"https:\/\/biogasworld.com\/fr\/wp-json\/wp\/v2\/types\/product"}],"wp:featuredmedia":[{"embeddable":true,"href":"https:\/\/biogasworld.com\/fr\/wp-json\/wp\/v2\/media\/39982"}],"wp:attachment":[{"href":"https:\/\/biogasworld.com\/fr\/wp-json\/wp\/v2\/media?parent=40028"}],"wp:term":[{"taxonomy":"product_brand","embeddable":true,"href":"https:\/\/biogasworld.com\/fr\/wp-json\/wp\/v2\/product_brand?post=40028"},{"taxonomy":"product_cat","embeddable":true,"href":"https:\/\/biogasworld.com\/fr\/wp-json\/wp\/v2\/product_cat?post=40028"},{"taxonomy":"product_tag","embeddable":true,"href":"https:\/\/biogasworld.com\/fr\/wp-json\/wp\/v2\/product_tag?post=40028"}],"curies":[{"name":"wp","href":"https:\/\/api.w.org\/{rel}","templated":true}]}}