{"id":40030,"date":"2023-03-28T17:51:24","date_gmt":"2023-03-28T21:51:24","guid":{"rendered":"https:\/\/www.biogasworld.com\/product\/uncategorized\/odorant-delivery-service\/"},"modified":"2023-04-03T16:30:22","modified_gmt":"2023-04-03T20:30:22","slug":"service-livraison-odorant","status":"publish","type":"product","link":"https:\/\/biogasworld.com\/fr\/product\/traitement-des-eaux\/traitement-biologique\/service-livraison-odorant\/","title":{"rendered":"Service de livraison d\u2019odorants"},"content":{"rendered":"<h2><span style=\"color: #000daa;\">Service de livraison d\u2019odorants<\/span><\/h2>\n<p>MRR poss\u00e8de et exploite un service de distribution d\u2019odorants pour gaz naturel (TBM ou THT) et de propane (EM) depuis le centre des op\u00e9rations de WV de Philippi.\u00a0 Nous offrons les odorants liquides Scentinel de Chevron Phillips. Nous sommes \u00e9galement l\u00e0 pour r\u00e9pondre \u00e0 vos besoins en termes de transferts d\u2019odorant, de filtration pour r\u00e9utilisation (via des cartouches de 20um), de remplissage de cylindres et r\u00e9servoirs ainsi que pour r\u00e9pondre \u00e0 tous les types de d\u00e9versements d\u2019odorant.<\/p>\n<p>&nbsp;<\/p>\n<p><img loading=\"lazy\" decoding=\"async\" class=\"aligncenter wp-image-40003 size-full\" src=\"https:\/\/biogasworld.com\/wp-content\/uploads\/2023\/03\/Odorant-delivery.jpg\" alt=\"\" width=\"935\" height=\"544\" srcset=\"https:\/\/biogasworld.com\/wp-content\/uploads\/2023\/03\/Odorant-delivery.jpg 935w, https:\/\/biogasworld.com\/wp-content\/uploads\/2023\/03\/Odorant-delivery-250x145.jpg 250w\" sizes=\"auto, (max-width: 935px) 100vw, 935px\" \/><\/p>\n<p>&nbsp;<\/p>\n<h3><span style=\"color: #00d37d;\"><strong>Pourquoi devriez-vous choisir notre service de livraison d&rsquo;odorants pour votre projet?<\/strong><\/span><\/h3>\n<ul>\n<li><strong>Odorants de haute qualit\u00e9\u00a0<\/strong>:MRR offre les odorants liquides Scentinel de Chevron Phillips, qui sont connus pour leur qualit\u00e9 et leur efficacit\u00e9 \u00e0 assurer la livraison s\u00fbre et fiable de gaz naturel et de propane.<\/li>\n<li><strong>Services complets\u00a0<\/strong>:MRR offre une gamme de services, y compris les transferts d\u2019odorant, filtration pour r\u00e9utilisation, remplissage de cylindres ou r\u00e9servoirs d\u2019odorant et intervention en cas de d\u00e9versement, en veillant \u00e0 ce que tous vos besoins odorants sont satisfaits.<\/li>\n<li><strong>Service rapide et fiable\u00a0<\/strong>:MRR est fier de son service rapide et fiable, assurant que vos livraisons d\u2019odorant sont effectu\u00e9es de mani\u00e8re rapide et efficace.<\/li>\n<li><strong>\u00c9quipe exp\u00e9riment\u00e9e\u00a0<\/strong>:L\u2019\u00e9quipe d\u2019experts de MRR a des ann\u00e9es d\u2019exp\u00e9rience dans l\u2019industrie du gaz naturel et propane, assurant que vous recevez les meilleurs conseils et soutien pour votre projet de GNR.<\/li>\n<li><strong>S\u00e9curit\u00e9<\/strong>:\u00a0MRR accorde la plus haute priorit\u00e9 \u00e0 la s\u00e9curit\u00e9, et son service de livraison est con\u00e7u pour garantir que les odorants soient livr\u00e9es et manipul\u00e9es en toute s\u00e9curit\u00e9, minimisant ainsi le risque d\u2019accidents ou d\u2019incidents.<\/li>\n<\/ul>\n<p>&nbsp;<\/p>\n<p>Pour plus d&rsquo;informations, visitez <a href=\"https:\/\/www.odorizationbymrr.com\" target=\"_blank\" rel=\"noopener noreferrer\">notre site web<\/a>.<\/p>\n","protected":false},"excerpt":{"rendered":"MRR offre un service fiable et efficace de livraison et de gestion des odeurs pour les projets de gaz naturel et de propane GNR. Leurs services comprennent le transfert d\u2019odeurs, la filtration, le remplissage de bouteilles et l\u2019intervention en cas de d\u00e9versement \u00e0 l\u2019aide d\u2019odeurs liquides Chevron Phillips Scentinel.","protected":false},"featured_media":40002,"template":"","meta":{"_acf_changed":false,"content-type":""},"product_brand":[],"product_cat":[121,90],"product_tag":[],"class_list":{"0":"post-40030","1":"product","2":"type-product","3":"status-publish","4":"has-post-thumbnail","6":"product_cat-traitement-des-odeurs","7":"product_cat-traitement-biologique","9":"first","10":"instock","11":"taxable","12":"shipping-taxable","13":"product-type-simple"},"acf":[],"_links":{"self":[{"href":"https:\/\/biogasworld.com\/fr\/wp-json\/wp\/v2\/product\/40030","targetHints":{"allow":["GET"]}}],"collection":[{"href":"https:\/\/biogasworld.com\/fr\/wp-json\/wp\/v2\/product"}],"about":[{"href":"https:\/\/biogasworld.com\/fr\/wp-json\/wp\/v2\/types\/product"}],"wp:featuredmedia":[{"embeddable":true,"href":"https:\/\/biogasworld.com\/fr\/wp-json\/wp\/v2\/media\/40002"}],"wp:attachment":[{"href":"https:\/\/biogasworld.com\/fr\/wp-json\/wp\/v2\/media?parent=40030"}],"wp:term":[{"taxonomy":"product_brand","embeddable":true,"href":"https:\/\/biogasworld.com\/fr\/wp-json\/wp\/v2\/product_brand?post=40030"},{"taxonomy":"product_cat","embeddable":true,"href":"https:\/\/biogasworld.com\/fr\/wp-json\/wp\/v2\/product_cat?post=40030"},{"taxonomy":"product_tag","embeddable":true,"href":"https:\/\/biogasworld.com\/fr\/wp-json\/wp\/v2\/product_tag?post=40030"}],"curies":[{"name":"wp","href":"https:\/\/api.w.org\/{rel}","templated":true}]}}