{"id":40032,"date":"2023-03-28T17:41:23","date_gmt":"2023-03-28T21:41:23","guid":{"rendered":"https:\/\/www.biogasworld.com\/product\/uncategorized\/odor-control-products\/"},"modified":"2023-04-03T16:27:07","modified_gmt":"2023-04-03T20:27:07","slug":"produits-controle-des-odeurs","status":"publish","type":"product","link":"https:\/\/biogasworld.com\/fr\/product\/biomethanisation\/traitement-des-odeurs\/produits-controle-des-odeurs\/","title":{"rendered":"Produits de contr\u00f4le des odeurs"},"content":{"rendered":"<h2><span style=\"color: #000daa;\">Produits de contr\u00f4le des odeurs<\/span><\/h2>\n<p>MRR offre une gamme compl\u00e8te de filtres au charbon actif brevet\u00e9s qui fournissent l\u2019\u00e9limination \u00e0 long terme et rentable des odeurs par adsorbtion sur un lit de charbon actif. Ils sont utilis\u00e9s pour d\u00e9pressuriser les r\u00e9servoirs odorants, pour capter les \u00e9missions fugitives pendant les travaux d\u2019entretien pr\u00e9ventif de l\u2019odorisateur ou pendant une intervention en cas de d\u00e9versement.<\/p>\n<p>Les filtres EZ Carbon sont \u00e9quip\u00e9s d\u2019un aspirateur antid\u00e9flagrant de 1\/3 hp (d\u00e9bit de conception de 200 cfm) qui est soit mont\u00e9 sur le dessus du baril en acier, soit d\u00e9tach\u00e9. Ils sont disponibles dans un format de 30 ou 55 gallons.<\/p>\n<p>La version de 55 gallons avec moteur attach\u00e9 p\u00e8se environ 270 lb, mais le baril peut facilement \u00eatre remplac\u00e9 car le moteur de l\u2019aspirateur est fix\u00e9 au couvercle.<\/p>\n<p>Nous concevons et installons \u00e9galement des syst\u00e8mes de filtration sur mesure pour mieux r\u00e9pondre aux besoins de nos clients.<\/p>\n<p>Nous avons une gamme compl\u00e8te d\u2019autres produits de contr\u00f4le des odeurs, y compris : Deomer, Agent de masquage et filtres au charbon passifs<\/p>\n<p>&nbsp;<\/p>\n<p><img loading=\"lazy\" decoding=\"async\" class=\"aligncenter wp-image-39996 size-full\" src=\"https:\/\/biogasworld.com\/wp-content\/uploads\/2023\/03\/Odor-control-products.jpg\" alt=\"\" width=\"297\" height=\"399\" srcset=\"https:\/\/biogasworld.com\/wp-content\/uploads\/2023\/03\/Odor-control-products.jpg 297w, https:\/\/biogasworld.com\/wp-content\/uploads\/2023\/03\/Odor-control-products-250x336.jpg 250w, https:\/\/biogasworld.com\/wp-content\/uploads\/2023\/03\/Odor-control-products-186x250.jpg 186w\" sizes=\"auto, (max-width: 297px) 100vw, 297px\" \/><\/p>\n<p>&nbsp;<\/p>\n<h3><span style=\"color: #00d37d;\"><strong>Pourquoi choisir nos produits de contr\u00f4le des odeurs pour votre projet ?<\/strong><\/span><\/h3>\n<ul>\n<li><strong>Conformit\u00e9 :<\/strong> L\u2019utilisation des produits de contr\u00f4le des odeurs de MRR assure la conformit\u00e9 aux r\u00e9glementations locales et f\u00e9d\u00e9rales pour le contr\u00f4le des odeurs dans les projets GNR.<\/li>\n<li><strong>Efficacit\u00e9 :<\/strong> Les filtres au charbon actifs brevet\u00e9s de MRR offrent une solution efficace et \u00e9conomique pour \u00e9liminer les odeurs, assurant un environnement de travail plus s\u00fbr et plus agr\u00e9able.<\/li>\n<li><strong>Personnalisation :<\/strong> Les produits de contr\u00f4le des odeurs de MRR peuvent \u00eatre personnalis\u00e9s pour r\u00e9pondre aux besoins sp\u00e9cifiques d\u2019un projet GNR, assurant que la solution de contr\u00f4le des odeurs est adapt\u00e9e aux exigences du projet.<\/li>\n<li><strong>Solution compl\u00e8te :<\/strong> En plus des filtres charbon actifs, MRR propose \u00e9galement des un d\u00e9sodorisant (Deomer), agent masquant et filtres au charbon passifs, offrant une gamme compl\u00e8te de produits de contr\u00f4le des odeurs pour les projets GNR.<\/li>\n<li><strong>S\u00e9curit\u00e9 et fiabilit\u00e9 :<\/strong> Les produits de contr\u00f4le des odeurs de MRR sont con\u00e7us dans un souci de s\u00e9curit\u00e9 et de fiabilit\u00e9 et sont \u00e9quip\u00e9s d\u2019aspirateurs antid\u00e9flagrants pour une s\u00e9curit\u00e9 accrue.<\/li>\n<li><strong>Installation et remplacement faciles :<\/strong> Les produits de contr\u00f4le des odeurs de MRR sont disponibles dans des formats faciles \u00e0 installer, et les pi\u00e8ces de rechange sont facilement disponibles, garantissant un temps d\u2019arr\u00eat minimal et une efficacit\u00e9 maximale pour votre projet GNR.<\/li>\n<\/ul>\n<p>&nbsp;<\/p>\n<p>Pour plus d&rsquo;informations, visitez <a href=\"https:\/\/www.odorizationbymrr.com\" target=\"_blank\" rel=\"noopener noreferrer\">notre site web<\/a>.<\/p>\n","protected":false},"excerpt":{"rendered":"MRR offre une gamme de produits de contr\u00f4le des odeurs, y compris les filtres actifs de carbone brevet\u00e9s, Deomer, Agent de masquage et filtres passifs de carbone, con\u00e7us pour fournir \u00e0 long terme et rentable \u00e9limination des odeurs pour les projets de GNR. En mettant l\u2019accent sur la s\u00e9curit\u00e9 et la fiabilit\u00e9, les produits de contr\u00f4le des odeurs de MRR sont \u00e9quip\u00e9s de souffleurs antid\u00e9flagrants et sont faciles \u00e0 installer et \u00e0 remplacer, garantissant un temps d\u2019arr\u00eat minimal et une efficacit\u00e9 maximale pour votre projet de GNR.","protected":false},"featured_media":39999,"template":"","meta":{"_acf_changed":false,"content-type":""},"product_brand":[],"product_cat":[121],"product_tag":[],"class_list":{"0":"post-40032","1":"product","2":"type-product","3":"status-publish","4":"has-post-thumbnail","6":"product_cat-traitement-des-odeurs","8":"first","9":"instock","10":"taxable","11":"shipping-taxable","12":"product-type-simple"},"acf":[],"_links":{"self":[{"href":"https:\/\/biogasworld.com\/fr\/wp-json\/wp\/v2\/product\/40032","targetHints":{"allow":["GET"]}}],"collection":[{"href":"https:\/\/biogasworld.com\/fr\/wp-json\/wp\/v2\/product"}],"about":[{"href":"https:\/\/biogasworld.com\/fr\/wp-json\/wp\/v2\/types\/product"}],"wp:featuredmedia":[{"embeddable":true,"href":"https:\/\/biogasworld.com\/fr\/wp-json\/wp\/v2\/media\/39999"}],"wp:attachment":[{"href":"https:\/\/biogasworld.com\/fr\/wp-json\/wp\/v2\/media?parent=40032"}],"wp:term":[{"taxonomy":"product_brand","embeddable":true,"href":"https:\/\/biogasworld.com\/fr\/wp-json\/wp\/v2\/product_brand?post=40032"},{"taxonomy":"product_cat","embeddable":true,"href":"https:\/\/biogasworld.com\/fr\/wp-json\/wp\/v2\/product_cat?post=40032"},{"taxonomy":"product_tag","embeddable":true,"href":"https:\/\/biogasworld.com\/fr\/wp-json\/wp\/v2\/product_tag?post=40032"}],"curies":[{"name":"wp","href":"https:\/\/api.w.org\/{rel}","templated":true}]}}