{"id":40035,"date":"2023-03-28T17:22:28","date_gmt":"2023-03-28T21:22:28","guid":{"rendered":"https:\/\/www.biogasworld.com\/product\/uncategorized\/odorant-building-solutions\/"},"modified":"2023-04-03T16:13:14","modified_gmt":"2023-04-03T20:13:14","slug":"solution-construction-pour-traitement-odeurs","status":"publish","type":"product","link":"https:\/\/biogasworld.com\/fr\/product\/biomethanisation\/traitement-des-odeurs\/solution-construction-pour-traitement-odeurs\/","title":{"rendered":"Solution de b\u00e2timent complet"},"content":{"rendered":"<h2><span style=\"color: #000daa;\">Solution de b\u00e2timent complet<\/span><\/h2>\n<p>MRR offre des solutions de construction C1D1 compl\u00e8tes, modulaires et personnalisables pour r\u00e9pondre \u00e0 vos besoins sp\u00e9cifiques. Avec des options pour les r\u00e9servoirs d\u2019odorant jusqu\u2019\u00e0 1000 gallons et une vari\u00e9t\u00e9 d\u2019odorisateurs \u00e0 choisir, vous pouvez cr\u00e9er une solution qui est adapt\u00e9e \u00e0 vos exigences de projet GNR.<\/p>\n<p>Ces b\u00e2timents sont exp\u00e9di\u00e9s \u00e0 n\u2019importe quelle destination en Am\u00e9rique du Nord et sont con\u00e7us pour \u00eatre d\u00e9pos\u00e9s sur une dalle de b\u00e9ton. Toutes les connexions \u00e9lectriques sont \u00e0 l\u2019ext\u00e9rieur du b\u00e2timent et de la zone, offrant une s\u00e9curit\u00e9 et une facilit\u00e9 d\u2019utilisation accrue.<\/p>\n<p>Les b\u00e2timents sont con\u00e7us pour supporter des pressions de conduites allant jusqu\u2019\u00e0 1800 psig et des d\u00e9bits de 0 \u00e0 50 mmscfh. Vous pouvez choisir entre des syst\u00e8mes d\u2019injection \u00e9lectriques ou pneumatiques pour votre solution, selon vos pr\u00e9f\u00e9rences et vos exigences.<\/p>\n<p>Avec les solutions de construction C1D1 compl\u00e8tes de MRR, vous pouvez avoir confiance dans la s\u00e9curit\u00e9 et la fiabilit\u00e9 de votre projet GNR. Ces b\u00e2timents modulaires offrent une solution cl\u00e9 en main qui peut \u00eatre personnalis\u00e9e pour r\u00e9pondre \u00e0 vos besoins sp\u00e9cifiques et exp\u00e9di\u00e9e directement \u00e0 votre emplacement.<\/p>\n<p>&nbsp;<\/p>\n<p style=\"text-align: center;\"><img loading=\"lazy\" decoding=\"async\" class=\"wp-image-39991 size-full aligncenter\" src=\"https:\/\/biogasworld.com\/wp-content\/uploads\/2023\/03\/odorant_building_complete_solution.jpg\" alt=\"\" width=\"458\" height=\"259\" srcset=\"https:\/\/biogasworld.com\/wp-content\/uploads\/2023\/03\/odorant_building_complete_solution.jpg 458w, https:\/\/biogasworld.com\/wp-content\/uploads\/2023\/03\/odorant_building_complete_solution-250x141.jpg 250w\" sizes=\"auto, (max-width: 458px) 100vw, 458px\" \/><\/p>\n<p>&nbsp;<\/p>\n<h3><span style=\"color: #00d37d;\"><strong>Pourquoi choisir notre solution de construction pour traitement des odeurs pour votre projet?<\/strong><\/span><\/h3>\n<ul>\n<li><strong>Conception personnalisable et modulaire :<\/strong> La conception modulaire des b\u00e2timents permet la personnalisation pour r\u00e9pondre aux besoins et pr\u00e9f\u00e9rences sp\u00e9cifiques, ce qui en fait une solution flexible et polyvalente pour les projets RNG de tailles diff\u00e9rentes.<\/li>\n<li><strong>Grande capacit\u00e9 du r\u00e9servoir odorant :<\/strong> Avec l\u2019option pour des r\u00e9servoirs d\u2019odorant jusqu\u2019\u00e0 1000 gallons, ces b\u00e2timents sont id\u00e9aux pour les grands projets GNR qui n\u00e9cessitent une plus grande capacit\u00e9 de stockage d\u2019odorant.<\/li>\n<li><strong>Fiable et s\u00fbr :<\/strong> Ces b\u00e2timents C1D1 sont con\u00e7us pour \u00eatre d\u00e9pos\u00e9s sur une dalle de b\u00e9ton, et toutes les connexions \u00e9lectriques sont \u00e0 l\u2019ext\u00e9rieur du b\u00e2timent et de la zone, offrant une s\u00e9curit\u00e9 et une facilit\u00e9 d\u2019utilisation suppl\u00e9mentaires.<\/li>\n<li><strong>Haute pression et capacit\u00e9 en d\u00e9bit :<\/strong> Les b\u00e2timents sont con\u00e7us pour g\u00e9rer des pressions de conduite jusqu\u2019\u00e0 1800 psig et des d\u00e9bits allant de 0 \u00e0 50 mmscfh, ce qui en fait une solution fiable et efficace pour le transport de gaz RNG.<\/li>\n<li><strong>Syst\u00e8mes d\u2019injection \u00e9lectriques ou pneumatiques disponibles :<\/strong> L\u2019option de choisir entre des syst\u00e8mes d\u2019injection \u00e9lectriques ou pneumatiques offrent beaucoup de flexibilit\u00e9 et permet la personnalisation pour r\u00e9pondre aux exigences sp\u00e9cifiques du projet.<\/li>\n<\/ul>\n<p>&nbsp;<\/p>\n<p>Pour plus d&rsquo;informations, visitez <a href=\"https:\/\/www.odorizationbymrr.com\" target=\"_blank\" rel=\"noopener noreferrer\">notre site web<\/a>.<\/p>\n","protected":false},"excerpt":{"rendered":"Les solutions de construction C1D1 compl\u00e8tes de MRR offrent une solution personnalisable et polyvalente pour les projets de GNR de diff\u00e9rentes tailles. Avec une grande capacit\u00e9 de r\u00e9servoir odorant, une construction fiable et s\u00fbre, et la possibilit\u00e9 de choisir entre les syst\u00e8mes \u00e9lectriques ou pneumatiques, c\u2019est une solution cl\u00e9 en main pour contenir le gaz RNG avec des pressions de pipeline jusqu\u2019\u00e0 1800 psig et des d\u00e9bits allant de 0-50 mmscfh.","protected":false},"featured_media":39994,"template":"","meta":{"_acf_changed":false,"content-type":""},"product_brand":[],"product_cat":[121],"product_tag":[],"class_list":{"0":"post-40035","1":"product","2":"type-product","3":"status-publish","4":"has-post-thumbnail","6":"product_cat-traitement-des-odeurs","8":"first","9":"instock","10":"taxable","11":"shipping-taxable","12":"product-type-simple"},"acf":[],"_links":{"self":[{"href":"https:\/\/biogasworld.com\/fr\/wp-json\/wp\/v2\/product\/40035","targetHints":{"allow":["GET"]}}],"collection":[{"href":"https:\/\/biogasworld.com\/fr\/wp-json\/wp\/v2\/product"}],"about":[{"href":"https:\/\/biogasworld.com\/fr\/wp-json\/wp\/v2\/types\/product"}],"wp:featuredmedia":[{"embeddable":true,"href":"https:\/\/biogasworld.com\/fr\/wp-json\/wp\/v2\/media\/39994"}],"wp:attachment":[{"href":"https:\/\/biogasworld.com\/fr\/wp-json\/wp\/v2\/media?parent=40035"}],"wp:term":[{"taxonomy":"product_brand","embeddable":true,"href":"https:\/\/biogasworld.com\/fr\/wp-json\/wp\/v2\/product_brand?post=40035"},{"taxonomy":"product_cat","embeddable":true,"href":"https:\/\/biogasworld.com\/fr\/wp-json\/wp\/v2\/product_cat?post=40035"},{"taxonomy":"product_tag","embeddable":true,"href":"https:\/\/biogasworld.com\/fr\/wp-json\/wp\/v2\/product_tag?post=40035"}],"curies":[{"name":"wp","href":"https:\/\/api.w.org\/{rel}","templated":true}]}}