{"id":40038,"date":"2023-03-28T17:10:45","date_gmt":"2023-03-28T21:10:45","guid":{"rendered":"https:\/\/www.biogasworld.com\/product\/uncategorized\/yz-njex-lvo\/"},"modified":"2023-04-03T15:18:38","modified_gmt":"2023-04-03T19:18:38","slug":"yz-njex-lvo","status":"publish","type":"product","link":"https:\/\/biogasworld.com\/fr\/product\/biomethanisation\/traitement-des-odeurs\/yz-njex-lvo\/","title":{"rendered":"YZ NJEX LVO"},"content":{"rendered":"<h2><span style=\"color: #000daa;\">YZ NJEX LVO<\/span><\/h2>\n<p>Cet odorisateur intelligent \u00e0 faible volume (LVO) est disponible en versions \u00e0 pompe unique ou double (pour la redondance). Il permet une injection d\u2019odorant liquide mesur\u00e9e, proportionnelle au d\u00e9bit de gaz pour des applications \u00e0 distance. Il peut \u00eatre \u00e9quip\u00e9 de r\u00e9servoirs d\u2019odorant de diff\u00e9rentes tailles allant de 5 \u00e0 120 gallons. Sa pression de conception est de 400 psig dans la gamme de 0-200 mscfh \u00e0 8mg\/ m3 et peut \u00eatre aliment\u00e9 \u00e0 l\u2019\u00e9nergie solaire ou s\u00e9par\u00e9ment par 24VDC.<\/p>\n<p>Dans la version \u00e0 double pompe, le b\u00e2timent isol\u00e9 offre un acc\u00e8s facile \u00e0 toutes les vannes et commandes et peut \u00eatre \u00e9quip\u00e9 de chauffage, de d\u00e9tection de gaz et d\u2019un filtre \u00e0 charbon pour contr\u00f4ler les odeurs pendant l\u2019entretien. En raison de sa faible empreinte, il ne n\u00e9cessite pas un gros investissement dans l\u2019infrastructure.<\/p>\n<p>&nbsp;<\/p>\n<p><img loading=\"lazy\" decoding=\"async\" class=\"aligncenter wp-image-39984 size-full\" src=\"https:\/\/biogasworld.com\/wp-content\/uploads\/2023\/03\/single_LVO.jpg\" alt=\"\" width=\"572\" height=\"467\" srcset=\"https:\/\/biogasworld.com\/wp-content\/uploads\/2023\/03\/single_LVO.jpg 572w, https:\/\/biogasworld.com\/wp-content\/uploads\/2023\/03\/single_LVO-250x204.jpg 250w\" sizes=\"auto, (max-width: 572px) 100vw, 572px\" \/><\/p>\n<p style=\"text-align: center;\"><em>LVO avec une pompe<\/em><\/p>\n<p>&nbsp;<\/p>\n<p style=\"text-align: center;\"><img loading=\"lazy\" decoding=\"async\" class=\"aligncenter wp-image-39986 size-full\" src=\"https:\/\/biogasworld.com\/wp-content\/uploads\/2023\/03\/Dual_Pump_LVO.jpg\" alt=\"\" width=\"666\" height=\"499\" srcset=\"https:\/\/biogasworld.com\/wp-content\/uploads\/2023\/03\/Dual_Pump_LVO.jpg 666w, https:\/\/biogasworld.com\/wp-content\/uploads\/2023\/03\/Dual_Pump_LVO-250x187.jpg 250w\" sizes=\"auto, (max-width: 666px) 100vw, 666px\" \/><\/p>\n<p>&nbsp;<\/p>\n<p style=\"text-align: center;\"><em>LVO avec deux pompes<\/em><\/p>\n<p>&nbsp;<\/p>\n<h3><span style=\"color: #00d37d;\"><strong>Pourquoi choisir YZ NJEX LVO pour votre projet?<\/strong><\/span><\/h3>\n<ul>\n<li><strong>Injection d\u2019odorant dos\u00e9e et proportionnelle :<\/strong> YZ NJEX LVO offre une injection d\u2019odorant liquide dos\u00e9e, proportionnelle au d\u00e9bit de gaz, qui assure une odorisation pr\u00e9cise et coh\u00e9rente du gaz GNR. Cette caract\u00e9ristique est particuli\u00e8rement importante pour les applications \u00e0 distance o\u00f9 le gaz est transport\u00e9 sur de longues distances.<\/li>\n<li><strong>Tailles de r\u00e9servoir odorant personnalisables :<\/strong> YZ NJEX LVO peut \u00eatre \u00e9quip\u00e9 de r\u00e9servoirs d\u2019odorant allant de 5 \u00e0 250 gallons, ce qui en fait une solution flexible pour les projets GNR de tailles diff\u00e9rentes.<\/li>\n<li><strong>Double pompe avec redondance :<\/strong> YZ NJEX LVO est disponible en version simple ou double pompe, assurant une redondance et une odorisation continue m\u00eame en cas de panne de pompe.<\/li>\n<li><strong>B\u00e2timent isol\u00e9 avec caract\u00e9ristiques suppl\u00e9mentaires :<\/strong> Dans la version \u00e0 double pompe, le b\u00e2timent isol\u00e9 offre un acc\u00e8s facile \u00e0 toutes les vannes et commandes, et il peut \u00eatre \u00e9quip\u00e9 de chauffage, de d\u00e9tection de gaz et d\u2019un filtre au charbon pour contr\u00f4ler les odeurs pendant l\u2019entretien.<\/li>\n<li><strong>Faible encombrement et installation facile :<\/strong> YZ NJEX LVO a un faible encombrement, ce qui signifie qu\u2019il ne n\u00e9cessite pas un gros investissement d\u2019infrastructure. En outre, il peut \u00eatre aliment\u00e9 par \u00e9nergie solaire ou 24VDC, ce qui le rend facile \u00e0 installer dans des endroits \u00e9loign\u00e9s.<\/li>\n<\/ul>\n<p>&nbsp;<\/p>\n<p>Pour plus d&rsquo;informations, visitez <a href=\"https:\/\/www.odorizationbymrr.com\" target=\"_blank\" rel=\"noopener noreferrer\">notre site web<\/a>.<\/p>\n","protected":false},"excerpt":{"rendered":"L&rsquo;odoriseur intelligent \u00e0 faible volume (LVO) est une solution flexible et fiable pour l\u2019injection d\u2019odorant mesur\u00e9e et proportionnelle dans les applications GNR distantes. Avec des r\u00e9servoirs odorants personnalisables, une double redondance des pompes et des caract\u00e9ristiques suppl\u00e9mentaires comme l\u2019isolation et la d\u00e9tection de gaz, c\u2019est une solution facile \u00e0 installer pour assurer la s\u00e9curit\u00e9 et la fiabilit\u00e9 de votre projet GNR.","protected":false},"featured_media":39989,"template":"","meta":{"_acf_changed":false,"content-type":""},"product_brand":[],"product_cat":[121],"product_tag":[],"class_list":{"0":"post-40038","1":"product","2":"type-product","3":"status-publish","4":"has-post-thumbnail","6":"product_cat-traitement-des-odeurs","8":"first","9":"instock","10":"taxable","11":"shipping-taxable","12":"product-type-simple"},"acf":[],"_links":{"self":[{"href":"https:\/\/biogasworld.com\/fr\/wp-json\/wp\/v2\/product\/40038","targetHints":{"allow":["GET"]}}],"collection":[{"href":"https:\/\/biogasworld.com\/fr\/wp-json\/wp\/v2\/product"}],"about":[{"href":"https:\/\/biogasworld.com\/fr\/wp-json\/wp\/v2\/types\/product"}],"wp:featuredmedia":[{"embeddable":true,"href":"https:\/\/biogasworld.com\/fr\/wp-json\/wp\/v2\/media\/39989"}],"wp:attachment":[{"href":"https:\/\/biogasworld.com\/fr\/wp-json\/wp\/v2\/media?parent=40038"}],"wp:term":[{"taxonomy":"product_brand","embeddable":true,"href":"https:\/\/biogasworld.com\/fr\/wp-json\/wp\/v2\/product_brand?post=40038"},{"taxonomy":"product_cat","embeddable":true,"href":"https:\/\/biogasworld.com\/fr\/wp-json\/wp\/v2\/product_cat?post=40038"},{"taxonomy":"product_tag","embeddable":true,"href":"https:\/\/biogasworld.com\/fr\/wp-json\/wp\/v2\/product_tag?post=40038"}],"curies":[{"name":"wp","href":"https:\/\/api.w.org\/{rel}","templated":true}]}}