{"id":40219,"date":"2023-04-12T15:51:09","date_gmt":"2023-04-12T19:51:09","guid":{"rendered":"https:\/\/www.biogasworld.com\/product\/uncategorized\/roof-structures\/"},"modified":"2025-11-17T10:36:21","modified_gmt":"2025-11-17T15:36:21","slug":"structures-toit","status":"publish","type":"product","link":"https:\/\/biogasworld.com\/fr\/product\/biomethanisation\/reservoir-pour-digesteur\/acier\/structures-toit\/","title":{"rendered":"Structures de toit"},"content":{"rendered":"<div class=\"itemHeader\">\n<h2 class=\"itemTitle\"><span style=\"color: #000daa;\">Structures de toit<\/span><\/h2>\n<\/div>\n<div class=\"itemInner\">\n<div class=\"itemBody\">\n<div class=\"itemFullText\">\n<p>Offrant une large gamme d\u2019options de toiture, Balmoral Tanks propose diverses solutions pour les r\u00e9servoirs de stockage neufs et existants. La gamme de toitures de l\u2019entreprise couvre une vari\u00e9t\u00e9 de sp\u00e9cifications &#8211; des couvertures simples de type d\u00e9bris aux options compl\u00e8tes de digesteur \u00e9tanche au gaz.<\/p>\n<p>Toutes les structures de toit Balmoral sont con\u00e7ues \u00e0 l\u2019interne, ce qui signifie que l\u2019entreprise offre la solution la plus appropri\u00e9e tout en contr\u00f4lant les demandes de livraison et de service. Adapt\u00e9 \u00e0 la nouvelle construction, mais aussi de nombreux sc\u00e9narios r\u00e9trofit, les options de toiture de Balmoral Tanks comprennent:<\/p>\n<ul>\n<li>Toitures \u00e0 poutres ext\u00e9rieures enduites d\u2019\u00e9poxy coll\u00e9 par fusion (pour les grands diam\u00e8tres et les digesteurs ana\u00e9robies)<\/li>\n<li>Toitures \u00e0 poutres ext\u00e9rieures en acier inoxydable 304L et 316L (pour les grands diam\u00e8tres et les digesteurs ana\u00e9robies)<\/li>\n<li>Toitures g\u00e9od\u00e9siques en aluminium<\/li>\n<li>Toitures en r\u00e9sine \u00e9poxy \u00e0 fusion \u00e0 5 degr\u00e9s (pour l\u2019eau potable et les eaux us\u00e9es)<\/li>\n<li>Toitures \u00e0 double membrane mont\u00e9es sur r\u00e9servoir<\/li>\n<li>Toitures \u00e0 membrane simple mont\u00e9e sur r\u00e9servoir<\/li>\n<li>Plastique renforc\u00e9 de verre (PRV)<\/li>\n<li>Plate-forme \u00e0 augets (\u00e0 trav\u00e9e libre et avec colonnes)<\/li>\n<\/ul>\n<p>&nbsp;<\/p>\n<\/div>\n<p style=\"text-align: center;\"><img loading=\"lazy\" decoding=\"async\" class=\"aligncenter wp-image-40272 size-large\" src=\"https:\/\/biogasworld.com\/wp-content\/uploads\/2023\/04\/Balmoral-concrete-and-efusion-tanks-aerial-1600x901.jpg\" alt=\"\" width=\"1480\" height=\"833\" srcset=\"https:\/\/biogasworld.com\/wp-content\/uploads\/2023\/04\/Balmoral-concrete-and-efusion-tanks-aerial-1600x901.jpg 1600w, https:\/\/biogasworld.com\/wp-content\/uploads\/2023\/04\/Balmoral-concrete-and-efusion-tanks-aerial-250x141.jpg 250w, https:\/\/biogasworld.com\/wp-content\/uploads\/2023\/04\/Balmoral-concrete-and-efusion-tanks-aerial.jpg 1990w\" sizes=\"auto, (max-width: 1480px) 100vw, 1480px\" \/><\/p>\n<\/div>\n<\/div>\n<div class=\"itemInner\">\n<p>&nbsp;<\/p>\n<h2 class=\"itemTitle\"><span style=\"color: #000daa;\">Types de toiture<\/span><\/h2>\n<div class=\"itemBody\">\n<div class=\"itemFullText\">\n<h3><span style=\"color: #00d37d;\"><strong>316 Digesteur en acier inoxydable<\/strong><\/span><\/h3>\n<p>\u00c0 l\u2019extr\u00e9mit\u00e9 sup\u00e9rieure de la conception du toit, l\u2019option de rev\u00eatement en acier inoxydable 316 est une construction de poutre externe o\u00f9 les plaques de toit sont situ\u00e9es sous les poutres.<\/p>\n<p>Cette solution est le plus souvent utilis\u00e9e sur le march\u00e9 de la DA comme couverture \u00e9tanche au gaz pour les r\u00e9servoirs de digesteur en acier fonctionnant sous pression, positive et n\u00e9gative.<\/p>\n<p>Ce toit est fourni avec un rev\u00eatement en acier inoxydable 316 pour fournir la solution la plus robuste au contact de l\u2019espace de gaz des r\u00e9servoirs de digesteur assurant la long\u00e9vit\u00e9 et une structure sans entretien.<\/p>\n<p>&nbsp;<\/p>\n<h3><span style=\"color: #00d37d;\"><strong>Toitures g\u00e9od\u00e9siques en aluminium<\/strong><\/span><\/h3>\n<p>Les toits en d\u00f4me g\u00e9od\u00e9siques en aluminium Balmoral offrent une solution l\u00e9g\u00e8re autoportante et sont utilis\u00e9s principalement dans l\u2019eau potable, les eaux us\u00e9es et pour les grands r\u00e9servoirs jusqu\u2019\u00e0 60 m de diam\u00e8tre.<\/p>\n<p>Construits en sections d\u2019aluminium triangulaires \u00e0 haute r\u00e9sistance, ces toits en d\u00f4me peuvent \u00eatre install\u00e9s sur des structures de r\u00e9servoirs nouvelles ou existantes. R\u00e9pondant \u00e0 toutes les normes actuelles de l\u2019industrie, ils fournissent une couverture r\u00e9sistante \u00e0 la corrosion, peu d\u2019entretien, fiable et r\u00e9sistante aux intemp\u00e9ries avec des niveaux maximums de contr\u00f4le des odeurs.<\/p>\n<p>Une gamme compl\u00e8te d\u2019accessoires compl\u00e9mentaires est disponible, y compris les \u00e9chelles, plates-formes et rampes.<\/p>\n<\/div>\n<p>&nbsp;<\/p>\n<h3><span style=\"color: #00d37d;\"><strong>Plastique renforc\u00e9 de verre (PRV)<\/strong><\/span><\/h3>\n<div class=\"itemFullText\">\n<p>Solution tr\u00e8s semblable \u00e0 une couverture en t\u00f4le d\u2019acier rev\u00eatue, mais fournie dans un mat\u00e9riau en plastique renforc\u00e9 de verre (PRV).<\/p>\n<p>Ce mat\u00e9riau offre une r\u00e9sistance \u00e9lev\u00e9e \u00e0 la corrosion et est g\u00e9n\u00e9ralement fourni en tant que 20 degr\u00e9s pas ou profil bas et des solutions de remplissage. Les toitures en PRV peuvent \u00eatre scell\u00e9es, mais pas \u00e9tanches au gaz, et fabriqu\u00e9es selon les normes WRAS, ce qui signifie qu\u2019elles conviennent \u00e0 l\u2019eau propre et \u00e0 la consommation.<\/p>\n<\/div>\n<p>&nbsp;<\/p>\n<h3><span style=\"color: #00d37d;\"><strong>Ponton creux<\/strong><\/span><\/h3>\n<div class=\"itemFullText\">\n<p>Id\u00e9al pour une utilisation comme toit de d\u00e9bris. Il s\u2019agit d\u2019un toit \u00e0 profil bas qui est utilis\u00e9 dans les applications de basse technologie, tels que les terrains de golf ou l\u2019irrigation de l\u2019eau.<\/p>\n<p>Le toit peut \u00eatre fourni avec une sous-structure enti\u00e8rement rev\u00eatue d\u2019\u00e9poxy pour am\u00e9liorer encore sa capacit\u00e9 de performance. Si vous quelque chose de simple, cela pourrait \u00eatre l\u2019option pour vous.<\/p>\n<\/div>\n<div class=\"itemFullText\">\n<p>&nbsp;<\/p>\n<\/div>\n<h3><span style=\"color: #00d37d;\"><strong>Membrane unique<\/strong><\/span><\/h3>\n<div class=\"itemFullText\">\n<p>\u00c0 certains \u00e9gards, un toit tr\u00e8s semblable au syst\u00e8me de platelage \u00e0 augets, dans la mesure o\u00f9 il convient aux applications de faible technologie, comme les toits de d\u00e9bris.<\/p>\n<p>Offrant un toit en tissu soutenu par colonne centrale fix\u00e9 aux parois du r\u00e9servoir. Ces toits ont \u00e9t\u00e9 largement utilis\u00e9s sur le march\u00e9 agricole mais ont \u00e9t\u00e9 sp\u00e9cifi\u00e9s sur les march\u00e9s du traitement des eaux.<\/p>\n<p>La couverture \u00e0 membrane unique peut \u00eatre utilis\u00e9e pour le contr\u00f4le des odeurs, c\u2019est donc une solution \u00e0 envisager si vous recherchez un contr\u00f4le serr\u00e9 des co\u00fbts tout en maintenant un rendement optimal.<\/p>\n<p>&nbsp;<\/p>\n<h3><span style=\"color: #00d37d;\"><strong>Porte-gaz \u00e0 double membrane<\/strong><\/span><\/h3>\n<div class=\"itemFullText\">\n<p>Cette option est bien \u00e9tablie sur le march\u00e9 de la DA, offrant une option \u00e0 faible co\u00fbt pour un toit \u00e9tanche au gaz.<\/p>\n<p>Fonctionnant avec la colonne de membrane int\u00e9rieure soutenue comme zone de collecte de gaz, la membrane ext\u00e9rieure reste gonfl\u00e9e en permanence afin que l\u2019int\u00e9rieur puisse remplir et vider en ligne avec la production de gaz sur place.<\/p>\n<p>Ce type de toit ne r\u00e9pondra jamais aux param\u00e8tres de conception d\u2019un toit de digesteur en acier inoxydable dans des domaines tels que la pression, mais si vous fonctionnez avec une faible pression, alors cette option vaut la peine d\u2019\u00eatre consid\u00e9r\u00e9e.<\/p>\n<p>&nbsp;<\/p>\n<h3><span style=\"color: #00d37d;\"><strong>Plaque d&rsquo;acier rev\u00eatue<\/strong><\/span><\/h3>\n<div class=\"itemFullText\">\n<p>Le toit en acier rev\u00eatu de Balmoral est compos\u00e9 de panneaux de toit enduits d\u2019\u00e9poxy efusion\u00ae support\u00e9s par une sous-structure enti\u00e8rement rev\u00eatue d\u2019\u00e9poxy.<\/p>\n<p>Offrant une structure de toit enti\u00e8rement rev\u00eatue, le toit est prot\u00e9g\u00e9 contre la corrosion dans tous les sens. Ce toit peut \u00eatre enti\u00e8rement scell\u00e9 et con\u00e7u pour les applications \u00e0 basse pression, donc si le contenu doit \u00eatre enti\u00e8rement prot\u00e9g\u00e9, ce toit conviendra \u00e0 la sp\u00e9cification.<\/p>\n<p>Une solution \u00e0 profil bas, g\u00e9n\u00e9ralement \u00e0 cinq degr\u00e9s, mais peut \u00eatre con\u00e7ue pour des sc\u00e9narios de charge plus \u00e9lev\u00e9e lorsque, par exemple, l\u2019acc\u00e8s permanent du personnel est n\u00e9cessaire.<\/p>\n<p>&nbsp;<\/p>\n<p><img loading=\"lazy\" decoding=\"async\" class=\"aligncenter wp-image-40213 size-full\" src=\"https:\/\/biogasworld.com\/wp-content\/uploads\/2023\/04\/tanks-roof-structures-2.jpg\" alt=\"\" width=\"1200\" height=\"600\" srcset=\"https:\/\/biogasworld.com\/wp-content\/uploads\/2023\/04\/tanks-roof-structures-2.jpg 1200w, https:\/\/biogasworld.com\/wp-content\/uploads\/2023\/04\/tanks-roof-structures-2-250x125.jpg 250w\" sizes=\"auto, (max-width: 1200px) 100vw, 1200px\" \/><\/p>\n<\/div>\n<\/div>\n<\/div>\n<div class=\"itemFullText\">\n<p>&nbsp;<\/p>\n<\/div>\n<h2 class=\"itemTitle\"><span style=\"color: #000daa;\">Protection contre la corrosion<\/span><\/h2>\n<h3><span style=\"color: #00d37d;\"><strong>Coque du r\u00e9servoir<\/strong><\/span><\/h3>\n<p>La coque cylindrique de la citerne de Balmoral est fabriqu\u00e9e en acier galvanis\u00e9 pr\u00e9-usin\u00e9, avec 305g\/m\u00b2 de rev\u00eatement en zinc de chaque c\u00f4t\u00e9. \u00c0 l\u2019occasion, lorsque des conceptions plus lourdes sont requises, les feuilles seront galvanis\u00e9es \u00e0 chaud avec un rev\u00eatement de zinc de plus de 610g\/m\u00b2 de chaque c\u00f4t\u00e9. Pour des applications sp\u00e9cialis\u00e9es, des options de cuves en aluminium et en acier inoxydable sont disponibles.<\/p>\n<p>Tous les raccords, brides et accessoires de r\u00e9servoir Balmoral sont \u00e9galement galvanis\u00e9s \u00e0 chaud de s\u00e9rie avec des options de rev\u00eatements \u00e9poxy ou polyester disponibles. Le rev\u00eatement galvanis\u00e9 de la coque de la citerne ainsi que les options d\u2019un rev\u00eatement de performance \u00e9poxy pour des applications telles que les rev\u00eatements d\u2019eau potable ou de polyester pour des exigences esth\u00e9tiques garantissent une longue durabilit\u00e9, un faible entretien et des co\u00fbts de cycle de vie prolong\u00e9s de la coque de la citerne. Des options de couleurs pour les rev\u00eatements \u00e9poxy ou polyester sont disponibles si n\u00e9cessaire.<\/p>\n<p>Sur les conceptions de cuve galvanis\u00e9e standard, le rev\u00eatement de la coque de la cuve ne signifie pas une r\u00e9duction des rev\u00eatements de zinc galvanis\u00e9, les rev\u00eatements \u00e9poxy et polyester sont en plus du processus de galvanisation.<\/p>\n<\/div>\n<p>&nbsp;<\/p>\n<h3><span style=\"color: #00d37d;\"><strong>Composants du r\u00e9servoir<\/strong><\/span><\/h3>\n<p>Les pannes de toit galvanis\u00e9 sont maintenues hors de l\u2019eau stock\u00e9e pour prolonger la dur\u00e9e de vie du couvercle de toit du r\u00e9servoir. Tous les \u00e9crous, boulons et rondelles sont fil\u00e9s galvanis\u00e9s, les composants structurels tels que les angles sup\u00e9rieurs et inf\u00e9rieurs, les a\u00e9rorig\u00e8nes et les trous d\u2019acc\u00e8s sont galvanis\u00e9s \u00e0 chaud avec plus de 610g\/m\u00b2 de rev\u00eatement de zinc.<\/p>\n<p>&nbsp;<\/p>\n<\/div>\n<p><img loading=\"lazy\" decoding=\"async\" class=\"aligncenter wp-image-40215 size-full\" src=\"https:\/\/biogasworld.com\/wp-content\/uploads\/2023\/04\/tanks-cylindrical-steel-3.jpg\" alt=\"\" width=\"800\" height=\"600\" srcset=\"https:\/\/biogasworld.com\/wp-content\/uploads\/2023\/04\/tanks-cylindrical-steel-3.jpg 800w, https:\/\/biogasworld.com\/wp-content\/uploads\/2023\/04\/tanks-cylindrical-steel-3-250x188.jpg 250w\" sizes=\"auto, (max-width: 800px) 100vw, 800px\" \/><\/p>\n<div class=\"itemInner\">\n<div class=\"itemBody\">\n<p>&nbsp;<\/p>\n<\/div>\n<\/div>\n<h2 class=\"itemTitle\"><span style=\"color: #000daa;\">Balmoral, le meilleur choix pour la qualit\u00e9 de vos r\u00e9servoirs<\/span><\/h2>\n<p>Les r\u00e9servoirs cylindriques sectionnels Balmoral pour l\u2019application de gicleurs de protection contre les incendies sont fabriqu\u00e9s conform\u00e9ment aux approbations FM. Des conceptions conformes \u00e0 la NFPA 22 peuvent \u00e9galement \u00eatre fournies.<\/p>\n<p>Balmoral Tanks s\u2019efforce de fournir le meilleur produit de qualit\u00e9 sur le march\u00e9. Pour ce faire, la soci\u00e9t\u00e9 adh\u00e8re \u00e0 un syst\u00e8me de gestion de la qualit\u00e9 de production qui est accr\u00e9dit\u00e9 aux normes ISO9001:2015. Cela garantit que tous les panneaux et accessoires sont fabriqu\u00e9s dans le cadre de l\u2019audit de qualit\u00e9 le plus rigoureux pour r\u00e9pondre aux performances structurelles et de durabilit\u00e9 requises.<\/p>\n<p>Le service \u00e0 la client\u00e8le est de la plus haute importance pour Balmoral. Par cons\u00e9quent, la soci\u00e9t\u00e9 conseille continuellement les clients \u00e0 toutes les \u00e9tapes de la production du r\u00e9servoir, de la proposition initiale \u00e0 la conception, en passant par la fourniture et l\u2019installation jusqu\u2019aux essais et \u00e0 la mise en service. Ce processus finement adapt\u00e9 garantit que les param\u00e8tres sp\u00e9cifiques du projet sont atteints au niveau le plus \u00e9lev\u00e9 possible.<\/p>\n<p>&nbsp;<\/p>\n<p>Pour plus d&rsquo;informations, visitez <a href=\"https:\/\/www.balmoraltanks.com\/solutions\/roof-structures\" target=\"_blank\" rel=\"noopener noreferrer\">notre site web<\/a> ou consultez <a href=\"https:\/\/biogasworld.com\/wp-content\/uploads\/2023\/04\/balmoral-tanks-corporate-profile.pdf\" target=\"_blank\" rel=\"noopener noreferrer\">notre brochure technique<\/a>.<\/p>\n","protected":false},"excerpt":{"rendered":"Toutes les structures de toit Balmoral sont con\u00e7ues \u00e0 l\u2019interne, offrant la solution la plus appropri\u00e9e pour vos demandes de livraison et de service.","protected":false},"featured_media":40276,"template":"","meta":{"_acf_changed":false,"content-type":""},"product_brand":[],"product_cat":[77,303,305],"product_tag":[],"class_list":{"0":"post-40219","1":"product","2":"type-product","3":"status-publish","4":"has-post-thumbnail","6":"product_cat-biomethanisation","7":"product_cat-reservoir-pour-digesteur","8":"product_cat-acier","10":"first","11":"instock","12":"taxable","13":"shipping-taxable","14":"product-type-simple"},"acf":[],"_links":{"self":[{"href":"https:\/\/biogasworld.com\/fr\/wp-json\/wp\/v2\/product\/40219","targetHints":{"allow":["GET"]}}],"collection":[{"href":"https:\/\/biogasworld.com\/fr\/wp-json\/wp\/v2\/product"}],"about":[{"href":"https:\/\/biogasworld.com\/fr\/wp-json\/wp\/v2\/types\/product"}],"wp:featuredmedia":[{"embeddable":true,"href":"https:\/\/biogasworld.com\/fr\/wp-json\/wp\/v2\/media\/40276"}],"wp:attachment":[{"href":"https:\/\/biogasworld.com\/fr\/wp-json\/wp\/v2\/media?parent=40219"}],"wp:term":[{"taxonomy":"product_brand","embeddable":true,"href":"https:\/\/biogasworld.com\/fr\/wp-json\/wp\/v2\/product_brand?post=40219"},{"taxonomy":"product_cat","embeddable":true,"href":"https:\/\/biogasworld.com\/fr\/wp-json\/wp\/v2\/product_cat?post=40219"},{"taxonomy":"product_tag","embeddable":true,"href":"https:\/\/biogasworld.com\/fr\/wp-json\/wp\/v2\/product_tag?post=40219"}],"curies":[{"name":"wp","href":"https:\/\/api.w.org\/{rel}","templated":true}]}}