{"id":40310,"date":"2022-12-14T14:39:14","date_gmt":"2022-12-14T19:39:14","guid":{"rendered":"https:\/\/www.biogasworld.com\/product\/uncategorized\/agricultural-biogas-plant-2\/"},"modified":"2025-12-15T14:02:12","modified_gmt":"2025-12-15T19:02:12","slug":"usine-methanisation-agricole","status":"publish","type":"product","link":"https:\/\/biogasworld.com\/fr\/product\/biomethanisation\/systeme-de-digestion-humide\/usine-methanisation-agricole\/","title":{"rendered":"Usine de m\u00e9thanisation agricole"},"content":{"rendered":"<h2><span style=\"color: #000daa;\">Votre projet de biogaz : valoriser les mati\u00e8res agricoles pour produire de l\u2019\u00e9nergie!<\/span><\/h2>\n<h3><span style=\"color: #00d37d;\"><strong>\u00c0 propos de M\u00e9thalac<\/strong><\/span><\/h3>\n<p>Au cours des 10 derni\u00e8res ann\u00e9es, M\u00e9thalac a d\u00e9velopp\u00e9 une v\u00e9ritable expertise \u00e0 travers la construction de plus de 50 usines de biogaz, chacune se distinguant par des \u00e9tapes cl\u00e9s, chacune aussi importante que les autres, o\u00f9 notre \u00e9quipe d\u2019ing\u00e9nieurs vous soutient pas \u00e0 pas du d\u00e9but \u00e0 la fin.<\/p>\n<p>&nbsp;<\/p>\n<h3><span style=\"color: #00d37d;\"><strong>Votre projet de A \u00e0 Z<\/strong><\/span><\/h3>\n<p><strong>1. \u00c9tude et plan d\u2019affaires<\/strong><br \/>\nNous d\u00e9finissons rapidement et efficacement, en fonction de vos donn\u00e9es, la meilleure fa\u00e7on de rendre votre projet r\u00e9ussi, techniquement, biologiquement et \u00e9conomiquement.<\/p>\n<p><strong>2. Design<\/strong><br \/>\nLe bureau d\u2019\u00e9tudes de M\u00e9thalac r\u00e9alisera la mise en page, les dessins et l\u2019\u00e9tude technique de votre projet afin que votre installation de biogaz s\u2019int\u00e8gre \u00e0 votre exploitation.<\/p>\n<p><strong>3. R\u00e9alisation<\/strong><br \/>\nNos techniciens exp\u00e9riment\u00e9s installent des \u00e9quipements \u00e9prouv\u00e9s dans le secteur du biogaz du march\u00e9 europ\u00e9en. Ils assureront la bonne r\u00e9alisation de votre usine de biogaz.<\/p>\n<p><strong>4. Commande<\/strong><br \/>\nNos ing\u00e9nieurs con\u00e7oivent le programme d\u2019automatisation, le commandent sur place et vous forment \u00e0 son utilisation. Notre ma\u00eetrise des nouvelles technologies assurera le meilleur d\u00e9marrage possible pour votre usine de biogaz.<\/p>\n<p><strong>5. Op\u00e9rations<\/strong><br \/>\nNos \u00e9quipes peuvent surveiller votre usine en temps r\u00e9el et notre assistance est disponible 24\/7. Nous assurons la surveillance \u00e9lectrique, m\u00e9canique et biologique de votre installation afin d\u2019optimiser sa rentabilit\u00e9.<\/p>\n<p>&nbsp;<\/p>\n<h3><span style=\"color: #00d37d;\"><strong>Les b\u00e9n\u00e9fices<\/strong><\/span><\/h3>\n<p>L\u2019exploitation d\u2019une usine de biogaz vous permet de valoriser vos mati\u00e8res agricoles et de produire plusieurs types d\u2019\u00e9nergie\u00a0: biom\u00e9thane, carburant vert, chaleur, \u00e9lectricit\u00e9, et aussi un engrais vert.<\/p>\n<p>Votre usine de biogaz fonctionne toute l\u2019ann\u00e9e et 24\/24 heures ind\u00e9pendamment des conditions m\u00e9t\u00e9orologiques, saison, ou d\u2019autres facteurs externes.<\/p>\n","protected":false},"excerpt":{"rendered":"M\u00e9thalac, une entreprise familiale fran\u00e7aise, est experte dans la conception, la construction, l\u2019entretien et la surveillance biologique des unit\u00e9s de biogaz agricole depuis 10 ans. Acteur majeur dans la construction d\u2019unit\u00e9s de biogaz, M\u00e9thalac recense plus de 50 unit\u00e9s en exploitation et construit environ 12 nouvelles unit\u00e9s par an \u00e0 travers la France et \u00e0 l\u2019international.","protected":false},"featured_media":39173,"template":"","meta":{"_acf_changed":false,"content-type":""},"product_brand":[],"product_cat":[77,131],"product_tag":[],"class_list":{"0":"post-40310","1":"product","2":"type-product","3":"status-publish","4":"has-post-thumbnail","6":"product_cat-biomethanisation","7":"product_cat-systeme-de-digestion-humide","9":"first","10":"instock","11":"taxable","12":"shipping-taxable","13":"product-type-simple"},"acf":[],"_links":{"self":[{"href":"https:\/\/biogasworld.com\/fr\/wp-json\/wp\/v2\/product\/40310","targetHints":{"allow":["GET"]}}],"collection":[{"href":"https:\/\/biogasworld.com\/fr\/wp-json\/wp\/v2\/product"}],"about":[{"href":"https:\/\/biogasworld.com\/fr\/wp-json\/wp\/v2\/types\/product"}],"wp:featuredmedia":[{"embeddable":true,"href":"https:\/\/biogasworld.com\/fr\/wp-json\/wp\/v2\/media\/39173"}],"wp:attachment":[{"href":"https:\/\/biogasworld.com\/fr\/wp-json\/wp\/v2\/media?parent=40310"}],"wp:term":[{"taxonomy":"product_brand","embeddable":true,"href":"https:\/\/biogasworld.com\/fr\/wp-json\/wp\/v2\/product_brand?post=40310"},{"taxonomy":"product_cat","embeddable":true,"href":"https:\/\/biogasworld.com\/fr\/wp-json\/wp\/v2\/product_cat?post=40310"},{"taxonomy":"product_tag","embeddable":true,"href":"https:\/\/biogasworld.com\/fr\/wp-json\/wp\/v2\/product_tag?post=40310"}],"curies":[{"name":"wp","href":"https:\/\/api.w.org\/{rel}","templated":true}]}}