{"id":40381,"date":"2023-05-01T11:45:28","date_gmt":"2023-05-01T15:45:28","guid":{"rendered":"https:\/\/www.biogasworld.com\/product\/uncategorized\/ionairtech-s-scrubber\/"},"modified":"2023-05-01T11:48:48","modified_gmt":"2023-05-01T15:48:48","slug":"ionairtech-s-scrubber","status":"publish","type":"product","link":"https:\/\/biogasworld.com\/fr\/product\/anaerobic-digestion\/odors-treatment\/ionairtech-s-scrubber\/","title":{"rendered":"IonAirtech S Scrubber"},"content":{"rendered":"","protected":false},"excerpt":{"rendered":"Syst\u00e8mes de contr\u00f4le des odeurs de biogaz pour r\u00e9servoirs de substrat, mise \u00e0 niveau, r\u00e9servoirs de stockage, r\u00e9servoirs de stockage de gaz \u00e0 membrane et autres sources de fuites d\u2019odeurs dans une installation de biogaz.","protected":false},"featured_media":40380,"template":"","meta":{"_acf_changed":false,"content-type":""},"product_brand":[],"product_cat":[172,121],"product_tag":[],"class_list":{"0":"post-40381","1":"product","2":"type-product","3":"status-publish","4":"has-post-thumbnail","6":"product_cat-odors-treatment","7":"product_cat-traitement-des-odeurs","9":"first","10":"instock","11":"taxable","12":"shipping-taxable","13":"product-type-simple"},"acf":[],"_links":{"self":[{"href":"https:\/\/biogasworld.com\/fr\/wp-json\/wp\/v2\/product\/40381","targetHints":{"allow":["GET"]}}],"collection":[{"href":"https:\/\/biogasworld.com\/fr\/wp-json\/wp\/v2\/product"}],"about":[{"href":"https:\/\/biogasworld.com\/fr\/wp-json\/wp\/v2\/types\/product"}],"wp:featuredmedia":[{"embeddable":true,"href":"https:\/\/biogasworld.com\/fr\/wp-json\/wp\/v2\/media\/40380"}],"wp:attachment":[{"href":"https:\/\/biogasworld.com\/fr\/wp-json\/wp\/v2\/media?parent=40381"}],"wp:term":[{"taxonomy":"product_brand","embeddable":true,"href":"https:\/\/biogasworld.com\/fr\/wp-json\/wp\/v2\/product_brand?post=40381"},{"taxonomy":"product_cat","embeddable":true,"href":"https:\/\/biogasworld.com\/fr\/wp-json\/wp\/v2\/product_cat?post=40381"},{"taxonomy":"product_tag","embeddable":true,"href":"https:\/\/biogasworld.com\/fr\/wp-json\/wp\/v2\/product_tag?post=40381"}],"curies":[{"name":"wp","href":"https:\/\/api.w.org\/{rel}","templated":true}]}}