{"id":40529,"date":"2018-08-03T15:30:49","date_gmt":"2018-08-03T19:30:49","guid":{"rendered":"https:\/\/www.biogasworld.com\/product\/uncategorized\/praxair-lng-plant\/"},"modified":"2025-05-15T11:06:53","modified_gmt":"2025-05-15T15:06:53","slug":"petite-usine-gnl-linde-gas","status":"publish","type":"product","link":"https:\/\/biogasworld.com\/fr\/product\/transport-au-gaz-naturel\/gnl\/liquefaction-fr\/petite-usine-gnl-linde-gas\/","title":{"rendered":"Petite usine de GNL"},"content":{"rendered":"<h3><span style=\"color: #000daa;\">Parce que l\u2019efficacit\u00e9 est essentielle et que le temps d\u2019arr\u00eat n\u2019est pas une option<\/span><\/h3>\n<p>L\u2019efficacit\u00e9 et la fiabilit\u00e9 fournies par les petites usines de production de GNL sur site de Linde Gas contribuent grandement au succ\u00e8s de votre entreprise.<\/p>\n<p>De plus, les petites usines de Linde Gas produisent les r\u00e9sultats dont vous avez besoin en toute s\u00e9curit\u00e9 et de mani\u00e8re \u00e0 r\u00e9duire l\u2019impact de vos activit\u00e9s sur l\u2019environnement.<\/p>\n<p>&nbsp;<\/p>\n<h3><span style=\"color: #000daa;\"><strong>Configuration de l\u2019\u00e9quipement en une journ\u00e9e<\/strong><\/span><\/h3>\n<p>Livr\u00e9 rapidement et install\u00e9 rapidement, tout l\u2019\u00e9quipement est mis en place en une journ\u00e9e (avec le produit suivant peu apr\u00e8s). En fait, tout ce qu\u2019il faut pour y arriver, c\u2019est des fondations et des services publics.<\/p>\n<p>Solution de grande valeur et tr\u00e8s abordable, Linde Gas offre une petite production de gaz sur place sous forme de \u00ab vente de gaz \u00bb parce que Linde Gas construit, poss\u00e8de et exploite l\u2019usine de votre site raccord\u00e9 \u00e0 votre pipeline. Vous fournissez simplement les services publics et payez les produits que vous utilisez via un plan de tarification pratique et \u00e9conomique.<\/p>\n<p>&nbsp;<\/p>\n<h3><span style=\"color: #000daa;\"><strong>Con\u00e7u selon vos codes locaux et vos exigences de s\u00e9curit\u00e9<\/strong><\/span><\/h3>\n<p>Con\u00e7ues dans notre centre technologique mondial \u00e0 Tonawanda, New York, o\u00f9 le Dr Carl von Linde a invent\u00e9 la s\u00e9paration d\u2019air il y a plus de 100 ans, toutes les unit\u00e9s de s\u00e9paration d\u2019air Linde Gas sont con\u00e7ues selon les codes locaux, les coutumes et les exigences de s\u00e9curit\u00e9 de nos clients.<\/p>\n<p>&nbsp;<\/p>\n<p>Consultez <a href=\"http:\/\/www.praxair.com\/industries\/energy\/liquefied-natural-gas\" target=\"_blank\" rel=\"noopener noreferrer\">le site web de Linde Gas<\/a> pour en savoir plus sur nos technologies GNL.<\/p>\n<p>&nbsp;<\/p>\n","protected":false},"excerpt":{"rendered":"Praxair offers an affordable, reliable, and efficient LNG small-scale production plant. \u00a0This low capital offering is a modular system that can be easily deployed and in many cases moved from site to site. \u00a0Praxair&rsquo;s small-scale LNG system provides a wide range of operational flexibility, fast start up, and low maintenance requirements.\r\n\r\n&nbsp;","protected":false},"featured_media":19090,"template":"","meta":{"_acf_changed":false,"content-type":""},"product_brand":[],"product_cat":[78,101,521],"product_tag":[],"class_list":{"0":"post-40529","1":"product","2":"type-product","3":"status-publish","4":"has-post-thumbnail","6":"product_cat-transport-au-gaz-naturel","7":"product_cat-gnl","8":"product_cat-liquefaction-fr","10":"first","11":"instock","12":"taxable","13":"shipping-taxable","14":"product-type-simple"},"acf":[],"_links":{"self":[{"href":"https:\/\/biogasworld.com\/fr\/wp-json\/wp\/v2\/product\/40529","targetHints":{"allow":["GET"]}}],"collection":[{"href":"https:\/\/biogasworld.com\/fr\/wp-json\/wp\/v2\/product"}],"about":[{"href":"https:\/\/biogasworld.com\/fr\/wp-json\/wp\/v2\/types\/product"}],"wp:featuredmedia":[{"embeddable":true,"href":"https:\/\/biogasworld.com\/fr\/wp-json\/wp\/v2\/media\/19090"}],"wp:attachment":[{"href":"https:\/\/biogasworld.com\/fr\/wp-json\/wp\/v2\/media?parent=40529"}],"wp:term":[{"taxonomy":"product_brand","embeddable":true,"href":"https:\/\/biogasworld.com\/fr\/wp-json\/wp\/v2\/product_brand?post=40529"},{"taxonomy":"product_cat","embeddable":true,"href":"https:\/\/biogasworld.com\/fr\/wp-json\/wp\/v2\/product_cat?post=40529"},{"taxonomy":"product_tag","embeddable":true,"href":"https:\/\/biogasworld.com\/fr\/wp-json\/wp\/v2\/product_tag?post=40529"}],"curies":[{"name":"wp","href":"https:\/\/api.w.org\/{rel}","templated":true}]}}