{"id":40570,"date":"2023-05-24T16:31:05","date_gmt":"2023-05-24T20:31:05","guid":{"rendered":"https:\/\/www.biogasworld.com\/product\/uncategorized\/seditank-system\/"},"modified":"2025-05-05T10:44:53","modified_gmt":"2025-05-05T14:44:53","slug":"seditank-system-grit-and-plastic-removal","status":"publish","type":"product","link":"https:\/\/biogasworld.com\/fr\/product\/traitement-des-eaux\/dessableur\/seditank-system-grit-and-plastic-removal\/","title":{"rendered":"Syst\u00e8me Seditank System &#8211; Enl\u00e8ve le gravier et le plastique"},"content":{"rendered":"<h2 style=\"text-align: left;\"><span style=\"color: #000daa;\">Le Seditank de Drycake : R\u00e9volutionner la transformation des d\u00e9chets alimentaires et la digestion ana\u00e9robie<\/span><\/h2>\n<p class=\"zw-paragraph heading0\" data-header=\"0\" data-margin-bottom=\"0pt\" data-hd-info=\"0\" data-line-height=\"1.2\" data-doc-id=\"1450330000003224001\" data-doc-type=\"writer\"><span class=\"TextRun SCXW73392729 BCX0\" lang=\"EN-GB\" xml:lang=\"EN-GB\" data-contrast=\"auto\"><span class=\"NormalTextRun SCXW73392729 BCX0\">La gestion efficace des d\u00e9chets alimentaires est un \u00e9l\u00e9ment essentiel des pratiques durables dans les industries allant de la transformation alimentaire \u00e0 la production d\u2019\u00e9nergie renouvelable. Un d\u00e9fi important dans ce domaine est la pr\u00e9sence de contaminants comme le gravier et les plastiques dans les flux de d\u00e9chets organiques utilis\u00e9s pour alimenter les installations de digestion ana\u00e9robie. Ces contaminants peuvent causer de graves probl\u00e8mes op\u00e9rationnels, notamment une augmentation des co\u00fbts d\u2019entretien, une r\u00e9duction du rendement dans les digesteurs ana\u00e9robies et la contamination des produits finis. Le r\u00e9servoir de s\u00e9diment \u00e0 g\u00e2teau sec est con\u00e7u pour \u00eatre utilis\u00e9 pour nettoyer davantage la production organique (pulpe) de tout d\u00e9ballage ou autre \u00e9quipement de pr\u00e9traitement afin de relever ces d\u00e9fis. Install\u00e9 en aval du d\u00e9ballage Twister de Drycake ou mont\u00e9 sur une autre machine, le Seditank offre une solution fiable et efficace pour s\u00e9parer les mati\u00e8res ind\u00e9sirables des d\u00e9chets alimentaires avant qu\u2019elles n\u2019entrent dans le processus de digestion ana\u00e9robie.<\/span><\/span><\/p>\n<p class=\"zw-paragraph heading0\" data-header=\"0\" data-margin-bottom=\"0pt\" data-hd-info=\"0\" data-line-height=\"1.2\" data-doc-id=\"1450330000003224001\" data-doc-type=\"writer\"><span class=\"EOP SCXW73392729 BCX0\" data-ccp-props=\"{&quot;201341983&quot;:0,&quot;335559739&quot;:160,&quot;335559740&quot;:259}\">\u00a0<\/span><\/p>\n<h2 style=\"text-align: left;\"><span style=\"color: #000daa;\">Qu&rsquo;est-ce que le Seditank de Drycake? <\/span><\/h2>\n<p><span class=\"TextRun SCXW123183141 BCX0\" lang=\"EN-GB\" xml:lang=\"EN-GB\" data-contrast=\"auto\"><span class=\"NormalTextRun SCXW123183141 BCX0\">Le Drycake Seditank est un s\u00e9parateur de d\u00e9chets alimentaires et de granulats qui assure le bon fonctionnement des processus en aval en \u00e9liminant les granulats et les plastiques avant que les d\u00e9chets n\u2019atteignent des \u00e9quipements critiques tels que les digesteurs ana\u00e9robies. Cette machine est con\u00e7ue pour \u00eatre tr\u00e8s efficace et polyvalente, capable de traiter divers types de d\u00e9chets alimentaires tout en minimisant les temps d\u2019arr\u00eat et en prot\u00e9geant les composants essentiels tels que les tuyauteries, les \u00e9changeurs thermiques et les pompes des dommages abrasifs.<\/span><\/span><\/p>\n<p>&nbsp;<\/p>\n<h2 style=\"text-align: left;\"><span style=\"color: #000daa;\">Comment est-ce que le Seditank fonctionne? <\/span><\/h2>\n<p><span class=\"TextRun SCXW248289429 BCX0\" lang=\"EN-GB\" xml:lang=\"EN-GB\" data-contrast=\"auto\"><span class=\"NormalTextRun SCXW248289429 BCX0\">Le Seditank fonctionne selon les principes simples et efficaces de la s\u00e9dimentation et de la flottation. Voici un r\u00e9sum\u00e9 de son fonctionnement : <\/span><\/span><\/p>\n<p><b><span data-contrast=\"auto\">1. Entr\u00e9e et s\u00e9paration initiale : <\/span><\/b><\/p>\n<ul>\n<li>Les d\u00e9chets alimentaires, sous forme de \u00ab\u00a0soupe organique\u00a0\u00bb provenant du pr\u00e9traitement des d\u00e9chets organiques \u00ab\u00a0D\u00e9ballage\u00a0\u00bb, sont introduits dans le r\u00e9servoir de s\u00e9diment par une entr\u00e9e sup\u00e9rieure \u00e0 l\u2019aide d\u2019un syst\u00e8me de pompage ou de levage.<\/li>\n<li>Le m\u00e9lange entre dans un grand r\u00e9servoir rectangulaire, o\u00f9 commence la premi\u00e8re \u00e9tape de s\u00e9paration.<\/li>\n<\/ul>\n<p><strong>2. \u00c9limination du gravier :\u00a0<\/strong><\/p>\n<ul>\n<li data-leveltext=\"o\" data-font=\"Courier New\" data-listid=\"1\" data-list-defn-props=\"{&quot;335552541&quot;:1,&quot;335559685&quot;:1440,&quot;335559991&quot;:360,&quot;469769226&quot;:&quot;Courier New&quot;,&quot;469769242&quot;:[9675],&quot;469777803&quot;:&quot;left&quot;,&quot;469777804&quot;:&quot;o&quot;,&quot;469777815&quot;:&quot;multilevel&quot;}\" aria-setsize=\"-1\" data-aria-posinset=\"1\" data-aria-level=\"2\">Lorsque les d\u00e9chets se d\u00e9posent dans le r\u00e9servoir, des mat\u00e9riaux plus lourds comme le sable, le gravier, le verre et d\u2019autres particules inertes tombent naturellement au fond, formant une couche de s\u00e9diments.<\/li>\n<li data-leveltext=\"o\" data-font=\"Courier New\" data-listid=\"1\" data-list-defn-props=\"{&quot;335552541&quot;:1,&quot;335559685&quot;:1440,&quot;335559991&quot;:360,&quot;469769226&quot;:&quot;Courier New&quot;,&quot;469769242&quot;:[9675],&quot;469777803&quot;:&quot;left&quot;,&quot;469777804&quot;:&quot;o&quot;,&quot;469777815&quot;:&quot;multilevel&quot;}\" aria-setsize=\"-1\" data-aria-posinset=\"1\" data-aria-level=\"2\"><strong>Une vis horizontale<\/strong> situ\u00e9e au fond de la cuve d\u00e9place en continu ce gravier dans une tr\u00e9mie de collecte.<\/li>\n<li data-leveltext=\"o\" data-font=\"Courier New\" data-listid=\"1\" data-list-defn-props=\"{&quot;335552541&quot;:1,&quot;335559685&quot;:1440,&quot;335559991&quot;:360,&quot;469769226&quot;:&quot;Courier New&quot;,&quot;469769242&quot;:[9675],&quot;469777803&quot;:&quot;left&quot;,&quot;469777804&quot;:&quot;o&quot;,&quot;469777815&quot;:&quot;multilevel&quot;}\" aria-setsize=\"-1\" data-aria-posinset=\"1\" data-aria-level=\"2\"><strong>Une vis inclin\u00e9e<\/strong> extrait ensuite le gravier de l\u2019unit\u00e9, assurant que la mati\u00e8re organique restante est exempte de ces contaminants lourds.<\/li>\n<\/ul>\n<p><b><span data-contrast=\"auto\">3. \u00c9limination du plastique et des mati\u00e8res flottantes <\/span><\/b><span data-contrast=\"auto\">:<\/span><span data-ccp-props=\"{&quot;201341983&quot;:0,&quot;335559739&quot;:160,&quot;335559740&quot;:259}\">\u00a0<\/span><\/p>\n<ul>\n<li data-leveltext=\"o\" data-font=\"Courier New\" data-listid=\"1\" data-list-defn-props=\"{&quot;335552541&quot;:1,&quot;335559685&quot;:1440,&quot;335559991&quot;:360,&quot;469769226&quot;:&quot;Courier New&quot;,&quot;469769242&quot;:[9675],&quot;469777803&quot;:&quot;left&quot;,&quot;469777804&quot;:&quot;o&quot;,&quot;469777815&quot;:&quot;multilevel&quot;}\" aria-setsize=\"-1\" data-aria-posinset=\"1\" data-aria-level=\"2\">Simultan\u00e9ment, les contaminants plus l\u00e9gers, y compris les plastiques et autres mat\u00e9riaux flottants, sont \u00e9limin\u00e9s \u00e0 l\u2019aide d\u2019un <strong>syst\u00e8me de diffusion<\/strong> par bulles d\u2019air \u00e0 basse pression. Le d\u00e9bit d\u2019air est faible et \u00e9vite les odeurs.<\/li>\n<li data-leveltext=\"o\" data-font=\"Courier New\" data-listid=\"1\" data-list-defn-props=\"{&quot;335552541&quot;:1,&quot;335559685&quot;:1440,&quot;335559991&quot;:360,&quot;469769226&quot;:&quot;Courier New&quot;,&quot;469769242&quot;:[9675],&quot;469777803&quot;:&quot;left&quot;,&quot;469777804&quot;:&quot;o&quot;,&quot;469777815&quot;:&quot;multilevel&quot;}\" aria-setsize=\"-1\" data-aria-posinset=\"1\" data-aria-level=\"2\">Ce syst\u00e8me agite doucement le m\u00e9lange, encourageant les flottables \u00e0 remonter \u00e0 la surface, o\u00f9 ils sont \u00e9cr\u00e9m\u00e9s par <strong>un racleur.<\/strong><\/li>\n<li data-leveltext=\"o\" data-font=\"Courier New\" data-listid=\"1\" data-list-defn-props=\"{&quot;335552541&quot;:1,&quot;335559685&quot;:1440,&quot;335559991&quot;:360,&quot;469769226&quot;:&quot;Courier New&quot;,&quot;469769242&quot;:[9675],&quot;469777803&quot;:&quot;left&quot;,&quot;469777804&quot;:&quot;o&quot;,&quot;469777815&quot;:&quot;multilevel&quot;}\" aria-setsize=\"-1\" data-aria-posinset=\"1\" data-aria-level=\"2\">Les mati\u00e8res \u00e9cr\u00e9m\u00e9es sont recueillies dans un pi\u00e8ge et transf\u00e9r\u00e9es dans une tr\u00e9mie pour traitement ou \u00e9limination.<\/li>\n<\/ul>\n<p><b><span data-contrast=\"auto\">4. R\u00e9sultat final <\/span><\/b><span data-contrast=\"auto\">:<\/span><span data-ccp-props=\"{&quot;201341983&quot;:0,&quot;335559739&quot;:160,&quot;335559740&quot;:259}\">\u00a0<\/span><\/p>\n<ul>\n<li data-leveltext=\"o\" data-font=\"Courier New\" data-listid=\"1\" data-list-defn-props=\"{&quot;335552541&quot;:1,&quot;335559685&quot;:1440,&quot;335559991&quot;:360,&quot;469769226&quot;:&quot;Courier New&quot;,&quot;469769242&quot;:[9675],&quot;469777803&quot;:&quot;left&quot;,&quot;469777804&quot;:&quot;o&quot;,&quot;469777815&quot;:&quot;multilevel&quot;}\" aria-setsize=\"-1\" data-aria-posinset=\"1\" data-aria-level=\"2\">La boue organique nettoy\u00e9e, maintenant exempte de gravier et de plastique, sort du r\u00e9servoir par une sortie et est pr\u00eate \u00e0 \u00eatre pomp\u00e9e vers le r\u00e9acteur \u00e0 biogaz ou d\u2019autres unit\u00e9s de traitement.<\/li>\n<\/ul>\n<p class=\"zw-paragraph heading0\" data-header=\"0\" data-textformat=\"{&quot;type&quot;:&quot;text&quot;}\" data-margin-bottom=\"0pt\" data-hd-info=\"0\" data-line-height=\"1.2\"><span class=\"EOP\">\u00a0<\/span><\/p>\n<div id=\"attachment_40573\" style=\"width: 946px\" class=\"wp-caption aligncenter\"><img loading=\"lazy\" decoding=\"async\" aria-describedby=\"caption-attachment-40573\" class=\"wp-image-40573 size-full\" src=\"https:\/\/biogasworld.com\/wp-content\/uploads\/2023\/05\/Image1.png\" alt=\"\" width=\"936\" height=\"583\" srcset=\"https:\/\/biogasworld.com\/wp-content\/uploads\/2023\/05\/Image1.png 936w, https:\/\/biogasworld.com\/wp-content\/uploads\/2023\/05\/Image1-250x156.png 250w\" sizes=\"auto, (max-width: 936px) 100vw, 936px\" \/><p id=\"caption-attachment-40573\" class=\"wp-caption-text\">Le d\u00e9ballage organique de Drycake et l\u2019unit\u00e9 de Seditank\/Plastifloat sont utilis\u00e9s en s\u00e9quence pour fournir un syst\u00e8me complet de s\u00e9paration des d\u00e9chets organiques.<\/p><\/div>\n<p>&nbsp;<\/p>\n<p>&nbsp;<\/p>\n<h2 style=\"text-align: left;\"><span style=\"color: #000daa;\"><span data-doc-id=\"1450330000003224001\" data-doc-type=\"writer\">L&rsquo;importance de l&rsquo;\u00e9limation du gravier et du plastique<\/span><\/span><\/h2>\n<h3 style=\"text-align: left;\"><span style=\"color: #000daa;\"><span data-doc-id=\"1450330000003224001\" data-doc-type=\"writer\">\u00c9limination du gravier<\/span><\/span><\/h3>\n<p>Le gravier, compos\u00e9 de sable, de verre et de mat\u00e9riaux similaires, pr\u00e9sente un risque important pour les digesteurs ana\u00e9robies. Ce mat\u00e9riau abrasif peut causer une usure importante des r\u00e9acteurs de biogaz, entra\u00eenant des entretiens fr\u00e9quents et des r\u00e9parations co\u00fbteuses. De plus, le gravier peut s\u2019accumuler, obstruer et endommager les tuyaux, les \u00e9changeurs de chaleur et les pompes. De nombreux r\u00e9servoirs de digestion doivent \u00eatre d\u00e9mantel\u00e9s et les boues accumul\u00e9es enlev\u00e9es par un entrepreneur sp\u00e9cialis\u00e9, ce qui perturbe davantage les op\u00e9rations. En \u00e9liminant efficacement le gravier, le Seditank prot\u00e8ge non seulement l\u2019\u00e9quipement mais am\u00e9liore \u00e9galement l\u2019efficacit\u00e9 globale du processus de digestion.<\/p>\n<p>Le Seditank offre un tr\u00e8s court retour sur investissement lorsqu\u2019il est utilis\u00e9 pour pr\u00e9venir ou r\u00e9duire les temps d\u2019arr\u00eat dus au nettoyage du gravier de la digestion. Toutefois, l\u2019\u00e9limination de la formation de gravier dans les r\u00e9servoirs du digesteur permet d\u2019\u00e9conomiser des co\u00fbts suppl\u00e9mentaires en pr\u00e9servant la tuyauterie interne du r\u00e9servoir, en am\u00e9liorant le rendement de l\u2019\u00e9changeur de chaleur et en prolongeant la dur\u00e9e de vie des pompes.<\/p>\n<p>&nbsp;<\/p>\n<h3 style=\"text-align: left;\"><span style=\"color: #000daa;\"><span data-doc-id=\"1450330000003224001\" data-doc-type=\"writer\">Plastiques et microplastiques<\/span><\/span><\/h3>\n<p>Les plastiques, y compris les microplastiques, sont une autre pr\u00e9occupation majeure dans les flux de d\u00e9chets alimentaires. Ces mat\u00e9riaux peuvent augmenter la viscosit\u00e9 du contenu du r\u00e9acteur de biogaz, ralentir le processus de digestion et r\u00e9duire l\u2019efficacit\u00e9 globale. De plus, la pr\u00e9sence de plastiques dans le digestat final soul\u00e8ve des pr\u00e9occupations environnementales, en particulier lorsque ce mat\u00e9riau est utilis\u00e9 comme engrais. La capacit\u00e9 du Seditank \u00e0 \u00e9liminer les plastiques avant qu\u2019ils n\u2019entrent dans le processus de digestion est cruciale pour maintenir l\u2019int\u00e9grit\u00e9 du produit final et assurer la conformit\u00e9 aux normes environnementales.<\/p>\n<p>Si, par exemple, m\u00eame 0,05\u00a0% de plastique reste dans la p\u00e2te sans r\u00e9servoir de s\u00e9diment, \u00e0 un d\u00e9bit de 10 tph, cela \u00e9quivaut \u00e0 50 kg de particules plastiques micro et nano \u00e0 l\u2019\u00e9chelle par quart de travail quotidien de 10 heures que les scientifiques estiment ne pas d\u00e9grader pendant environ 450 ans.<\/p>\n<p>Cela repr\u00e9sente jusqu\u2019\u00e0 20 tonnes par mois de mati\u00e8re inerte entrant dans un digesteur, espace mort au sein du digesteur qui d\u00e9gradera proportionnellement l\u2019efficacit\u00e9 de la r\u00e9action.<\/p>\n<p>Le Seditank fonctionne pour toutes les exigences de l\u2019alimentation du digesteur jusqu\u2019\u00e0 12% p\/p au-dessus duquel la viscosit\u00e9 plus \u00e9lev\u00e9e de la pulpe emp\u00eache le plastique de monter \u00e0 la surface du r\u00e9servoir dont il est m\u00e9caniquement retir\u00e9.<\/p>\n<p>&nbsp;<\/p>\n<h3 style=\"text-align: left;\"><span style=\"color: #000daa;\"><span data-doc-id=\"1450330000003224001\" data-doc-type=\"writer\">Contamination m\u00e9tallique<\/span><\/span><\/h3>\n<p>Dans les cas o\u00f9 le syst\u00e8me de d\u00e9ballage ou de s\u00e9paration broie des m\u00e9taux en petits morceaux, ces contaminants doivent \u00e9galement \u00eatre \u00e9limin\u00e9s pour \u00e9viter les probl\u00e8mes dans la production d\u2019engrais. Le Seditank est capable de g\u00e9rer cela, en veillant \u00e0 ce que la sortie finale soit exempte de contaminants m\u00e9talliques nocifs.<\/p>\n<p>&nbsp;<\/p>\n<h3 style=\"text-align: left;\"><span style=\"color: #000daa;\"><span data-doc-id=\"1450330000003224001\" data-doc-type=\"writer\">Performance et efficacit\u00e9<\/span><\/span><\/h3>\n<p>Le r\u00e9servoir de s\u00e9chage des boues est con\u00e7u pour offrir des performances et une efficacit\u00e9 \u00e9lev\u00e9es, avec des caract\u00e9ristiques cl\u00e9s qui en font un outil essentiel pour la gestion des d\u00e9chets alimentaires :<\/p>\n<ul>\n<li>Efficacit\u00e9 de lavage\u00a0: Permet d\u2019atteindre une efficacit\u00e9 de lavage de 90\u00a0% ou plus pour la mati\u00e8re organique.<\/li>\n<li>\u00c9limination du gravier : Offre une efficacit\u00e9 d\u2019\u00e9limination du gravier de 95 % ou plus.<\/li>\n<li>R\u00e9duction de la mati\u00e8re flottante\u00a0: R\u00e9duit les mati\u00e8res flottantes, y compris les plastiques, de 97\u00a0%.<\/li>\n<li>S\u00e9chage du gravier : Assure une s\u00e9chage de 90 % du gravier captur\u00e9, ce qui rend l\u2019\u00e9limination plus facile et plus rentable.<\/li>\n<li>Haute fiabilit\u00e9\u00a0: construit avec des mat\u00e9riaux durables et con\u00e7u pour une utilisation \u00e0 long terme avec un entretien minimal.<\/li>\n<li>Conception compacte\u00a0: L\u2019encombrement r\u00e9duit du Seditank lui permet d\u2019\u00eatre facilement install\u00e9 dans divers environnements, des usines de transformation alimentaire aux installations de gestion des d\u00e9chets.<\/li>\n<\/ul>\n<p>&nbsp;<\/p>\n<h3 style=\"text-align: left;\"><span style=\"color: #000daa;\"><span data-doc-id=\"1450330000003224001\" data-doc-type=\"writer\">Configuration du syst\u00e8me et personnalisation<\/span><\/span><\/h3>\n<p>Le Seditank peut \u00eatre configur\u00e9 comme une unit\u00e9 autonome compl\u00e8te et int\u00e9gr\u00e9 \u00e0 n\u2019importe quel syst\u00e8me de criblage pour am\u00e9liorer ses capacit\u00e9s. Il est \u00e9galement personnalisable pour r\u00e9pondre aux exigences sp\u00e9cifiques des usines, ce qui en fait une solution polyvalente pour un large \u00e9ventail d\u2019applications.<\/p>\n<p>&nbsp;<\/p>\n<h2 style=\"text-align: left;\"><span style=\"color: #000daa;\"><span data-doc-id=\"1450330000003224001\" data-doc-type=\"writer\">Avantages environnementaux et commerciaux<\/span><\/span><\/h2>\n<h3 style=\"text-align: left;\"><span style=\"color: #000daa;\"><span data-doc-id=\"1450330000003224001\" data-doc-type=\"writer\">Contribuer \u00e0 l&rsquo;\u00e9conomie circulaire<\/span><\/span><\/h3>\n<p>En \u00e9liminant efficacement les contaminants des d\u00e9chets alimentaires, le Seditank joue un r\u00f4le crucial dans la promotion d\u2019une \u00e9conomie circulaire. La capacit\u00e9 du syst\u00e8me \u00e0 s\u00e9parer les plastiques et le granulat favorise le recyclage de ces mat\u00e9riaux, r\u00e9duisant ainsi le besoin de ressources vierges et minimisant la production globale de d\u00e9chets.<\/p>\n<p>&nbsp;<\/p>\n<h3 style=\"text-align: left;\"><span style=\"color: #000daa;\"><span data-doc-id=\"1450330000003224001\" data-doc-type=\"writer\">R\u00e9duire les co\u00fbts d&rsquo;op\u00e9ration<\/span><\/span><\/h3>\n<p>Le processus de s\u00e9paration \u00e0 haute efficacit\u00e9 du Seditank prot\u00e8ge non seulement les \u00e9quipements critiques contre les dommages, mais r\u00e9duit \u00e9galement la n\u00e9cessit\u00e9 d\u2019une maintenance fr\u00e9quente, ce qui entra\u00eene des \u00e9conomies importantes. De plus, la boue organique propre et exempte de contaminants produite par le Seditank peut \u00eatre directement utilis\u00e9e dans les digesteurs ana\u00e9robies, ce qui am\u00e9liore l\u2019efficacit\u00e9 de la production de biogaz et r\u00e9duit encore les co\u00fbts d\u2019exploitation.<\/p>\n<p>&nbsp;<\/p>\n<h3 style=\"text-align: left;\"><span style=\"color: #000daa;\"><span data-doc-id=\"1450330000003224001\" data-doc-type=\"writer\">Am\u00e9liorer la qualit\u00e9 de vos produits<\/span><\/span><\/h3>\n<p>Pour les industries qui produisent du biogaz ou des engrais organiques, la qualit\u00e9 de l\u2019apport est cruciale. Le Seditank garantit que la mati\u00e8re organique introduite dans ces processus est exempte de contaminants nocifs, ce qui donne un produit final de qualit\u00e9 sup\u00e9rieure qui r\u00e9pond ou d\u00e9passe les normes de l\u2019industrie.<\/p>\n<p>&nbsp;<\/p>\n<h2 style=\"text-align: left;\"><span style=\"color: #000daa;\"><span data-doc-id=\"1450330000003224001\" data-doc-type=\"writer\">Conclusion<\/span><\/span><\/h2>\n<p>Le Seditank de Drycake repr\u00e9sente une avanc\u00e9e importante dans la technologie de gestion des d\u00e9chets alimentaires. En s\u00e9parant efficacement le gravier, les plastiques et autres contaminants des d\u00e9chets organiques, le Seditank am\u00e9liore l\u2019efficacit\u00e9 des processus de digestion ana\u00e9robie et soutient la production de biogaz et d\u2019engrais organiques de haute qualit\u00e9. Sa conception robuste, son rendement \u00e9lev\u00e9 et ses avantages environnementaux en font un outil pr\u00e9cieux pour les industries engag\u00e9es dans la gestion durable des d\u00e9chets.<\/p>\n<p>Investir dans le Seditank est une preuve claire de l\u2019engagement envers la durabilit\u00e9 et la gestion responsable des d\u00e9chets. Alors que la demande de solutions efficaces de recyclage des d\u00e9chets alimentaires continue de cro\u00eetre, le Seditank se d\u00e9marque comme une option fiable, innovante et \u00e9cologique qui non seulement prot\u00e8ge les \u00e9quipements critiques mais contribue \u00e9galement \u00e0 un avenir plus vert et plus durable.<\/p>\n<p>Contactez <a href=\"https:\/\/twisterseparator.com\" target=\"_blank\" rel=\"noopener noreferrer\"><strong>DRYCAKE pour plus d&rsquo;informations<\/strong><\/a> sur comment Seditank peut am\u00e9liorer vos op\u00e9rations.<\/p>\n<p><span class=\"YrSfQOuSa03svjgtrA5N1Gn7teIjzRU6f3d9JOwKVpEmDZyM12WFVoMceL8UHwFaJq64iK9\"><iframe loading=\"lazy\" title=\"Technology Explained: Seditank - Grit and Micro-plastics Removal Prior To The Digester\" width=\"1480\" height=\"833\" src=\"https:\/\/www.youtube.com\/embed\/WChhlMceF78?feature=oembed\" frameborder=\"0\" allow=\"accelerometer; autoplay; clipboard-write; encrypted-media; gyroscope; picture-in-picture; web-share\" referrerpolicy=\"strict-origin-when-cross-origin\" allowfullscreen><\/iframe><\/span><\/p>\n","protected":false},"excerpt":{"rendered":"Le SEDITANK de DRYCAKE est un syst\u00e8me continu con\u00e7u pour enlever le gravier des mati\u00e8res organiques avant leur introduction dans le digesteur. Il prend ensuite le flux organique apr\u00e8s un s\u00e9parateur organique et utilise l\u2019air diffus\u00e9 dans le contre-courant pour induire un tassement \u00e0 haute efficacit\u00e9.","protected":false},"featured_media":40569,"template":"","meta":{"_acf_changed":false,"content-type":""},"product_brand":[],"product_cat":[484,80,468],"product_tag":[],"class_list":{"0":"post-40570","1":"product","2":"type-product","3":"status-publish","4":"has-post-thumbnail","6":"product_cat-uncategorized","7":"product_cat-traitement-des-eaux","8":"product_cat-dessableur","10":"first","11":"instock","12":"taxable","13":"shipping-taxable","14":"product-type-simple"},"acf":[],"_links":{"self":[{"href":"https:\/\/biogasworld.com\/fr\/wp-json\/wp\/v2\/product\/40570","targetHints":{"allow":["GET"]}}],"collection":[{"href":"https:\/\/biogasworld.com\/fr\/wp-json\/wp\/v2\/product"}],"about":[{"href":"https:\/\/biogasworld.com\/fr\/wp-json\/wp\/v2\/types\/product"}],"wp:featuredmedia":[{"embeddable":true,"href":"https:\/\/biogasworld.com\/fr\/wp-json\/wp\/v2\/media\/40569"}],"wp:attachment":[{"href":"https:\/\/biogasworld.com\/fr\/wp-json\/wp\/v2\/media?parent=40570"}],"wp:term":[{"taxonomy":"product_brand","embeddable":true,"href":"https:\/\/biogasworld.com\/fr\/wp-json\/wp\/v2\/product_brand?post=40570"},{"taxonomy":"product_cat","embeddable":true,"href":"https:\/\/biogasworld.com\/fr\/wp-json\/wp\/v2\/product_cat?post=40570"},{"taxonomy":"product_tag","embeddable":true,"href":"https:\/\/biogasworld.com\/fr\/wp-json\/wp\/v2\/product_tag?post=40570"}],"curies":[{"name":"wp","href":"https:\/\/api.w.org\/{rel}","templated":true}]}}