{"id":40597,"date":"2023-05-25T12:40:35","date_gmt":"2023-05-25T16:40:35","guid":{"rendered":"https:\/\/www.biogasworld.com\/product\/uncategorized\/ecotec-solutions-inc-fau-tdl\/"},"modified":"2023-05-25T12:42:30","modified_gmt":"2023-05-25T16:42:30","slug":"ecotec-solutions-inc-fau-tdl","status":"publish","type":"product","link":"https:\/\/biogasworld.com\/fr\/product\/biomethanisation\/instruments-et-controle\/instrumentation\/ecotec-solutions-inc-fau-tdl\/","title":{"rendered":"FAU-TDL"},"content":{"rendered":"","protected":false},"excerpt":{"rendered":"Offrant la solution la plus fiable et la plus rentable pour mesurer le CH4, le CO2 et l\u2019O2, la FAU-TDL est pilot\u00e9e par la recherche de la NASA. Un laser produit une longueur d\u2019onde sp\u00e9cifique de lumi\u00e8re, accord\u00e9e \u00e0 une ligne d\u2019absorption\u00a0: la fr\u00e9quence de lumi\u00e8re connue du gaz cible. Le r\u00e9sultat est une vitesse de r\u00e9ponse imbattable et une mesure s\u00e9lective des gaz.","protected":false},"featured_media":40599,"template":"","meta":{"_acf_changed":false,"content-type":""},"product_brand":[],"product_cat":[460,460,143,143],"product_tag":[],"class_list":{"0":"post-40597","1":"product","2":"type-product","3":"status-publish","4":"has-post-thumbnail","6":"product_cat-analyseurs-de-biogaz","8":"product_cat-instrumentation","11":"first","12":"instock","13":"taxable","14":"shipping-taxable","15":"product-type-simple"},"acf":[],"_links":{"self":[{"href":"https:\/\/biogasworld.com\/fr\/wp-json\/wp\/v2\/product\/40597","targetHints":{"allow":["GET"]}}],"collection":[{"href":"https:\/\/biogasworld.com\/fr\/wp-json\/wp\/v2\/product"}],"about":[{"href":"https:\/\/biogasworld.com\/fr\/wp-json\/wp\/v2\/types\/product"}],"wp:featuredmedia":[{"embeddable":true,"href":"https:\/\/biogasworld.com\/fr\/wp-json\/wp\/v2\/media\/40599"}],"wp:attachment":[{"href":"https:\/\/biogasworld.com\/fr\/wp-json\/wp\/v2\/media?parent=40597"}],"wp:term":[{"taxonomy":"product_brand","embeddable":true,"href":"https:\/\/biogasworld.com\/fr\/wp-json\/wp\/v2\/product_brand?post=40597"},{"taxonomy":"product_cat","embeddable":true,"href":"https:\/\/biogasworld.com\/fr\/wp-json\/wp\/v2\/product_cat?post=40597"},{"taxonomy":"product_tag","embeddable":true,"href":"https:\/\/biogasworld.com\/fr\/wp-json\/wp\/v2\/product_tag?post=40597"}],"curies":[{"name":"wp","href":"https:\/\/api.w.org\/{rel}","templated":true}]}}