{"id":41192,"date":"2023-07-13T10:28:20","date_gmt":"2023-07-13T14:28:20","guid":{"rendered":"https:\/\/www.biogasworld.com\/product\/uncategorized\/verinox-interior-lining-system\/"},"modified":"2025-11-17T10:32:53","modified_gmt":"2025-11-17T15:32:53","slug":"verinox-interior-lining-system","status":"publish","type":"product","link":"https:\/\/biogasworld.com\/fr\/product\/biomethanisation\/reservoir-pour-digesteur\/acier-revetu\/verinox-interior-lining-system\/","title":{"rendered":"Syst\u00e8me de doublure int\u00e9rieure VERINOX"},"content":{"rendered":"<h3><span style=\"color: #000daa;\">Notre syst\u00e8me sp\u00e9cial \u00e0 double pli<\/span><\/h3>\n<p>Une bande en acier inoxydable et une bande en acier galvanis\u00e9 sont jointes avec une couche de s\u00e9paration. En cons\u00e9quence,<strong> la proportion d\u2019acier inoxydable co\u00fbteux est consid\u00e9rablement r\u00e9duite<\/strong>, tout comme les co\u00fbts totaux. La qualit\u00e9 du mat\u00e9riau de la couche de bande int\u00e9rieure en acier inoxydable varie selon les exigences du projet \u2013 316 L \/316 Ti \/ 904 \/ 2205 Duplex Alloy sont tous disponibles en fonction de chaque projet.<\/p>\n<p>Avec ce proc\u00e9d\u00e9 brevet\u00e9, \u00ab\u00a0Verinox\u00a0\u00bb, le mat\u00e9riau duplex d\u00e9velopp\u00e9 par l\u2019organisation Lipp, est constitu\u00e9 d\u2019une feuille d\u2019acier inoxydable qui est jointe \u00e0 une feuille d\u2019acier galvanis\u00e9 au moyen d\u2019une couche de s\u00e9paration. Une feuille adh\u00e9sive est roul\u00e9e et comprim\u00e9e (en sandwich) entre le carbone et l\u2019alliage inoxydable. Cela permet de cr\u00e9er la Barri\u00e8re de mani\u00e8re \u00e0 assurer la protection des m\u00e9taux dissemblables.<\/p>\n<p>Trois composants forment la base de ce mat\u00e9riau id\u00e9al pour la construction de r\u00e9servoirs. Non seulement il a des <strong>propri\u00e9t\u00e9s physiques exceptionnelles<\/strong>, mais il utilise \u00e9galement une <strong>quantit\u00e9 r\u00e9duite d\u2019acier inoxydable co\u00fbteux<\/strong>, ce qui entra\u00eene des <strong>co\u00fbts plus faibles<\/strong>.<\/p>\n<p>Il n\u2019y a pas de joints ouverts en raison de la conception pli\u00e9e. Divers types d\u2019acier inoxydable sont adapt\u00e9s pour une utilisation \u00e0 l\u2019int\u00e9rieur des r\u00e9servoirs. Une simple t\u00f4le d\u2019acier ou galvanis\u00e9e est suffisante pour l\u2019ext\u00e9rieur des r\u00e9servoirs, car elle <strong>r\u00e9sistera \u00e0 la corrosion et aux conditions m\u00e9t\u00e9orologiques normales<\/strong>.<\/p>\n<p>&nbsp;<\/p>\n<p><img loading=\"lazy\" decoding=\"async\" class=\"aligncenter wp-image-41186 size-full\" src=\"https:\/\/biogasworld.com\/wp-content\/uploads\/2023\/07\/LIPP-Design-Slide-4-1-768x297-1.jpg\" alt=\"\" width=\"768\" height=\"297\" srcset=\"https:\/\/biogasworld.com\/wp-content\/uploads\/2023\/07\/LIPP-Design-Slide-4-1-768x297-1.jpg 768w, https:\/\/biogasworld.com\/wp-content\/uploads\/2023\/07\/LIPP-Design-Slide-4-1-768x297-1-250x97.jpg 250w\" sizes=\"auto, (max-width: 768px) 100vw, 768px\" \/><\/p>\n","protected":false},"excerpt":{"rendered":"VERINOX est constitu\u00e9 d\u2019une feuille d\u2019acier inoxydable qui est reli\u00e9e \u00e0 une feuille d\u2019acier galvanis\u00e9 au moyen d\u2019une couche de s\u00e9paration.","protected":false},"featured_media":41191,"template":"","meta":{"_acf_changed":false,"content-type":""},"product_brand":[],"product_cat":[77,303,307],"product_tag":[],"class_list":{"0":"post-41192","1":"product","2":"type-product","3":"status-publish","4":"has-post-thumbnail","6":"product_cat-biomethanisation","7":"product_cat-reservoir-pour-digesteur","8":"product_cat-acier-revetu","10":"first","11":"instock","12":"taxable","13":"shipping-taxable","14":"product-type-simple"},"acf":[],"_links":{"self":[{"href":"https:\/\/biogasworld.com\/fr\/wp-json\/wp\/v2\/product\/41192","targetHints":{"allow":["GET"]}}],"collection":[{"href":"https:\/\/biogasworld.com\/fr\/wp-json\/wp\/v2\/product"}],"about":[{"href":"https:\/\/biogasworld.com\/fr\/wp-json\/wp\/v2\/types\/product"}],"wp:featuredmedia":[{"embeddable":true,"href":"https:\/\/biogasworld.com\/fr\/wp-json\/wp\/v2\/media\/41191"}],"wp:attachment":[{"href":"https:\/\/biogasworld.com\/fr\/wp-json\/wp\/v2\/media?parent=41192"}],"wp:term":[{"taxonomy":"product_brand","embeddable":true,"href":"https:\/\/biogasworld.com\/fr\/wp-json\/wp\/v2\/product_brand?post=41192"},{"taxonomy":"product_cat","embeddable":true,"href":"https:\/\/biogasworld.com\/fr\/wp-json\/wp\/v2\/product_cat?post=41192"},{"taxonomy":"product_tag","embeddable":true,"href":"https:\/\/biogasworld.com\/fr\/wp-json\/wp\/v2\/product_tag?post=41192"}],"curies":[{"name":"wp","href":"https:\/\/api.w.org\/{rel}","templated":true}]}}