{"id":41454,"date":"2023-10-17T16:53:12","date_gmt":"2023-10-17T20:53:12","guid":{"rendered":"https:\/\/www.biogasworld.com\/product\/uncategorized\/permastore-trifusion\/"},"modified":"2023-10-17T16:56:20","modified_gmt":"2023-10-17T20:56:20","slug":"permastore-trifusion","status":"publish","type":"product","link":"https:\/\/biogasworld.com\/fr\/product\/anaerobic-digestion\/instrumentation-and-control\/permastore-trifusion\/","title":{"rendered":"TRIFUSION"},"content":{"rendered":"","protected":false},"excerpt":{"rendered":"TRIFUSION\u00ae est la finition de surface de contact GFtS de haute qualit\u00e9 \u00e9prouv\u00e9e de Permastore qui \u00e9tablit la r\u00e9f\u00e9rence pour une utilisation dans les domaines plus exigeants du traitement des effluents industriels et de la digestion des boues. La surface de contact de chaque panneau fourni est test\u00e9e \u00e0 100\u00a0% en usine et inspect\u00e9e selon une norme rigoureuse qui garantit des panneaux de r\u00e9servoir \u00ab\u00a0sans discontinuit\u00e9 ni d\u00e9faut\u00a0\u00bb lorsqu\u2019ils sont test\u00e9s \u00e0 1100 volts.","protected":false},"featured_media":41453,"template":"","meta":{"_acf_changed":false,"content-type":""},"product_brand":[],"product_cat":[119,146],"product_tag":[],"class_list":{"0":"post-41454","1":"product","2":"type-product","3":"status-publish","4":"has-post-thumbnail","6":"product_cat-instruments-et-controle","7":"product_cat-instrumentation-and-control","9":"first","10":"instock","11":"taxable","12":"shipping-taxable","13":"product-type-simple"},"acf":[],"_links":{"self":[{"href":"https:\/\/biogasworld.com\/fr\/wp-json\/wp\/v2\/product\/41454","targetHints":{"allow":["GET"]}}],"collection":[{"href":"https:\/\/biogasworld.com\/fr\/wp-json\/wp\/v2\/product"}],"about":[{"href":"https:\/\/biogasworld.com\/fr\/wp-json\/wp\/v2\/types\/product"}],"wp:featuredmedia":[{"embeddable":true,"href":"https:\/\/biogasworld.com\/fr\/wp-json\/wp\/v2\/media\/41453"}],"wp:attachment":[{"href":"https:\/\/biogasworld.com\/fr\/wp-json\/wp\/v2\/media?parent=41454"}],"wp:term":[{"taxonomy":"product_brand","embeddable":true,"href":"https:\/\/biogasworld.com\/fr\/wp-json\/wp\/v2\/product_brand?post=41454"},{"taxonomy":"product_cat","embeddable":true,"href":"https:\/\/biogasworld.com\/fr\/wp-json\/wp\/v2\/product_cat?post=41454"},{"taxonomy":"product_tag","embeddable":true,"href":"https:\/\/biogasworld.com\/fr\/wp-json\/wp\/v2\/product_tag?post=41454"}],"curies":[{"name":"wp","href":"https:\/\/api.w.org\/{rel}","templated":true}]}}