{"id":41539,"date":"2023-10-25T10:52:07","date_gmt":"2023-10-25T14:52:07","guid":{"rendered":"https:\/\/www.biogasworld.com\/product\/uncategorized\/gfs\/"},"modified":"2023-10-25T10:54:40","modified_gmt":"2023-10-25T14:54:40","slug":"gfs","status":"publish","type":"product","link":"https:\/\/biogasworld.com\/fr\/product\/anaerobic-digestion\/digester-tanks\/gfs\/","title":{"rendered":"GFS"},"content":{"rendered":"","protected":false},"excerpt":{"rendered":"Nous fournissons, livrons et assemblons des r\u00e9servoirs d\u2019une capacit\u00e9 allant jusqu\u2019\u00e0 50000 m3. Les dimensions et la fiabilit\u00e9 presque illimit\u00e9es des r\u00e9servoirs permettent de stocker l\u2019eau, les eaux us\u00e9es, le digestat, le biogaz, le fumier, les biocarburants, etc.","protected":false},"featured_media":41538,"template":"","meta":{"_acf_changed":false,"content-type":""},"product_brand":[],"product_cat":[145,77,298,303],"product_tag":[],"class_list":{"0":"post-41539","1":"product","2":"type-product","3":"status-publish","4":"has-post-thumbnail","6":"product_cat-anaerobic-digestion","7":"product_cat-biomethanisation","8":"product_cat-digester-tanks","9":"product_cat-reservoir-pour-digesteur","11":"first","12":"instock","13":"taxable","14":"shipping-taxable","15":"product-type-simple"},"acf":[],"_links":{"self":[{"href":"https:\/\/biogasworld.com\/fr\/wp-json\/wp\/v2\/product\/41539","targetHints":{"allow":["GET"]}}],"collection":[{"href":"https:\/\/biogasworld.com\/fr\/wp-json\/wp\/v2\/product"}],"about":[{"href":"https:\/\/biogasworld.com\/fr\/wp-json\/wp\/v2\/types\/product"}],"wp:featuredmedia":[{"embeddable":true,"href":"https:\/\/biogasworld.com\/fr\/wp-json\/wp\/v2\/media\/41538"}],"wp:attachment":[{"href":"https:\/\/biogasworld.com\/fr\/wp-json\/wp\/v2\/media?parent=41539"}],"wp:term":[{"taxonomy":"product_brand","embeddable":true,"href":"https:\/\/biogasworld.com\/fr\/wp-json\/wp\/v2\/product_brand?post=41539"},{"taxonomy":"product_cat","embeddable":true,"href":"https:\/\/biogasworld.com\/fr\/wp-json\/wp\/v2\/product_cat?post=41539"},{"taxonomy":"product_tag","embeddable":true,"href":"https:\/\/biogasworld.com\/fr\/wp-json\/wp\/v2\/product_tag?post=41539"}],"curies":[{"name":"wp","href":"https:\/\/api.w.org\/{rel}","templated":true}]}}