{"id":41593,"date":"2023-11-01T18:10:11","date_gmt":"2023-11-01T22:10:11","guid":{"rendered":"https:\/\/www.biogasworld.com\/product\/uncategorized\/pf3100\/"},"modified":"2025-02-19T17:05:46","modified_gmt":"2025-02-19T22:05:46","slug":"pf3100-bms","status":"publish","type":"product","link":"https:\/\/biogasworld.com\/fr\/product\/biomethanisation\/instruments-et-controle\/pf3100-bms\/","title":{"rendered":"PF3100 BMS"},"content":{"rendered":"<h2><span style=\"color: #000daa;\">PF3100 BMS de Profire<\/span><\/h2>\n<h3><span style=\"color: #00d37d;\"><strong>Description du produit<\/strong><\/span><\/h3>\n<p>Le contr\u00f4leur BMS <strong>PF3100<\/strong> de Profire r\u00e9volutionnera votre application Biogas. Avec sa conception modulaire et son syst\u00e8me d\u2019exploitation convivial, il est id\u00e9al pour les applications multi-br\u00fbleurs et multi-pilotes dans l\u2019industrie du biogaz. Le <strong>PF3100<\/strong> offre un contr\u00f4le pr\u00e9cis de la temp\u00e9rature pour les \u00e9ruptions simples ou multiples, \u00e9liminant l\u2019humidit\u00e9 ou les substances chauffantes jusqu\u2019\u00e0 leur point de liqu\u00e9faction.<\/p>\n<p>Le <strong>PF3100<\/strong> est une centrale \u00e9lectrique polyvalente pr\u00eate \u00e0 relever tous les d\u00e9fis de l\u2019industrie du biogaz. Que vous en ayez besoin pour votre r\u00e9seau \u00e9lectrique ou de chauffage, votre r\u00e9seau de gaz ou le transport de biogaz, ce contr\u00f4leur rentable vous couvre.<\/p>\n<p>Notre r\u00e9seau de gestion des br\u00fbleurs vous permet d\u2019ajouter des E\/S li\u00e9es \u00e0 la s\u00e9curit\u00e9 ou au processus pendant ou apr\u00e8s le processus d\u2019installation. Avec tout ce contr\u00f4le, vous ferez l\u2019exp\u00e9rience d\u2019un syst\u00e8me s\u00fbr, fiable et efficace qui limite les \u00e9missions et optimise les performances.<\/p>\n<p>La s\u00e9curit\u00e9 est notre priorit\u00e9 absolue, c\u2019est pourquoi le <strong>PF3100<\/strong> assure un contr\u00f4le maximal de la temp\u00e9rature. \u00c9quip\u00e9 de\u00a0:<\/p>\n<ul>\n<li>Arr\u00eats \u00e0 haute temp\u00e9rature<\/li>\n<li>D\u00e9marrage\/arr\u00eat des entr\u00e9es et des sorties<\/li>\n<li>D\u00e9tection de d\u00e9faillance de flamme<\/li>\n<li>Cartes r\u00e9seau<\/li>\n<li>Fiche de Spark<\/li>\n<li>Carte pilote UV<\/li>\n<\/ul>\n<p>Combin\u00e9 \u00e0 sa polyvalence et \u00e0 ses nombreuses options modulaires, ce contr\u00f4leur am\u00e9liorera l\u2019int\u00e9grit\u00e9 de votre site.<\/p>\n<p>Ce contr\u00f4leur r\u00e9volutionnaire fonctionne sans effort \u00e0 la fois pour les applications \u00e0 tirage naturel et forc\u00e9 avec contr\u00f4le du rapport carburant-air et d\u00e9tection optique des flammes. Le <strong>PF3100<\/strong> vous permet d\u2019\u00e9tendre, d\u2019ajouter et d\u2019adapter facilement votre application aux sp\u00e9cifications du projet.<\/p>\n<p>&nbsp;<\/p>\n<p><img loading=\"lazy\" decoding=\"async\" class=\"aligncenter wp-image-41591 size-large\" src=\"https:\/\/biogasworld.com\/wp-content\/uploads\/2023\/11\/2019-05-052-2-1536x1024.jpg\" alt=\"\" width=\"1480\" height=\"987\" srcset=\"https:\/\/biogasworld.com\/wp-content\/uploads\/2023\/11\/2019-05-052-2-1536x1024.jpg 1536w, https:\/\/biogasworld.com\/wp-content\/uploads\/2023\/11\/2019-05-052-2-250x167.jpg 250w, https:\/\/biogasworld.com\/wp-content\/uploads\/2023\/11\/2019-05-052-2.jpg 2048w\" sizes=\"auto, (max-width: 1480px) 100vw, 1480px\" \/><\/p>\n<p>&nbsp;<\/p>\n<p>&nbsp;<\/p>\n<h3><span style=\"color: #00d37d;\"><strong>\u00c0 utiliser avec (sans s\u2019y limiter) :<\/strong><\/span><\/h3>\n<ul>\n<li>Chambres de combustion et fus\u00e9es \u00e9clairantes<\/li>\n<li>D\u00e9shydrateur<\/li>\n<li>\u00c9limination du siloxane et du soufre<\/li>\n<li>Traitement aux amines<\/li>\n<li>Oxydant thermique r\u00e9g\u00e9n\u00e9ratif (RTO)<\/li>\n<li>Oxydant thermique (TO)<\/li>\n<\/ul>\n<p>&nbsp;<\/p>\n<p><img loading=\"lazy\" decoding=\"async\" class=\"aligncenter wp-image-41577 size-large\" src=\"https:\/\/biogasworld.com\/wp-content\/uploads\/2023\/11\/2019-05-072-1536x1024.jpg\" alt=\"\" width=\"1480\" height=\"987\" srcset=\"https:\/\/biogasworld.com\/wp-content\/uploads\/2023\/11\/2019-05-072-1536x1024.jpg 1536w, https:\/\/biogasworld.com\/wp-content\/uploads\/2023\/11\/2019-05-072-250x167.jpg 250w, https:\/\/biogasworld.com\/wp-content\/uploads\/2023\/11\/2019-05-072.jpg 2048w\" sizes=\"auto, (max-width: 1480px) 100vw, 1480px\" \/><\/p>\n<p>&nbsp;<\/p>\n<h3><span style=\"color: #00d37d;\"><strong>Certifications<\/strong><\/span><\/h3>\n<ul>\n<li>SIL 2 capable<\/li>\n<li>ASC<\/li>\n<li>NFPA<\/li>\n<li>UL<\/li>\n<li>ETL<\/li>\n<li>Intertek<\/li>\n<li>exida<\/li>\n<li>ANSI<\/li>\n<\/ul>\n<p>Pour plus d\u2019informations sur la s\u00e9rie <strong>PF3100<\/strong>, visitez notre site Web \u00e0 <a href=\"https:\/\/www.profireenergy.com\/index.html\" target=\"_blank\" rel=\"noopener noreferrer\">profireenergy.com<\/a>.<\/p>\n<p>&nbsp;<\/p>\n<p><img loading=\"lazy\" decoding=\"async\" class=\"aligncenter wp-image-41589 size-large\" src=\"https:\/\/biogasworld.com\/wp-content\/uploads\/2023\/11\/2019-05-131-1600x898.jpg\" alt=\"\" width=\"1480\" height=\"831\" srcset=\"https:\/\/biogasworld.com\/wp-content\/uploads\/2023\/11\/2019-05-131-1600x898.jpg 1600w, https:\/\/biogasworld.com\/wp-content\/uploads\/2023\/11\/2019-05-131-250x140.jpg 250w, https:\/\/biogasworld.com\/wp-content\/uploads\/2023\/11\/2019-05-131-1536x862.jpg 1536w, https:\/\/biogasworld.com\/wp-content\/uploads\/2023\/11\/2019-05-131.jpg 2048w\" sizes=\"auto, (max-width: 1480px) 100vw, 1480px\" \/><\/p>\n","protected":false},"excerpt":{"rendered":"Le PF3100 est une centrale \u00e9lectrique polyvalente pr\u00eate \u00e0 relever tous les d\u00e9fis de l\u2019industrie du biogaz. Que vous en ayez besoin pour votre r\u00e9seau \u00e9lectrique ou de chauffage, votre r\u00e9seau de gaz ou le transport de biogaz, ce contr\u00f4leur rentable vous couvre.","protected":false},"featured_media":41588,"template":"","meta":{"_acf_changed":false,"content-type":""},"product_brand":[],"product_cat":[77,119],"product_tag":[],"class_list":{"0":"post-41593","1":"product","2":"type-product","3":"status-publish","4":"has-post-thumbnail","6":"product_cat-biomethanisation","7":"product_cat-instruments-et-controle","9":"first","10":"instock","11":"taxable","12":"shipping-taxable","13":"product-type-simple"},"acf":[],"_links":{"self":[{"href":"https:\/\/biogasworld.com\/fr\/wp-json\/wp\/v2\/product\/41593","targetHints":{"allow":["GET"]}}],"collection":[{"href":"https:\/\/biogasworld.com\/fr\/wp-json\/wp\/v2\/product"}],"about":[{"href":"https:\/\/biogasworld.com\/fr\/wp-json\/wp\/v2\/types\/product"}],"wp:featuredmedia":[{"embeddable":true,"href":"https:\/\/biogasworld.com\/fr\/wp-json\/wp\/v2\/media\/41588"}],"wp:attachment":[{"href":"https:\/\/biogasworld.com\/fr\/wp-json\/wp\/v2\/media?parent=41593"}],"wp:term":[{"taxonomy":"product_brand","embeddable":true,"href":"https:\/\/biogasworld.com\/fr\/wp-json\/wp\/v2\/product_brand?post=41593"},{"taxonomy":"product_cat","embeddable":true,"href":"https:\/\/biogasworld.com\/fr\/wp-json\/wp\/v2\/product_cat?post=41593"},{"taxonomy":"product_tag","embeddable":true,"href":"https:\/\/biogasworld.com\/fr\/wp-json\/wp\/v2\/product_tag?post=41593"}],"curies":[{"name":"wp","href":"https:\/\/api.w.org\/{rel}","templated":true}]}}