{"id":41612,"date":"2023-11-07T12:14:27","date_gmt":"2023-11-07T17:14:27","guid":{"rendered":"https:\/\/www.biogasworld.com\/product\/uncategorized\/silo-psa\/"},"modified":"2023-11-07T12:15:37","modified_gmt":"2023-11-07T17:15:37","slug":"silo-psa","status":"publish","type":"product","link":"https:\/\/biogasworld.com\/fr\/product\/biogas-management\/upgrading\/silo-psa\/","title":{"rendered":"SILO PSA"},"content":{"rendered":"","protected":false},"excerpt":{"rendered":"SILO PSA est un syst\u00e8me avanc\u00e9 d\u2019adsorption par oscillation de pression (PSA) pour purifier l\u2019hydrog\u00e8ne, le m\u00e9thane, le CO2, l\u2019h\u00e9lium et d\u2019autres gaz. Le syst\u00e8me utilise un seul distributeur de gaz rotatif et des canaux de d\u00e9bit de gaz int\u00e9gr\u00e9s pour \u00e9liminer plus de 50 vannes de traitement et plus de 30 bobines de tuyaux n\u00e9cessaires pour les \u00e9quipements PSA conventionnels.","protected":false},"featured_media":41611,"template":"","meta":{"_acf_changed":false,"content-type":""},"product_brand":[],"product_cat":[208,212,79,97],"product_tag":[],"class_list":{"0":"post-41612","1":"product","2":"type-product","3":"status-publish","4":"has-post-thumbnail","6":"product_cat-biogas-management","7":"product_cat-upgrading","8":"product_cat-valorisation-du-biogaz","9":"product_cat-raffinage","11":"first","12":"instock","13":"taxable","14":"shipping-taxable","15":"product-type-simple"},"acf":[],"_links":{"self":[{"href":"https:\/\/biogasworld.com\/fr\/wp-json\/wp\/v2\/product\/41612","targetHints":{"allow":["GET"]}}],"collection":[{"href":"https:\/\/biogasworld.com\/fr\/wp-json\/wp\/v2\/product"}],"about":[{"href":"https:\/\/biogasworld.com\/fr\/wp-json\/wp\/v2\/types\/product"}],"wp:featuredmedia":[{"embeddable":true,"href":"https:\/\/biogasworld.com\/fr\/wp-json\/wp\/v2\/media\/41611"}],"wp:attachment":[{"href":"https:\/\/biogasworld.com\/fr\/wp-json\/wp\/v2\/media?parent=41612"}],"wp:term":[{"taxonomy":"product_brand","embeddable":true,"href":"https:\/\/biogasworld.com\/fr\/wp-json\/wp\/v2\/product_brand?post=41612"},{"taxonomy":"product_cat","embeddable":true,"href":"https:\/\/biogasworld.com\/fr\/wp-json\/wp\/v2\/product_cat?post=41612"},{"taxonomy":"product_tag","embeddable":true,"href":"https:\/\/biogasworld.com\/fr\/wp-json\/wp\/v2\/product_tag?post=41612"}],"curies":[{"name":"wp","href":"https:\/\/api.w.org\/{rel}","templated":true}]}}