{"id":41619,"date":"2023-11-07T12:28:36","date_gmt":"2023-11-07T17:28:36","guid":{"rendered":"https:\/\/www.biogasworld.com\/product\/uncategorized\/g4-proprietary-pch-technology\/"},"modified":"2023-11-07T12:31:20","modified_gmt":"2023-11-07T17:31:20","slug":"technologie-exclusive-de-pch-de-g4","status":"publish","type":"product","link":"https:\/\/biogasworld.com\/fr\/product\/anaerobic-digestion\/small-scale-digester-en\/technologie-exclusive-de-pch-de-g4\/","title":{"rendered":"Technologie exclusive de PCH de G4"},"content":{"rendered":"","protected":false},"excerpt":{"rendered":"La technologie PyroCatalytic Hydrogenation (PCH) de G4 convertit la biomasse lignocellulosique en hydrog\u00e8ne vert ou en gaz naturel renouvelable (GNR). La bioraffinerie G4 combine une pyrolyse rapide et des catalyseurs pour produire directement du m\u00e9thane qui peut \u00eatre utilis\u00e9 comme produit de GNR ou transform\u00e9 par reformage du m\u00e9thane \u00e0 la vapeur pour produire des produits d\u2019hydrog\u00e8ne vert.","protected":false},"featured_media":41617,"template":"","meta":{"_acf_changed":false,"content-type":""},"product_brand":[],"product_cat":[140,155],"product_tag":[],"class_list":{"0":"post-41619","1":"product","2":"type-product","3":"status-publish","4":"has-post-thumbnail","6":"product_cat-digesteurs-petite-echelle","7":"product_cat-small-scale-digester-en","9":"first","10":"instock","11":"taxable","12":"shipping-taxable","13":"product-type-simple"},"acf":[],"_links":{"self":[{"href":"https:\/\/biogasworld.com\/fr\/wp-json\/wp\/v2\/product\/41619","targetHints":{"allow":["GET"]}}],"collection":[{"href":"https:\/\/biogasworld.com\/fr\/wp-json\/wp\/v2\/product"}],"about":[{"href":"https:\/\/biogasworld.com\/fr\/wp-json\/wp\/v2\/types\/product"}],"wp:featuredmedia":[{"embeddable":true,"href":"https:\/\/biogasworld.com\/fr\/wp-json\/wp\/v2\/media\/41617"}],"wp:attachment":[{"href":"https:\/\/biogasworld.com\/fr\/wp-json\/wp\/v2\/media?parent=41619"}],"wp:term":[{"taxonomy":"product_brand","embeddable":true,"href":"https:\/\/biogasworld.com\/fr\/wp-json\/wp\/v2\/product_brand?post=41619"},{"taxonomy":"product_cat","embeddable":true,"href":"https:\/\/biogasworld.com\/fr\/wp-json\/wp\/v2\/product_cat?post=41619"},{"taxonomy":"product_tag","embeddable":true,"href":"https:\/\/biogasworld.com\/fr\/wp-json\/wp\/v2\/product_tag?post=41619"}],"curies":[{"name":"wp","href":"https:\/\/api.w.org\/{rel}","templated":true}]}}