{"id":41634,"date":"2023-11-08T13:25:31","date_gmt":"2023-11-08T18:25:31","guid":{"rendered":"https:\/\/www.biogasworld.com\/product\/uncategorized\/manmonts-biogas-flares\/"},"modified":"2025-03-14T11:56:39","modified_gmt":"2025-03-14T15:56:39","slug":"manmont-torcheres-biogaz","status":"publish","type":"product","link":"https:\/\/biogasworld.com\/fr\/product\/valorisation-du-biogaz\/torchere\/manmont-torcheres-biogaz\/","title":{"rendered":"ManMont &#8211; Torch\u00e8res de biogaz"},"content":{"rendered":"<h2><span style=\"color: #000daa;\">CONCEPTION ET PRODUCTION DE SYST\u00c8MES DE TORCHAGE DE BIOGAZ ET DE BIOM\u00c9THANE<\/span><\/h2>\n<h3><span style=\"color: #00d37d;\"><strong>Description du produit<\/strong><\/span><\/h3>\n<p>Un syst\u00e8me de torch\u00e8re au biogaz est un dispositif de s\u00e9curit\u00e9 et de contr\u00f4le environnemental utilis\u00e9 dans les installations et installations de biogaz. Le biogaz est produit par la digestion ana\u00e9robie de mati\u00e8res organiques telles que les d\u00e9chets agricoles, les eaux us\u00e9es ou les d\u00e9chets alimentaires.<\/p>\n<p>Notre syst\u00e8me de torch\u00e8re de biogaz est con\u00e7u pour br\u00fbler ou br\u00fbler le biogaz exc\u00e9dentaire qui ne peut pas \u00eatre utilis\u00e9 ou stock\u00e9. Cela r\u00e9pond \u00e0 divers objectifs, notamment la s\u00e9curit\u00e9, la protection de l\u2019environnement et le respect des r\u00e9glementations et normes environnementales.<\/p>\n<p>&nbsp;<\/p>\n<h2><span style=\"color: #000daa;\">NOS TORCH\u00c8RES DE BIOGAZ ET DE BIOM\u00c9THANE<\/span><\/h2>\n<h3><span style=\"color: #00d37d;\"><strong>Torch\u00e8re de biogaz \u00e9lev\u00e9e<\/strong><\/span><\/h3>\n<p>La torche est compos\u00e9e d\u2019un br\u00fbleur install\u00e9 \u00e0 une position \u00e9lev\u00e9e, \u00e9quip\u00e9 d\u2019un pilote d\u2019allumage \u00e0 haute \u00e9nergie et d\u2019un syst\u00e8me de d\u00e9tection de flamme via thermocouple. L\u2019air de combustion est naturellement transport\u00e9 \u00e0 partir de la partie inf\u00e9rieure de l\u2019\u00e9cran de flamme et la temp\u00e9rature de combustion sera de 800 \u00b0C max.<\/p>\n<p>Comme le biogaz est produit dans des digesteurs ana\u00e9robies, il est dirig\u00e9 vers la torche \u00e0 travers un r\u00e9seau de tuyaux. Une fois que le biogaz atteint la torch\u00e8re, il s\u2019enflamme et le processus de combustion convertit le m\u00e9thane en dioxyde de carbone, en vapeur d\u2019eau et en chaleur. Cette combustion contr\u00f4l\u00e9e emp\u00eache la lib\u00e9ration de m\u00e9thane, un puissant gaz \u00e0 effet de serre, dans l\u2019atmosph\u00e8re, att\u00e9nuant ainsi son impact sur le changement climatique.<\/p>\n<p><a href=\"https:\/\/manmont.ca\/elevated-biogas-flare\/\" target=\"_blank\" rel=\"noopener noreferrer\">En apprendre davantage sur la torch\u00e8re de biogaz \u00e9lev\u00e9e.<\/a><\/p>\n<p>&nbsp;<\/p>\n<p><img loading=\"lazy\" decoding=\"async\" class=\"aligncenter wp-image-41627 size-full\" src=\"https:\/\/biogasworld.com\/wp-content\/uploads\/2023\/11\/tcd-1.png\" alt=\"\" width=\"343\" height=\"507\" srcset=\"https:\/\/biogasworld.com\/wp-content\/uploads\/2023\/11\/tcd-1.png 343w, https:\/\/biogasworld.com\/wp-content\/uploads\/2023\/11\/tcd-1-250x370.png 250w, https:\/\/biogasworld.com\/wp-content\/uploads\/2023\/11\/tcd-1-169x250.png 169w\" sizes=\"auto, (max-width: 343px) 100vw, 343px\" \/><\/p>\n<p>&nbsp;<\/p>\n<h3><span style=\"color: #00d37d;\"><strong>Torch\u00e8re de biogaz ferm\u00e9e<\/strong><\/span><\/h3>\n<p>Ce type de torch\u00e8re est con\u00e7u pour obtenir un rendement de combustion \u00e9lev\u00e9 et ainsi obtenir des valeurs de CO et de NOx en aval de la combustion, qui est tr\u00e8s faible et tra\u00e7able gr\u00e2ce \u00e0 une buse d\u00e9di\u00e9e accessible de l\u2019ext\u00e9rieur.<\/p>\n<p>La torche \u00e0 haute efficacit\u00e9 se compose d\u2019un br\u00fbleur install\u00e9 \u00e0 la base, \u00e9quip\u00e9 d\u2019un pilote d\u2019allumage \u00e0 haute \u00e9nergie et d\u2019un syst\u00e8me de d\u00e9tection de flamme via un scanner UV. L\u2019air de combustion est transport\u00e9 au moyen d\u2019un amortisseur automatique qui, au moyen d\u2019un thermocouple immerg\u00e9 dans la zone de la chambre de combustion, module automatiquement le flux d\u2019air appropri\u00e9, assurant une temp\u00e9rature de combustion constante jusqu\u2019\u00e0 un max. 1200 \u00b0C (visible et r\u00e9glable depuis le panneau de commande).<\/p>\n<p><a href=\"https:\/\/manmont.ca\/enclosed-biogas-flare\/\" target=\"_blank\" rel=\"noopener noreferrer\">En apprendre davantage sur la torch\u00e8re de biogaz ferm\u00e9e.<\/a><\/p>\n<p>&nbsp;<\/p>\n<p><img loading=\"lazy\" decoding=\"async\" class=\"aligncenter wp-image-41625 size-large\" src=\"https:\/\/biogasworld.com\/wp-content\/uploads\/2023\/11\/20150720_151654-390x1024.jpg\" alt=\"\" width=\"390\" height=\"1024\" srcset=\"https:\/\/biogasworld.com\/wp-content\/uploads\/2023\/11\/20150720_151654-390x1024.jpg 390w, https:\/\/biogasworld.com\/wp-content\/uploads\/2023\/11\/20150720_151654-scaled-250x656.jpg 250w, https:\/\/biogasworld.com\/wp-content\/uploads\/2023\/11\/20150720_151654-95x250.jpg 95w, https:\/\/biogasworld.com\/wp-content\/uploads\/2023\/11\/20150720_151654-585x1536.jpg 585w, https:\/\/biogasworld.com\/wp-content\/uploads\/2023\/11\/20150720_151654-780x2048.jpg 780w, https:\/\/biogasworld.com\/wp-content\/uploads\/2023\/11\/20150720_151654-scaled.jpg 975w\" sizes=\"auto, (max-width: 390px) 100vw, 390px\" \/><\/p>\n<p>&nbsp;<\/p>\n<h3><span style=\"color: #00d37d;\"><strong>Torch\u00e8re de biom\u00e9thane ferm\u00e9e<\/strong><\/span><\/h3>\n<p>Ce type de torch\u00e8re est con\u00e7u pour une utilisation sp\u00e9cifique dans les usines de production de biom\u00e9thane o\u00f9 il est n\u00e9cessaire de br\u00fbler \u00e0 la fois le biogaz en amont du syst\u00e8me de valorisation et le biom\u00e9thane g\u00e9n\u00e9r\u00e9 apr\u00e8s le traitement.<\/p>\n<p>Une torch\u00e8re de biom\u00e9thane ferm\u00e9e est un syst\u00e8me sp\u00e9cialis\u00e9 con\u00e7u pour br\u00fbler le biogaz d\u00e9riv\u00e9 du processus de digestion ana\u00e9robie des mati\u00e8res organiques dans un environnement contr\u00f4l\u00e9. La digestion ana\u00e9robie est un processus biologique qui d\u00e9compose la mati\u00e8re organique en l\u2019absence d\u2019oxyg\u00e8ne, entra\u00eenant la production de biogaz, principalement compos\u00e9 de m\u00e9thane et de dioxyde de carbone.<\/p>\n<p><a href=\"https:\/\/manmont.ca\/enclosed-biomethane-flare\/\" target=\"_blank\" rel=\"noopener noreferrer\">En apprendre davantage sur la torch\u00e8re de biom\u00e9thane ferm\u00e9e.<\/a><\/p>\n<p>&nbsp;<\/p>\n<p><img loading=\"lazy\" decoding=\"async\" class=\"aligncenter\" src=\"https:\/\/manmont2.files.wordpress.com\/2023\/10\/23de29b1-04ad-4f46-8cee-3ce573f9e7eb.jpg?w=768\" alt=\"\" width=\"768\" height=\"1024\" \/><\/p>\n<p>&nbsp;<\/p>\n<h3><span style=\"color: #00d37d;\"><strong>Torch\u00e8re de biogaz \u00e0 flamme cach\u00e9e<\/strong><\/span><\/h3>\n<p>Ce type de torch\u00e8re est con\u00e7u pour contenir la flamme afin de ne pas la rendre visible de l\u2019ext\u00e9rieur et est adopt\u00e9 lorsque le rendement de combustion \u00e9lev\u00e9 et la tra\u00e7abilit\u00e9 ne sont pas n\u00e9cessaires. La torche se compose d\u2019un br\u00fbleur install\u00e9 \u00e0 une position \u00e9lev\u00e9e, \u00e9quip\u00e9 d\u2019un pilote d\u2019allumage \u00e0 haute \u00e9nergie et d\u2019un syst\u00e8me de d\u00e9tection de flamme via thermocouple.<\/p>\n<p>La torche se compose d\u2019un br\u00fbleur install\u00e9 en position \u00e9lev\u00e9e, \u00e9quip\u00e9 d\u2019un pilote d\u2019allumage \u00e0 haute \u00e9nergie et d\u2019un syst\u00e8me de d\u00e9tection de flamme via un scanner UV.<\/p>\n<p>L\u2019air de combustion est naturellement transport\u00e9 de la partie inf\u00e9rieure de l\u2019\u00e9cran de flamme. En cas de demande sp\u00e9cifique, il est possible d\u2019obtenir un syst\u00e8me de contr\u00f4le en installant un amortisseur automatique par thermocouple immerg\u00e9 dans la zone de la chambre de combustion, module automatiquement le flux d\u2019air appropri\u00e9, assurant une temp\u00e9rature de combustion constante jusqu\u2019\u00e0 un maximum de 800 \u00b0C (visible et r\u00e9glable depuis le panneau de commande).<\/p>\n<p><a href=\"https:\/\/manmont.ca\/hidden-flame-biogas-flare\/\" target=\"_blank\" rel=\"noopener noreferrer\">En apprendre davantage sur la torch\u00e8re de biogaz \u00e0 flamme cach\u00e9e.<\/a><\/p>\n<p>&nbsp;<\/p>\n<p><img loading=\"lazy\" decoding=\"async\" class=\"aligncenter wp-image-41632 size-large\" src=\"https:\/\/biogasworld.com\/wp-content\/uploads\/2023\/11\/t186-18-1-1365x1024.jpg\" alt=\"\" width=\"1365\" height=\"1024\" srcset=\"https:\/\/biogasworld.com\/wp-content\/uploads\/2023\/11\/t186-18-1-1365x1024.jpg 1365w, https:\/\/biogasworld.com\/wp-content\/uploads\/2023\/11\/t186-18-1-250x188.jpg 250w, https:\/\/biogasworld.com\/wp-content\/uploads\/2023\/11\/t186-18-1-1536x1152.jpg 1536w, https:\/\/biogasworld.com\/wp-content\/uploads\/2023\/11\/t186-18-1.jpg 1600w\" sizes=\"auto, (max-width: 1365px) 100vw, 1365px\" \/><\/p>\n<p>&nbsp;<\/p>\n<p>Pour en savoir plus sur nos torch\u00e8res de biogaz et de biom\u00e9thane, visitez<a href=\"https:\/\/manmont.ca\/bio-gas-flares\/\" target=\"_blank\" rel=\"noopener noreferrer\"> https:\/\/manmont.ca\/bio-gas-flares\/<\/a>.<\/p>\n","protected":false},"excerpt":{"rendered":"Les torches de biogaz et de biom\u00e9thane de ManMont sont con\u00e7ues pour les dispositifs de contr\u00f4le de la s\u00e9curit\u00e9 et de l\u2019environnement utilis\u00e9s dans les installations de biogaz. Nous avons de nombreux mod\u00e8les, tels que des torch\u00e8res de biogaz \u00e9lev\u00e9, des torch\u00e8res de biogaz \u00e0 flamme cach\u00e9e, des torch\u00e8res de biogaz ferm\u00e9es et des torch\u00e8res de biom\u00e9thane ferm\u00e9es.","protected":false},"featured_media":41631,"template":"","meta":{"_acf_changed":false,"content-type":""},"product_brand":[],"product_cat":[79,133],"product_tag":[],"class_list":{"0":"post-41634","1":"product","2":"type-product","3":"status-publish","4":"has-post-thumbnail","6":"product_cat-valorisation-du-biogaz","7":"product_cat-torchere","9":"first","10":"instock","11":"taxable","12":"shipping-taxable","13":"product-type-simple"},"acf":[],"_links":{"self":[{"href":"https:\/\/biogasworld.com\/fr\/wp-json\/wp\/v2\/product\/41634","targetHints":{"allow":["GET"]}}],"collection":[{"href":"https:\/\/biogasworld.com\/fr\/wp-json\/wp\/v2\/product"}],"about":[{"href":"https:\/\/biogasworld.com\/fr\/wp-json\/wp\/v2\/types\/product"}],"wp:featuredmedia":[{"embeddable":true,"href":"https:\/\/biogasworld.com\/fr\/wp-json\/wp\/v2\/media\/41631"}],"wp:attachment":[{"href":"https:\/\/biogasworld.com\/fr\/wp-json\/wp\/v2\/media?parent=41634"}],"wp:term":[{"taxonomy":"product_brand","embeddable":true,"href":"https:\/\/biogasworld.com\/fr\/wp-json\/wp\/v2\/product_brand?post=41634"},{"taxonomy":"product_cat","embeddable":true,"href":"https:\/\/biogasworld.com\/fr\/wp-json\/wp\/v2\/product_cat?post=41634"},{"taxonomy":"product_tag","embeddable":true,"href":"https:\/\/biogasworld.com\/fr\/wp-json\/wp\/v2\/product_tag?post=41634"}],"curies":[{"name":"wp","href":"https:\/\/api.w.org\/{rel}","templated":true}]}}