{"id":41981,"date":"2024-02-23T12:03:15","date_gmt":"2024-02-23T17:03:15","guid":{"rendered":"https:\/\/www.biogasworld.com\/product\/uncategorized\/hvg-series\/"},"modified":"2025-03-24T15:55:04","modified_gmt":"2025-03-24T19:55:04","slug":"series-hvg","status":"publish","type":"product","link":"https:\/\/biogasworld.com\/fr\/product\/valorisation-du-biogaz\/compresseurs-biogaz\/series-hvg\/","title":{"rendered":"S\u00e9rie HVG"},"content":{"rendered":"<h2><span style=\"color: #000daa;\">Adicomp &#8211; S\u00e9rie HVG<\/span><\/h2>\n<ul>\n<li>Pression d\u2019aspiration\u00a0: 0 &lt; 117 psi (g)<\/li>\n<li>Pression de fonctionnement\u00a0: 44 &lt; 363 psi (g)<\/li>\n<li>Gaz lib\u00e9r\u00e9 : 0 &lt; 1869 SCFM<\/li>\n<li>Puissance adsorb\u00e9e\u00a0: 3 &lt; 550 ch<\/li>\n<\/ul>\n<p>&nbsp;<\/p>\n<h2><span style=\"color: #000daa;\">Applications principales<\/span><\/h2>\n<p>Que ce soit pour le ravitaillement en piles \u00e0 combustible, comme carburant synth\u00e9tique, pour alimenter le r\u00e9seau de gaz naturel ou pour la production d\u2019acier, l\u2019hydrog\u00e8ne est un vecteur \u00e9nerg\u00e9tique polyvalent et respectueux du climat.<\/p>\n<p>L\u2019hydrog\u00e8ne mais aussi le gaz de synth\u00e8se sont essentiels comme mati\u00e8re premi\u00e8re et combustible dans de nombreux processus industriels. Ces applications comprennent le secteur de la mobilit\u00e9, la production et le stockage d\u2019\u00e9lectricit\u00e9, les engrais et les raffineries.<\/p>\n<p>La s\u00e9rie Adicomp HVG joue un r\u00f4le central dans son utilisation.<\/p>\n<p>Avec plusieurs ann\u00e9es d\u2019exp\u00e9rience \u00e9prouv\u00e9e dans la compression de l\u2019hydrog\u00e8ne, la s\u00e9rie HVG est le choix parfait pour les applications \u00e0 base d&rsquo;hydrog\u00e8ne et de syngas.<\/p>\n<p>Nos solutions sont optimis\u00e9es pour \u00eatre efficaces, rentables et adapt\u00e9es aux exigences sp\u00e9cifiques du client.<\/p>\n<p>&nbsp;<\/p>\n<h2><span style=\"color: #000daa;\">Comment \u00e7a fonctionne<\/span><\/h2>\n<p>Le gaz est aspir\u00e9 \u00e0 travers un filtre d\u2019aspiration qui \u00e9limine les particules et agit \u00e9galement comme s\u00e9parateur d\u2019eau (si n\u00e9cessaire), puis le gaz passe par une soupape d\u2019aspiration. Tous les composants en contact avec le gaz sont fabriqu\u00e9s en acier inoxydable ou bien prot\u00e9g\u00e9s, en raison de la pr\u00e9sence possible de contaminants agressifs dans le gaz. Pendant le processus de compression du gaz, l\u2019huile est inject\u00e9e \u00e0 l\u2019int\u00e9rieur de la chambre de vis rotative pour effectuer trois fonctions principales\u00a0: lubrification, \u00e9tanch\u00e9it\u00e9 et absorption de chaleur. Travaillant dans un circuit ferm\u00e9 avec un r\u00e9cepteur de gaz\/huile, l\u2019huile est pressuris\u00e9e pour passer \u00e0 travers un refroidisseur d\u2019huile, puis filtr\u00e9e avant d\u2019\u00eatre inject\u00e9e \u00e0 nouveau dans la chambre de compression \u00e0 vis. Le gaz s\u00e9par\u00e9 de l\u2019huile par une cartouche passe dans un refroidisseur \u00e0 travers la soupape de pression minimale\/sans retour et peut \u00eatre trait\u00e9 avant de quitter l\u2019emballage conform\u00e9ment aux exigences du client. Un syst\u00e8me de contr\u00f4le sophistiqu\u00e9 de la s\u00e9rie Adicomp g\u00e8re la pression de fonctionnement en amont ou en aval de l\u2019unit\u00e9, et ajuste automatiquement la vitesse du compresseur pour moduler la production en fonction de la disponibilit\u00e9 ou de la demande de biogaz.<\/p>\n<p>&nbsp;<\/p>\n<p><img loading=\"lazy\" decoding=\"async\" class=\"aligncenter wp-image-43197 size-full\" src=\"https:\/\/biogasworld.com\/wp-content\/uploads\/2024\/02\/HVG.jpg\" alt=\"\" width=\"2500\" height=\"2498\" srcset=\"https:\/\/biogasworld.com\/wp-content\/uploads\/2024\/02\/HVG.jpg 2500w, https:\/\/biogasworld.com\/wp-content\/uploads\/2024\/02\/HVG-600x600.jpg 600w, https:\/\/biogasworld.com\/wp-content\/uploads\/2024\/02\/HVG-100x100.jpg 100w, https:\/\/biogasworld.com\/wp-content\/uploads\/2024\/02\/HVG-250x250.jpg 250w, https:\/\/biogasworld.com\/wp-content\/uploads\/2024\/02\/HVG-1025x1024.jpg 1025w, https:\/\/biogasworld.com\/wp-content\/uploads\/2024\/02\/HVG-200x200.jpg 200w, https:\/\/biogasworld.com\/wp-content\/uploads\/2024\/02\/HVG-1536x1536.jpg 1536w, https:\/\/biogasworld.com\/wp-content\/uploads\/2024\/02\/HVG-2048x2046.jpg 2048w, https:\/\/biogasworld.com\/wp-content\/uploads\/2024\/02\/HVG-80x80.jpg 80w\" sizes=\"auto, (max-width: 2500px) 100vw, 2500px\" \/><\/p>\n","protected":false},"excerpt":{"rendered":"Les stations de compression et de traitement des gaz de la s\u00e9rie HVG sont con\u00e7ues dans un skid facile \u00e0 manier compos\u00e9 d\u2019un bloc de vis \u00e0 gaz rotatif inject\u00e9 d\u2019huile, directement coupl\u00e9 \u00e0 un moteur \u00e9lectrique via un couplage flexible ou magn\u00e9tique command\u00e9 par un onduleur.","protected":false},"featured_media":43199,"template":"","meta":{"_acf_changed":false,"content-type":""},"product_brand":[],"product_cat":[79,523],"product_tag":[],"class_list":{"0":"post-41981","1":"product","2":"type-product","3":"status-publish","4":"has-post-thumbnail","6":"product_cat-valorisation-du-biogaz","7":"product_cat-compresseurs-biogaz","9":"first","10":"instock","11":"taxable","12":"shipping-taxable","13":"product-type-simple"},"acf":[],"_links":{"self":[{"href":"https:\/\/biogasworld.com\/fr\/wp-json\/wp\/v2\/product\/41981","targetHints":{"allow":["GET"]}}],"collection":[{"href":"https:\/\/biogasworld.com\/fr\/wp-json\/wp\/v2\/product"}],"about":[{"href":"https:\/\/biogasworld.com\/fr\/wp-json\/wp\/v2\/types\/product"}],"wp:featuredmedia":[{"embeddable":true,"href":"https:\/\/biogasworld.com\/fr\/wp-json\/wp\/v2\/media\/43199"}],"wp:attachment":[{"href":"https:\/\/biogasworld.com\/fr\/wp-json\/wp\/v2\/media?parent=41981"}],"wp:term":[{"taxonomy":"product_brand","embeddable":true,"href":"https:\/\/biogasworld.com\/fr\/wp-json\/wp\/v2\/product_brand?post=41981"},{"taxonomy":"product_cat","embeddable":true,"href":"https:\/\/biogasworld.com\/fr\/wp-json\/wp\/v2\/product_cat?post=41981"},{"taxonomy":"product_tag","embeddable":true,"href":"https:\/\/biogasworld.com\/fr\/wp-json\/wp\/v2\/product_tag?post=41981"}],"curies":[{"name":"wp","href":"https:\/\/api.w.org\/{rel}","templated":true}]}}