{"id":42006,"date":"2024-02-26T17:53:52","date_gmt":"2024-02-26T22:53:52","guid":{"rendered":"https:\/\/www.biogasworld.com\/product\/uncategorized\/planet-biogas-rng-upgraders\/"},"modified":"2025-06-03T10:02:04","modified_gmt":"2025-06-03T14:02:04","slug":"planet-biogas-rng-upgraders","status":"publish","type":"product","link":"https:\/\/biogasworld.com\/fr\/product\/valorisation-du-biogaz\/raffinage\/planet-biogas-rng-upgraders\/","title":{"rendered":"PlanET Biogas &#8211; Valorisation du GNR"},"content":{"rendered":"","protected":false},"excerpt":{"rendered":"PlanET STATERON M-Series et P-Series Upgrader Technology am\u00e9liorent le biogaz en GNR. Nous proposons deux types de technologies nous permettant de cr\u00e9er une solution cl\u00e9 en main pour chacune des exigences uniques de nos clients, assurant une efficacit\u00e9 et une disponibilit\u00e9 op\u00e9rationnelles optimales. Les avantages comprennent le rendement et la r\u00e9cup\u00e9ration de m\u00e9thane de pointe de l\u2019industrie, des composants d\u2019usine de haute qualit\u00e9 s\u00e9lectionn\u00e9s, la meilleure efficacit\u00e9 \u00e9nerg\u00e9tique de sa cat\u00e9gorie pour un OPEX inf\u00e9rieur et un syst\u00e8me enti\u00e8rement automatis\u00e9 facile \u00e0 utiliser. PlanET STATERON M-Series est un syst\u00e8me de membrane \u00e0 3 \u00e9tages qui utilise le principe de perm\u00e9abilit\u00e9 s\u00e9lective \u00e0 travers la surface de la membrane. PlanET STATERON P-Series utilise la technologie PSA (Pressure Swing Adsorption), un proc\u00e9d\u00e9 largement utilis\u00e9 dans l\u2019industrie du gaz. Avec plus de 10 syst\u00e8mes de valorisation du GNR PlanET en exploitation en Am\u00e9rique du Nord, nous offrons maintenant des syst\u00e8mes de digesteur et de GNR pour vos divers projets de mati\u00e8res premi\u00e8res et de biogaz.","protected":false},"featured_media":42005,"template":"","meta":{"_acf_changed":false,"content-type":""},"product_brand":[],"product_cat":[79,97],"product_tag":[],"class_list":{"0":"post-42006","1":"product","2":"type-product","3":"status-publish","4":"has-post-thumbnail","6":"product_cat-valorisation-du-biogaz","7":"product_cat-raffinage","9":"first","10":"instock","11":"taxable","12":"shipping-taxable","13":"product-type-simple"},"acf":[],"_links":{"self":[{"href":"https:\/\/biogasworld.com\/fr\/wp-json\/wp\/v2\/product\/42006","targetHints":{"allow":["GET"]}}],"collection":[{"href":"https:\/\/biogasworld.com\/fr\/wp-json\/wp\/v2\/product"}],"about":[{"href":"https:\/\/biogasworld.com\/fr\/wp-json\/wp\/v2\/types\/product"}],"wp:featuredmedia":[{"embeddable":true,"href":"https:\/\/biogasworld.com\/fr\/wp-json\/wp\/v2\/media\/42005"}],"wp:attachment":[{"href":"https:\/\/biogasworld.com\/fr\/wp-json\/wp\/v2\/media?parent=42006"}],"wp:term":[{"taxonomy":"product_brand","embeddable":true,"href":"https:\/\/biogasworld.com\/fr\/wp-json\/wp\/v2\/product_brand?post=42006"},{"taxonomy":"product_cat","embeddable":true,"href":"https:\/\/biogasworld.com\/fr\/wp-json\/wp\/v2\/product_cat?post=42006"},{"taxonomy":"product_tag","embeddable":true,"href":"https:\/\/biogasworld.com\/fr\/wp-json\/wp\/v2\/product_tag?post=42006"}],"curies":[{"name":"wp","href":"https:\/\/api.w.org\/{rel}","templated":true}]}}