{"id":42010,"date":"2024-02-26T18:01:07","date_gmt":"2024-02-26T23:01:07","guid":{"rendered":"https:\/\/www.biogasworld.com\/product\/uncategorized\/planet-biogas-biological-services\/"},"modified":"2025-06-03T10:02:11","modified_gmt":"2025-06-03T14:02:11","slug":"planet-biogas-biological-services","status":"publish","type":"product","link":"https:\/\/biogasworld.com\/fr\/product\/services-de-laboratoire\/planet-biogas-biological-services\/","title":{"rendered":"PlanET Biogas &#8211; Services biologiques"},"content":{"rendered":"","protected":false},"excerpt":{"rendered":"Les services biologiques de PlanET fournissent des informations exploitables sur le digesteur lorsque vous en avez besoin. Le service de laboratoire biologique et de consultation de la soci\u00e9t\u00e9 est con\u00e7u pour un d\u00e9lai d\u2019ex\u00e9cution rapide et des r\u00e9sultats de haute pr\u00e9cision, fournissant les informations dont vous avez besoin pour effectuer des ajustements en temps opportun pour une production de biogaz optimale et une confiance op\u00e9rationnelle. Les param\u00e8tres d\u2019essai comprennent les solides totaux, les solides volatils, le COT\/TAC (bilan d\u2019acide volatil et de carbone inorganique), l\u2019ammoniac, le pH, la conductivit\u00e9 et les essais p\u00e9riodiques des \u00e9l\u00e9ments traces et des profils VFA. Les services de PlanET sont con\u00e7us pour une surveillance continue et opportune et des conseils op\u00e9rationnels efficaces.","protected":false},"featured_media":42009,"template":"","meta":{"_acf_changed":false,"content-type":""},"product_brand":[],"product_cat":[409],"product_tag":[],"class_list":{"0":"post-42010","1":"product","2":"type-product","3":"status-publish","4":"has-post-thumbnail","6":"product_cat-services-de-laboratoire","8":"first","9":"instock","10":"taxable","11":"shipping-taxable","12":"product-type-simple"},"acf":[],"_links":{"self":[{"href":"https:\/\/biogasworld.com\/fr\/wp-json\/wp\/v2\/product\/42010","targetHints":{"allow":["GET"]}}],"collection":[{"href":"https:\/\/biogasworld.com\/fr\/wp-json\/wp\/v2\/product"}],"about":[{"href":"https:\/\/biogasworld.com\/fr\/wp-json\/wp\/v2\/types\/product"}],"wp:featuredmedia":[{"embeddable":true,"href":"https:\/\/biogasworld.com\/fr\/wp-json\/wp\/v2\/media\/42009"}],"wp:attachment":[{"href":"https:\/\/biogasworld.com\/fr\/wp-json\/wp\/v2\/media?parent=42010"}],"wp:term":[{"taxonomy":"product_brand","embeddable":true,"href":"https:\/\/biogasworld.com\/fr\/wp-json\/wp\/v2\/product_brand?post=42010"},{"taxonomy":"product_cat","embeddable":true,"href":"https:\/\/biogasworld.com\/fr\/wp-json\/wp\/v2\/product_cat?post=42010"},{"taxonomy":"product_tag","embeddable":true,"href":"https:\/\/biogasworld.com\/fr\/wp-json\/wp\/v2\/product_tag?post=42010"}],"curies":[{"name":"wp","href":"https:\/\/api.w.org\/{rel}","templated":true}]}}