{"id":42037,"date":"2024-03-04T14:54:27","date_gmt":"2024-03-04T19:54:27","guid":{"rendered":"https:\/\/www.biogasworld.com\/product\/uncategorized\/smicon-food-depackaging-food-waste-recycling\/"},"modified":"2024-12-05T10:04:00","modified_gmt":"2024-12-05T15:04:00","slug":"smicon-food-depackaging-food-waste-recycling","status":"publish","type":"product","link":"https:\/\/biogasworld.com\/fr\/product\/reception-et-conditionnement\/triage-et-conditionnement\/smicon-food-depackaging-food-waste-recycling\/","title":{"rendered":"Smicon Food Depackaging &#8211; Recyclage des d\u00e9chets alimentaires"},"content":{"rendered":"<h2 style=\"text-align: justify;\"><span style=\"color: #000daa;\">Mati\u00e8res organiques s\u00e9par\u00e9es \u00e0 la source<\/span><\/h2>\n<h3 id=\"u60321-2\" style=\"text-align: justify;\"><span style=\"color: #000daa;\">Filtrer les d\u00e9chets alimentaires des emballages pour fabriquer des mati\u00e8res organiques compostables<\/span><\/h3>\n<p>Machines de d\u00e9ballage pour s\u00e9parer le contenu organique de son emballage dans le traitement des d\u00e9chets alimentaires organiques.<\/p>\n<p>La ligne cl\u00e9 en main compl\u00e8te de l\u2019\u00e9quipement de traitement des d\u00e9chets alimentaires Smicon peut alimenter en vrac, pr\u00e9trire, d\u00e9panner et purifier les boues de d\u00e9chets alimentaires et presser l\u2019emballage restant pour une perte minimale de mati\u00e8res organiques dans le flux de d\u00e9chets. Les camions de collecte des d\u00e9chets alimentaires peuvent sauvegarder et d\u00e9verser directement dans les bunkers d\u2019alimentation de m\u00e9lange creus\u00e9s pouvant contenir jusqu\u2019\u00e0 50 m\u00e8tres cubes de d\u00e9chets post-industriels, de supermarch\u00e9 ou de restaurant, ou tout type de mati\u00e8res organiques s\u00e9par\u00e9es \u00e0 la source.<\/p>\n<p><strong>Types de d\u00e9chets alimentaires accept\u00e9s par Smicon :<\/strong><\/p>\n<ul>\n<li>Cartons et canettes de boissons ;<\/li>\n<li>Aliments en conserve ;<\/li>\n<li>D\u00e9chets de supermarch\u00e9 m\u00e9lang\u00e9s ;<\/li>\n<li>Produits emball\u00e9s ;<\/li>\n<li>D\u00e9chets de restaurant ;<\/li>\n<li>Produits en vrac.<\/li>\n<\/ul>\n<p>Les machines de d\u00e9ballage robustes sp\u00e9cialis\u00e9es acceptent des mat\u00e9riaux allant des aliments congel\u00e9s, des aliments en conserve, des viandes et du poisson emball\u00e9s sous vide, le pain, les croustilles, les collations, les barres, les bonbons et les produits de boulangerie. Le processus de d\u00e9pannage doux vise \u00e0 garder l\u2019emballage intact pour produire des d\u00e9chets alimentaires propres avec une quantit\u00e9 limit\u00e9e de contamination.<\/p>\n<p>De longs tamis rotatifs avec des trous de criblage sur toute la circonf\u00e9rence et diff\u00e9rentes tailles de tamis permettent une vari\u00e9t\u00e9 de flux de sortie sans avoir besoin d\u2019ajouter de l\u2019eau. Les aliments emball\u00e9s entrent dans la machine, et deux flux en ressortent\u00a0: des mati\u00e8res organiques propres, exemptes de d\u00e9chets d\u2019emballage, et des emballages vides et recyclables, exempts de mati\u00e8res organiques.<\/p>\n<p>L\u2019exp\u00e9rience de Smicon dans une vari\u00e9t\u00e9 d\u2019industries, combin\u00e9e \u00e0 une excellente finition en acier inoxydable complet, assure un long cycle de vie fiable pour traiter les mati\u00e8res premi\u00e8res les plus difficiles.<\/p>\n<p>&nbsp;<\/p>\n<p><img loading=\"lazy\" decoding=\"async\" width=\"2560\" height=\"1707\" class=\"aligncenter size-full wp-image-43045\" src=\"https:\/\/biogasworld.com\/wp-content\/uploads\/2024\/03\/SMIMO120_Infeed-connection_1-scaled.jpg\" alt=\"\" srcset=\"https:\/\/biogasworld.com\/wp-content\/uploads\/2024\/03\/SMIMO120_Infeed-connection_1-scaled.jpg 2560w, https:\/\/biogasworld.com\/wp-content\/uploads\/2024\/03\/SMIMO120_Infeed-connection_1-250x167.jpg 250w, https:\/\/biogasworld.com\/wp-content\/uploads\/2024\/03\/SMIMO120_Infeed-connection_1-1536x1024.jpg 1536w, https:\/\/biogasworld.com\/wp-content\/uploads\/2024\/03\/SMIMO120_Infeed-connection_1-2048x1365.jpg 2048w\" sizes=\"auto, (max-width: 2560px) 100vw, 2560px\" \/><\/p>\n<p>&nbsp;<\/p>\n<p>Smicon a d\u00e9velopp\u00e9 un ensemble de d\u00e9marrage par \u00e9tapes qui vous permet de commencer avec des composants de base et de cro\u00eetre avec votre entreprise pour devenir une puissance de transformation alimentaire compl\u00e8te \u00e0 mesure que votre entreprise se d\u00e9veloppe. Pour les services de collecte de nourriture de style conciergerie, nous pouvons fournir des bennes de collecte automatis\u00e9es, des lignes de lavage de panier et un syst\u00e8me de retour dans les fourgonnettes et les plates-formes sortantes.<\/p>\n<p>&nbsp;<\/p>\n<h3 id=\"u60321-2\" style=\"text-align: justify;\"><span style=\"color: #000daa;\">Caract\u00e9ristiques de SMIMO 120 et SMIMO 160<\/span><\/h3>\n<ul>\n<li>Section d\u2019entr\u00e9e robuste et grande<\/li>\n<li>Plus grande surface d\u2019\u00e9cran dans les sections de tambour (voir photo ci-dessus) pour maximiser la capacit\u00e9 de d\u00e9bit.<\/li>\n<li>Les \u00e9crans peuvent \u00eatre personnalis\u00e9s par section avec diff\u00e9rentes tailles en fonction des exigences de qualit\u00e9 du produit, de la capacit\u00e9 et de la s\u00e9paration.<\/li>\n<li>Possibilit\u00e9 de nettoyer le tambour de l\u2019ext\u00e9rieur (buses de pulv\u00e9risation). L\u2019arbre peut \u00eatre tourn\u00e9 manuellement pendant l\u2019entretien et les inspections.<\/li>\n<\/ul>\n<p>Cliquez pour consulter les fiches techniques de <a href=\"https:\/\/vdrs.com\/wp-content\/uploads\/2019\/03\/SMIMO120_Datasheet.pdf\" target=\"_blank\" rel=\"noreferrer noopener\">SMIMO 120<\/a> et <a href=\"https:\/\/vdrs.com\/wp-content\/uploads\/2019\/03\/SMIMO160_Datasheet.pdf\" target=\"_blank\" rel=\"noreferrer noopener\">SMIMO 160<\/a>.<\/p>\n<p>&nbsp;<\/p>\n<p><img decoding=\"async\" class=\"aligncenter\" src=\"https:\/\/vdrs.com\/wp-content\/uploads\/2019\/03\/SMIMO_screen.jpg\" \/><\/p>\n<p>&nbsp;<\/p>\n<h3 id=\"u60321-2\" style=\"text-align: justify;\"><span style=\"color: #000daa;\">Avantages par rapport aux autres marques<\/span><\/h3>\n<ul>\n<li>Capacit\u00e9 sup\u00e9rieure<\/li>\n<li>Options de d\u00e9pistage plus personnalisables par section.<\/li>\n<li>Aucune eau n\u2019est n\u00e9cessaire pour la s\u00e9paration<\/li>\n<li>Nettoyage et entretien plus faciles.<\/li>\n<li>Construction robuste pour \u00e9viter les pannes inutiles<\/li>\n<\/ul>\n<p>&nbsp;<\/p>\n<h3 id=\"u60321-2\" style=\"text-align: justify;\"><span style=\"color: #000daa;\">Applications relatives aux d\u00e9chets alimentaires<\/span><\/h3>\n<ul>\n<li>Pr\u00e9-consommation, d\u00e9chets alimentaires emball\u00e9s sous toutes les formes (sauf les contenants en verre)<\/li>\n<li>Les mati\u00e8res organiques de source mixte (SSO) post-consommation provenant de restaurants, d\u2019\u00e9piceries, d\u2019installations sportives, d\u2019\u00e9coles, etc.<\/li>\n<\/ul>\n<p>Pour plus d&rsquo;informations, <a href=\"https:\/\/vdrs.com\/smicon-food-depackaging-food-waste-recycling\/\" target=\"_blank\" rel=\"noopener noreferrer\">veuillez visiter notre site web<\/a>.<\/p>\n<p>&nbsp;<\/p>\n<p><span class=\"xhEtyl4SH0P5iacoRJ2zNAsmUfXMnLpCdD1YbvOQVW7kZj6uIq9B\"><iframe loading=\"lazy\" title=\"Bulk Food Waste Depacking with Van Dyk\" width=\"1480\" height=\"833\" src=\"https:\/\/www.youtube.com\/embed\/pXQbA2gfSk4?feature=oembed\" frameborder=\"0\" allow=\"accelerometer; autoplay; clipboard-write; encrypted-media; gyroscope; picture-in-picture; web-share\" referrerpolicy=\"strict-origin-when-cross-origin\" allowfullscreen><\/iframe><\/span><\/p>\n","protected":false},"excerpt":{"rendered":"Le SMIMO 120 a \u00e9t\u00e9 d\u00e9velopp\u00e9 pour s\u00e9parer de grandes quantit\u00e9s de denr\u00e9es alimentaires de son emballage avec la partie organique \u00e9tant coup\u00e9e \/ moulue. La machine s\u00e9pare le contenu organique d\u2019un c\u00f4t\u00e9 de la machine du reste de l\u2019emballage.","protected":false},"featured_media":43047,"template":"","meta":{"_acf_changed":false,"content-type":""},"product_brand":[],"product_cat":[116,123],"product_tag":[],"class_list":{"0":"post-42037","1":"product","2":"type-product","3":"status-publish","4":"has-post-thumbnail","6":"product_cat-reception-et-conditionnement","7":"product_cat-triage-et-conditionnement","9":"first","10":"instock","11":"taxable","12":"shipping-taxable","13":"product-type-simple"},"acf":[],"_links":{"self":[{"href":"https:\/\/biogasworld.com\/fr\/wp-json\/wp\/v2\/product\/42037","targetHints":{"allow":["GET"]}}],"collection":[{"href":"https:\/\/biogasworld.com\/fr\/wp-json\/wp\/v2\/product"}],"about":[{"href":"https:\/\/biogasworld.com\/fr\/wp-json\/wp\/v2\/types\/product"}],"wp:featuredmedia":[{"embeddable":true,"href":"https:\/\/biogasworld.com\/fr\/wp-json\/wp\/v2\/media\/43047"}],"wp:attachment":[{"href":"https:\/\/biogasworld.com\/fr\/wp-json\/wp\/v2\/media?parent=42037"}],"wp:term":[{"taxonomy":"product_brand","embeddable":true,"href":"https:\/\/biogasworld.com\/fr\/wp-json\/wp\/v2\/product_brand?post=42037"},{"taxonomy":"product_cat","embeddable":true,"href":"https:\/\/biogasworld.com\/fr\/wp-json\/wp\/v2\/product_cat?post=42037"},{"taxonomy":"product_tag","embeddable":true,"href":"https:\/\/biogasworld.com\/fr\/wp-json\/wp\/v2\/product_tag?post=42037"}],"curies":[{"name":"wp","href":"https:\/\/api.w.org\/{rel}","templated":true}]}}