{"id":42094,"date":"2024-03-15T13:27:43","date_gmt":"2024-03-15T17:27:43","guid":{"rendered":"https:\/\/www.biogasworld.com\/product\/uncategorized\/btp2-biogas-test-plant-with-reactor-volumes-of-400-litres-and-1000-litres\/"},"modified":"2024-08-14T11:26:07","modified_gmt":"2024-08-14T15:26:07","slug":"btp2-centrale-dessai-de-biogaz-avec-des-volumes-de-reacteur-de-400-litres-et-1000-litres","status":"publish","type":"product","link":"https:\/\/biogasworld.com\/fr\/product\/anaerobic-digestion\/process-pilot\/lab-scale-digester\/btp2-centrale-dessai-de-biogaz-avec-des-volumes-de-reacteur-de-400-litres-et-1000-litres\/","title":{"rendered":"BTP2 &#8211; Centrale d\u2019essai de biogaz avec des volumes de r\u00e9acteur de 400 litres et 1000 litres"},"content":{"rendered":"<h2><span style=\"color: #000daa;\">BTP2 &#8211; Centrale d\u2019essai de biogaz avec des volumes de r\u00e9acteur de 400 litres et 1000 litres<br \/>\n<\/span><\/h2>\n<p>Les r\u00e9acteurs BTP2 de 400 et 1000 litres de l\u2019usine d\u2019essai de biogaz sont utilis\u00e9s pour des essais pilotes. Les r\u00e9acteurs sont en acier inoxydable avec des tapis chauffants en silicone. Les syst\u00e8mes sont \u00e9quip\u00e9s d\u2019une vaste technologie de mesure en ligne (quantit\u00e9 de gaz; pH; temp\u00e9rature).<\/p>\n<p>Des agitateurs industriels avec convertisseur de fr\u00e9quence en option sont install\u00e9s. Le syst\u00e8me de contr\u00f4le de chauffage T-control est utilis\u00e9 et permet de r\u00e9gler automatiquement la temp\u00e9rature cible dans le r\u00e9acteur avec une grande pr\u00e9cision.<\/p>\n<p>Le syst\u00e8me d\u2019acquisition et de contr\u00f4le de donn\u00e9es SENSOcontrol permet de connecter les modules de pompe UIT et permet ainsi par exemple de contr\u00f4ler le pH dans le r\u00e9acteur. Il est possible d\u2019agrandir les r\u00e9acteurs avec des analyseurs de gaz.<\/p>\n<p>Pour plus d&rsquo;informations ainsi que nos prix, visitez <a href=\"https:\/\/www.uit-gmbh.de\/en\/products\/biogas-test-and-bioreactor-plants\" target=\"_blank\" rel=\"noopener noreferrer\">notre site web<\/a>.<\/p>\n<p>&nbsp;<\/p>\n<p><img loading=\"lazy\" decoding=\"async\" class=\"aligncenter wp-image-42235 size-full\" src=\"https:\/\/biogasworld.com\/wp-content\/uploads\/2024\/03\/UIT_Produkte_BTP2_400l_1000l_2.jpg\" alt=\"\" width=\"2556\" height=\"1700\" srcset=\"https:\/\/biogasworld.com\/wp-content\/uploads\/2024\/03\/UIT_Produkte_BTP2_400l_1000l_2.jpg 2556w, https:\/\/biogasworld.com\/wp-content\/uploads\/2024\/03\/UIT_Produkte_BTP2_400l_1000l_2-250x166.jpg 250w, https:\/\/biogasworld.com\/wp-content\/uploads\/2024\/03\/UIT_Produkte_BTP2_400l_1000l_2-1540x1024.jpg 1540w, https:\/\/biogasworld.com\/wp-content\/uploads\/2024\/03\/UIT_Produkte_BTP2_400l_1000l_2-1536x1022.jpg 1536w, https:\/\/biogasworld.com\/wp-content\/uploads\/2024\/03\/UIT_Produkte_BTP2_400l_1000l_2-2048x1362.jpg 2048w\" sizes=\"auto, (max-width: 2556px) 100vw, 2556px\" \/><\/p>\n<p>&nbsp;<\/p>\n<p><img loading=\"lazy\" decoding=\"async\" width=\"1200\" height=\"1137\" class=\"aligncenter size-full wp-image-42090\" src=\"https:\/\/biogasworld.com\/wp-content\/uploads\/2024\/03\/UIT_Pilotanlagen_Pilot_Container_Bioreaktoranlagen_2.jpg\" alt=\"\" srcset=\"https:\/\/biogasworld.com\/wp-content\/uploads\/2024\/03\/UIT_Pilotanlagen_Pilot_Container_Bioreaktoranlagen_2.jpg 1200w, https:\/\/biogasworld.com\/wp-content\/uploads\/2024\/03\/UIT_Pilotanlagen_Pilot_Container_Bioreaktoranlagen_2-250x237.jpg 250w, https:\/\/biogasworld.com\/wp-content\/uploads\/2024\/03\/UIT_Pilotanlagen_Pilot_Container_Bioreaktoranlagen_2-1081x1024.jpg 1081w\" sizes=\"auto, (max-width: 1200px) 100vw, 1200px\" \/><\/p>\n<p><img loading=\"lazy\" decoding=\"async\" width=\"1200\" height=\"1200\" class=\"aligncenter size-full wp-image-42762\" src=\"https:\/\/biogasworld.com\/wp-content\/uploads\/2024\/03\/Social-Media-General-Content.png\" alt=\"\" srcset=\"https:\/\/biogasworld.com\/wp-content\/uploads\/2024\/03\/Social-Media-General-Content.png 1200w, https:\/\/biogasworld.com\/wp-content\/uploads\/2024\/03\/Social-Media-General-Content-600x600.png 600w, https:\/\/biogasworld.com\/wp-content\/uploads\/2024\/03\/Social-Media-General-Content-100x100.png 100w, https:\/\/biogasworld.com\/wp-content\/uploads\/2024\/03\/Social-Media-General-Content-250x250.png 250w, https:\/\/biogasworld.com\/wp-content\/uploads\/2024\/03\/Social-Media-General-Content-1024x1024.png 1024w, https:\/\/biogasworld.com\/wp-content\/uploads\/2024\/03\/Social-Media-General-Content-200x200.png 200w, https:\/\/biogasworld.com\/wp-content\/uploads\/2024\/03\/Social-Media-General-Content-80x80.png 80w\" sizes=\"auto, (max-width: 1200px) 100vw, 1200px\" \/><\/p>\n","protected":false},"excerpt":{"rendered":"Les r\u00e9acteurs BTP2 de 400 et 1000 litres de l\u2019usine d\u2019essai de biogaz sont utilis\u00e9s pour des essais pilotes.","protected":false},"featured_media":42750,"template":"","meta":{"_acf_changed":false,"content-type":""},"product_brand":[],"product_cat":[145,77,140,119,139,156,155],"product_tag":[],"class_list":{"0":"post-42094","1":"product","2":"type-product","3":"status-publish","4":"has-post-thumbnail","6":"product_cat-anaerobic-digestion","7":"product_cat-biomethanisation","8":"product_cat-digesteurs-petite-echelle","9":"product_cat-instruments-et-controle","10":"product_cat-digesteur-echelle-laboratoire","11":"product_cat-lab-scale-digester","12":"product_cat-small-scale-digester-en","14":"first","15":"instock","16":"taxable","17":"shipping-taxable","18":"product-type-simple"},"acf":[],"_links":{"self":[{"href":"https:\/\/biogasworld.com\/fr\/wp-json\/wp\/v2\/product\/42094","targetHints":{"allow":["GET"]}}],"collection":[{"href":"https:\/\/biogasworld.com\/fr\/wp-json\/wp\/v2\/product"}],"about":[{"href":"https:\/\/biogasworld.com\/fr\/wp-json\/wp\/v2\/types\/product"}],"wp:featuredmedia":[{"embeddable":true,"href":"https:\/\/biogasworld.com\/fr\/wp-json\/wp\/v2\/media\/42750"}],"wp:attachment":[{"href":"https:\/\/biogasworld.com\/fr\/wp-json\/wp\/v2\/media?parent=42094"}],"wp:term":[{"taxonomy":"product_brand","embeddable":true,"href":"https:\/\/biogasworld.com\/fr\/wp-json\/wp\/v2\/product_brand?post=42094"},{"taxonomy":"product_cat","embeddable":true,"href":"https:\/\/biogasworld.com\/fr\/wp-json\/wp\/v2\/product_cat?post=42094"},{"taxonomy":"product_tag","embeddable":true,"href":"https:\/\/biogasworld.com\/fr\/wp-json\/wp\/v2\/product_tag?post=42094"}],"curies":[{"name":"wp","href":"https:\/\/api.w.org\/{rel}","templated":true}]}}