{"id":42497,"date":"2024-06-14T11:46:50","date_gmt":"2024-06-14T15:46:50","guid":{"rendered":"https:\/\/www.biogasworld.com\/product\/uncategorized\/cso-biogas-desulphurisation\/"},"modified":"2024-06-17T18:21:53","modified_gmt":"2024-06-17T22:21:53","slug":"cso-biogas-desulphurisation","status":"publish","type":"product","link":"https:\/\/biogasworld.com\/fr\/product\/biogas-management\/gas-pretreatment\/cso-biogas-desulphurisation\/","title":{"rendered":"CSO &#8211; D\u00e9sulfuration du biogaz"},"content":{"rendered":"","protected":false},"excerpt":{"rendered":"CSO fournit une gamme de syst\u00e8mes de d\u00e9sulfuration pour \u00e9liminer le sulfure d\u2019hydrog\u00e8ne du biogaz. Le syst\u00e8me G2G est con\u00e7u sp\u00e9cifiquement pour les applications de gaz \u00e0 grille o\u00f9 les niveaux d\u2019oxyg\u00e8ne doivent \u00eatre restreints, le syst\u00e8me n\u2019utilise aucun produit chimique et ne n\u00e9cessite qu\u2019une alimentation en eau pour le nettoyage. Le syst\u00e8me BIOC est con\u00e7u pour les applications de cog\u00e9n\u00e9ration o\u00f9 les niveaux d\u2019oxyg\u00e8ne ne sont pas pris en compte et o\u00f9 l\u2019eau de traitement est disponible. CSO propose \u00e9galement des syst\u00e8mes de dosage de produits chimiques secs et ferriques pour les applications \u00e0 faible d\u00e9bit\/charge.","protected":false},"featured_media":42496,"template":"","meta":{"_acf_changed":false,"content-type":""},"product_brand":[],"product_cat":[211,99,97],"product_tag":[],"class_list":{"0":"post-42497","1":"product","2":"type-product","3":"status-publish","4":"has-post-thumbnail","6":"product_cat-gas-pretreatment","7":"product_cat-pre-traitement","8":"product_cat-raffinage","10":"first","11":"instock","12":"taxable","13":"shipping-taxable","14":"product-type-simple"},"acf":[],"_links":{"self":[{"href":"https:\/\/biogasworld.com\/fr\/wp-json\/wp\/v2\/product\/42497","targetHints":{"allow":["GET"]}}],"collection":[{"href":"https:\/\/biogasworld.com\/fr\/wp-json\/wp\/v2\/product"}],"about":[{"href":"https:\/\/biogasworld.com\/fr\/wp-json\/wp\/v2\/types\/product"}],"wp:featuredmedia":[{"embeddable":true,"href":"https:\/\/biogasworld.com\/fr\/wp-json\/wp\/v2\/media\/42496"}],"wp:attachment":[{"href":"https:\/\/biogasworld.com\/fr\/wp-json\/wp\/v2\/media?parent=42497"}],"wp:term":[{"taxonomy":"product_brand","embeddable":true,"href":"https:\/\/biogasworld.com\/fr\/wp-json\/wp\/v2\/product_brand?post=42497"},{"taxonomy":"product_cat","embeddable":true,"href":"https:\/\/biogasworld.com\/fr\/wp-json\/wp\/v2\/product_cat?post=42497"},{"taxonomy":"product_tag","embeddable":true,"href":"https:\/\/biogasworld.com\/fr\/wp-json\/wp\/v2\/product_tag?post=42497"}],"curies":[{"name":"wp","href":"https:\/\/api.w.org\/{rel}","templated":true}]}}