{"id":42555,"date":"2024-06-26T13:05:04","date_gmt":"2024-06-26T17:05:04","guid":{"rendered":"https:\/\/www.biogasworld.com\/product\/uncategorized\/close-coupled-pumps\/"},"modified":"2024-06-26T22:40:19","modified_gmt":"2024-06-27T02:40:19","slug":"close-coupled-pumps","status":"publish","type":"product","link":"https:\/\/biogasworld.com\/fr\/product\/wastewater-treatment\/pumps\/close-coupled-pumps\/","title":{"rendered":"Pompes monobloc BP"},"content":{"rendered":"<h2><span style=\"color: #000daa;\">Pompes monobloc BP<\/span><\/h2>\n<p>La pompe monobloc BP d\u2019Eisele est une pompe centrifuge de construction en blocs. La pompe install\u00e9e \u00e0 sec, peut \u00eatre utilis\u00e9e \u00e0 la verticale ou \u00e0 l\u2019horizontale, elle est mont\u00e9e sur un ch\u00e2ssis stable et sert principalement au pompage des lisiers et r\u00e9sidus de fermentation. Son installation dans des zones o\u00f9 l\u2019espace est limit\u00e9 est donc \u00e9galement possible. La gamme comporte au total cinq mod\u00e8les \u00e9quip\u00e9s de moteurs triphas\u00e9s (classe de rendement IE3, en option IE4) de 11 kW \u00e0 30 kW. Ces mod\u00e8les pompent jusqu\u2019\u00e0 7200 L\/min et peuvent atteindre une hauteur de refoulement de 25,00 m.<\/p>\n<p><strong>Les avantages :<\/strong><\/p>\n<ul>\n<li>Construction en blocs \u00e9troite et compacte ;<\/li>\n<li>Haute performance ;<\/li>\n<li>Simplicit\u00e9 d\u2019entretien ;<\/li>\n<li>Temp\u00e9rature du substrat jusqu\u2019\u00e0 65 \u00b0C ;<\/li>\n<li>Vis h\u00e9lico\u00efdale avec ligne de rupture ;<\/li>\n<li>Rendement \u00e9lev\u00e9 ;<\/li>\n<li>Nombreux accessoires ;<\/li>\n<li>Facilit\u00e9 d\u2019installation.<\/li>\n<\/ul>\n<p><img loading=\"lazy\" decoding=\"async\" width=\"1200\" height=\"1327\" class=\"aligncenter size-full wp-image-42541\" src=\"https:\/\/biogasworld.com\/wp-content\/uploads\/2024\/06\/Blockpumpe_BP_stehend_0311_low.png\" alt=\"\" srcset=\"https:\/\/biogasworld.com\/wp-content\/uploads\/2024\/06\/Blockpumpe_BP_stehend_0311_low.png 1200w, https:\/\/biogasworld.com\/wp-content\/uploads\/2024\/06\/Blockpumpe_BP_stehend_0311_low-250x276.png 250w, https:\/\/biogasworld.com\/wp-content\/uploads\/2024\/06\/Blockpumpe_BP_stehend_0311_low-226x250.png 226w, https:\/\/biogasworld.com\/wp-content\/uploads\/2024\/06\/Blockpumpe_BP_stehend_0311_low-926x1024.png 926w\" sizes=\"auto, (max-width: 1200px) 100vw, 1200px\" \/><\/p>\n<p>&nbsp;<\/p>\n<h3><span style=\"color: #00d37d;\">BP<br \/>\n<\/span><\/h3>\n<p>La pompe monobloc d\u2019Eisele est une pompe centrifuge de construction en blocs. Elle doit \u00eatre install\u00e9e \u00e0 sec, \u00e0 l\u2019horizontale ou la verticale.<\/p>\n<p>En investissant dans des pompes monobloc Eisele, dot\u00e9es de la classe d\u2019efficacit\u00e9 \u00e9nerg\u00e9tique IE4 pour ses nouveaux entra\u00eenements, les utilisateurs allemands b\u00e9n\u00e9ficient de subventions publiques allou\u00e9es par l\u2019Office f\u00e9d\u00e9ral de l\u2019\u00e9conomie et du contr\u00f4le des exportations (BAFA pour Bundesamts f\u00fcr Wirtschaft und Ausfuhrkontrolle). Les pompes sont \u00e9ligibles \u00e0 une subvention totale de 40 % du montant investi selon les conditions du module 1 du BAFA.<\/p>\n<p><strong>Les caract\u00e9ristiques :<\/strong><\/p>\n<ul>\n<li>Performance : 11,0 kW to 30,0 kW \/ 5.100 l\/min to 7.200 l\/min ;<\/li>\n<li>Industries : Agriculture, Biogaz ;<\/li>\n<li>Domaine d\u2019application : R\u00e9servoir ouvert, r\u00e9servoir avec plafond en b\u00e9ton, r\u00e9servoir en acier, r\u00e9servoir avec toit en aluminium, lagune ferm\u00e9e, lagune ouverte, syst\u00e8me de slalom.<\/li>\n<\/ul>\n<p><img loading=\"lazy\" decoding=\"async\" width=\"1200\" height=\"849\" class=\"aligncenter size-full wp-image-42543\" src=\"https:\/\/biogasworld.com\/wp-content\/uploads\/2024\/06\/Blockpumpe_BP_mit-Grundrahmen_0300_low.png\" alt=\"\" srcset=\"https:\/\/biogasworld.com\/wp-content\/uploads\/2024\/06\/Blockpumpe_BP_mit-Grundrahmen_0300_low.png 1200w, https:\/\/biogasworld.com\/wp-content\/uploads\/2024\/06\/Blockpumpe_BP_mit-Grundrahmen_0300_low-250x177.png 250w\" sizes=\"auto, (max-width: 1200px) 100vw, 1200px\" \/><\/p>\n<p>&nbsp;<\/p>\n","protected":false},"excerpt":{"rendered":"La pompe \u00e0 couplage rapproch\u00e9 Eisele BP est une pompe centrifuge en bloc. Elle est install\u00e9e \u00e0 sec et en option verticalement ou horizontalement.","protected":false},"featured_media":42546,"template":"","meta":{"_acf_changed":false,"content-type":""},"product_brand":[],"product_cat":[520,512],"product_tag":[],"class_list":{"0":"post-42555","1":"product","2":"type-product","3":"status-publish","4":"has-post-thumbnail","6":"product_cat-pompes","7":"product_cat-pumps","9":"first","10":"instock","11":"taxable","12":"shipping-taxable","13":"product-type-simple"},"acf":[],"_links":{"self":[{"href":"https:\/\/biogasworld.com\/fr\/wp-json\/wp\/v2\/product\/42555","targetHints":{"allow":["GET"]}}],"collection":[{"href":"https:\/\/biogasworld.com\/fr\/wp-json\/wp\/v2\/product"}],"about":[{"href":"https:\/\/biogasworld.com\/fr\/wp-json\/wp\/v2\/types\/product"}],"wp:featuredmedia":[{"embeddable":true,"href":"https:\/\/biogasworld.com\/fr\/wp-json\/wp\/v2\/media\/42546"}],"wp:attachment":[{"href":"https:\/\/biogasworld.com\/fr\/wp-json\/wp\/v2\/media?parent=42555"}],"wp:term":[{"taxonomy":"product_brand","embeddable":true,"href":"https:\/\/biogasworld.com\/fr\/wp-json\/wp\/v2\/product_brand?post=42555"},{"taxonomy":"product_cat","embeddable":true,"href":"https:\/\/biogasworld.com\/fr\/wp-json\/wp\/v2\/product_cat?post=42555"},{"taxonomy":"product_tag","embeddable":true,"href":"https:\/\/biogasworld.com\/fr\/wp-json\/wp\/v2\/product_tag?post=42555"}],"curies":[{"name":"wp","href":"https:\/\/api.w.org\/{rel}","templated":true}]}}