{"id":42562,"date":"2024-07-02T11:21:09","date_gmt":"2024-07-02T15:21:09","guid":{"rendered":"https:\/\/www.biogasworld.com\/product\/uncategorized\/cso-pasteurisation-system-3vp\/"},"modified":"2024-07-02T11:23:40","modified_gmt":"2024-07-02T15:23:40","slug":"cso-pasteurisation-system-3vp","status":"publish","type":"product","link":"https:\/\/biogasworld.com\/fr\/product\/gestion-du-digestat\/pasteurisation\/cso-pasteurisation-system-3vp\/","title":{"rendered":"Syst\u00e8me de pasteurisation CSO 3VP"},"content":{"rendered":"","protected":false},"excerpt":{"rendered":"Le \u00ab\u00a03VP\u00a0\u00bb est un proc\u00e9d\u00e9 continu qui utilise trois r\u00e9cipients de pasteurisation utilisant un principe de cascade rotatif. Les boues dig\u00e9r\u00e9es passent par l\u2019\u00e9changeur de chaleur (HEX1) o\u00f9 elles sont pr\u00e9chauff\u00e9es \u00e0 l\u2019aide de la chaleur r\u00e9siduelle r\u00e9cup\u00e9r\u00e9e des boues pasteuris\u00e9es, r\u00e9cup\u00e9rer la chaleur, puis la placer dans la deuxi\u00e8me unit\u00e9 pour \u00e9lever la temp\u00e9rature \u00e0 un peu plus de 70 \u00b0C, puis dans l\u2019un des r\u00e9cipients o\u00f9 elle est maintenue \u00e0 70 \u00b0C pendant une heure avant d\u2019\u00eatre \u00e9vacu\u00e9e par le troisi\u00e8me \u00e9changeur de chaleur o\u00f9 l\u2019exc\u00e8s de chaleur est r\u00e9cup\u00e9r\u00e9. Le premier (HEX1) et le troisi\u00e8me (HEX3) sont reli\u00e9s par une boucle d\u2019eau permettant \u00e0 la chaleur r\u00e9cup\u00e9r\u00e9e de pr\u00e9chauffer les boues entrantes. Cette conception maximise l\u2019efficacit\u00e9 \u00e9nerg\u00e9tique. Le syst\u00e8me \u00e0 trois r\u00e9servoirs permet de maintenir un r\u00e9servoir, tandis que les deux autres sont soit remplis soit vid\u00e9s pour assurer un fonctionnement continu. L\u2019ensemble du syst\u00e8me est contr\u00f4l\u00e9 via le panneau de commande HMI-PLC qui assure une tra\u00e7abilit\u00e9 compl\u00e8te et la possibilit\u00e9 de production en lots.","protected":false},"featured_media":42561,"template":"","meta":{"_acf_changed":false,"content-type":""},"product_brand":[],"product_cat":[514,516,505,509],"product_tag":[],"class_list":{"0":"post-42562","1":"product","2":"type-product","3":"status-publish","4":"has-post-thumbnail","6":"product_cat-gestion-du-digestat","7":"product_cat-pasteurisation","8":"product_cat-digestate-management","9":"product_cat-pasteurization","11":"first","12":"instock","13":"taxable","14":"shipping-taxable","15":"product-type-simple"},"acf":[],"_links":{"self":[{"href":"https:\/\/biogasworld.com\/fr\/wp-json\/wp\/v2\/product\/42562","targetHints":{"allow":["GET"]}}],"collection":[{"href":"https:\/\/biogasworld.com\/fr\/wp-json\/wp\/v2\/product"}],"about":[{"href":"https:\/\/biogasworld.com\/fr\/wp-json\/wp\/v2\/types\/product"}],"wp:featuredmedia":[{"embeddable":true,"href":"https:\/\/biogasworld.com\/fr\/wp-json\/wp\/v2\/media\/42561"}],"wp:attachment":[{"href":"https:\/\/biogasworld.com\/fr\/wp-json\/wp\/v2\/media?parent=42562"}],"wp:term":[{"taxonomy":"product_brand","embeddable":true,"href":"https:\/\/biogasworld.com\/fr\/wp-json\/wp\/v2\/product_brand?post=42562"},{"taxonomy":"product_cat","embeddable":true,"href":"https:\/\/biogasworld.com\/fr\/wp-json\/wp\/v2\/product_cat?post=42562"},{"taxonomy":"product_tag","embeddable":true,"href":"https:\/\/biogasworld.com\/fr\/wp-json\/wp\/v2\/product_tag?post=42562"}],"curies":[{"name":"wp","href":"https:\/\/api.w.org\/{rel}","templated":true}]}}